{"id":2435,"date":"2024-09-16T09:32:18","date_gmt":"2024-09-16T09:32:18","guid":{"rendered":"https:\/\/zerust.invistic-dev.com\/produkt\/vci-wellark-solidark\/"},"modified":"2024-09-16T09:32:18","modified_gmt":"2024-09-16T09:32:18","slug":"vci-wellark-solidark","status":"publish","type":"product","link":"https:\/\/zerust.se\/no\/produkt\/vci-wellark-solidark\/","title":{"rendered":"VCI Wellark  Solidark"},"content":{"rendered":"<p>Zerust VCI mellomlegg i b\u00f8lgepapp og solid kan produseres i forskjellige st\u00f8rrelser etter dine \u00f8nsker.<\/p>\n","protected":false},"excerpt":{"rendered":"<p>Zerust VCI mellomlegg i b\u00f8lgepapp og solid kan produseres i forskjellige st\u00f8rrelser etter dine \u00f8nsker.<\/p>\n","protected":false},"featured_media":2430,"comment_status":"closed","ping_status":"closed","template":"","meta":{"_acf_changed":false},"product_brand":[],"product_cat":[61],"product_tag":[],"class_list":{"0":"post-2435","1":"product","2":"type-product","3":"status-publish","4":"has-post-thumbnail","6":"product_cat-vci-papir-og-innlegg","8":"first","9":"instock","10":"shipping-taxable","11":"product-type-simple"},"acf":[],"gallery_images":[2431],"yoast_head":"<!-- This site is optimized with the Yoast SEO plugin v27.5 - https:\/\/yoast.com\/product\/yoast-seo-wordpress\/ -->\n<title>VCI Wellark Solidark - Zerust<\/title>\n<meta name=\"robots\" content=\"index, follow, max-snippet:-1, max-image-preview:large, max-video-preview:-1\" \/>\n<link rel=\"canonical\" href=\"https:\/\/zerust.se\/no\/produkt\/vci-wellark-solidark\/\" \/>\n<meta property=\"og:locale\" content=\"nb_NO\" \/>\n<meta property=\"og:type\" content=\"article\" \/>\n<meta property=\"og:title\" content=\"VCI Wellark Solidark - Zerust\" \/>\n<meta property=\"og:description\" content=\"Zerust VCI mellomlegg i b\u00f8lgepapp og solid kan produseres i forskjellige st\u00f8rrelser etter dine \u00f8nsker.\" \/>\n<meta property=\"og:url\" content=\"https:\/\/zerust.se\/no\/produkt\/vci-wellark-solidark\/\" \/>\n<meta property=\"og:site_name\" content=\"Zerust\" \/>\n<meta property=\"og:image\" content=\"https:\/\/zerust.se\/wp-content\/uploads\/2024\/09\/Wellark-VCI-scaled.jpg\" \/>\n\t<meta property=\"og:image:width\" content=\"2560\" \/>\n\t<meta property=\"og:image:height\" content=\"2560\" \/>\n\t<meta property=\"og:image:type\" content=\"image\/jpeg\" \/>\n<meta name=\"twitter:card\" content=\"summary_large_image\" \/>\n<script type=\"application\/ld+json\" class=\"yoast-schema-graph\">{\"@context\":\"https:\\\/\\\/schema.org\",\"@graph\":[{\"@type\":\"WebPage\",\"@id\":\"https:\\\/\\\/zerust.se\\\/no\\\/produkt\\\/vci-wellark-solidark\\\/\",\"url\":\"https:\\\/\\\/zerust.se\\\/no\\\/produkt\\\/vci-wellark-solidark\\\/\",\"name\":\"VCI Wellark Solidark - Zerust\",\"isPartOf\":{\"@id\":\"https:\\\/\\\/zerust.se\\\/no\\\/#website\"},\"primaryImageOfPage\":{\"@id\":\"https:\\\/\\\/zerust.se\\\/no\\\/produkt\\\/vci-wellark-solidark\\\/#primaryimage\"},\"image\":{\"@id\":\"https:\\\/\\\/zerust.se\\\/no\\\/produkt\\\/vci-wellark-solidark\\\/#primaryimage\"},\"thumbnailUrl\":\"https:\\\/\\\/zerust.se\\\/wp-content\\\/uploads\\\/2024\\\/09\\\/Wellark-VCI-scaled.jpg\",\"datePublished\":\"2024-09-16T09:32:18+00:00\",\"breadcrumb\":{\"@id\":\"https:\\\/\\\/zerust.se\\\/no\\\/produkt\\\/vci-wellark-solidark\\\/#breadcrumb\"},\"inLanguage\":\"nb-NO\",\"potentialAction\":[{\"@type\":\"ReadAction\",\"target\":[\"https:\\\/\\\/zerust.se\\\/no\\\/produkt\\\/vci-wellark-solidark\\\/\"]}]},{\"@type\":\"ImageObject\",\"inLanguage\":\"nb-NO\",\"@id\":\"https:\\\/\\\/zerust.se\\\/no\\\/produkt\\\/vci-wellark-solidark\\\/#primaryimage\",\"url\":\"https:\\\/\\\/zerust.se\\\/wp-content\\\/uploads\\\/2024\\\/09\\\/Wellark-VCI-scaled.jpg\",\"contentUrl\":\"https:\\\/\\\/zerust.se\\\/wp-content\\\/uploads\\\/2024\\\/09\\\/Wellark-VCI-scaled.jpg\",\"width\":2560,\"height\":2560},{\"@type\":\"BreadcrumbList\",\"@id\":\"https:\\\/\\\/zerust.se\\\/no\\\/produkt\\\/vci-wellark-solidark\\\/#breadcrumb\",\"itemListElement\":[{\"@type\":\"ListItem\",\"position\":1,\"name\":\"Hem\",\"item\":\"https:\\\/\\\/zerust.se\\\/no\\\/\"},{\"@type\":\"ListItem\",\"position\":2,\"name\":\"Corrosion Protection Products\",\"item\":\"https:\\\/\\\/zerust.se\\\/korrosionsskyddande-produkter\\\/\"},{\"@type\":\"ListItem\",\"position\":3,\"name\":\"VCI-Papir og -Innlegg\",\"item\":\"https:\\\/\\\/zerust.se\\\/no\\\/produktkategori\\\/vci-papir-og-innlegg\\\/\"},{\"@type\":\"ListItem\",\"position\":4,\"name\":\"VCI Wellark Solidark\"}]},{\"@type\":\"WebSite\",\"@id\":\"https:\\\/\\\/zerust.se\\\/no\\\/#website\",\"url\":\"https:\\\/\\\/zerust.se\\\/no\\\/\",\"name\":\"Zerust\",\"description\":\"Korrosjonsbeskyttelsesprodukter\",\"potentialAction\":[{\"@type\":\"SearchAction\",\"target\":{\"@type\":\"EntryPoint\",\"urlTemplate\":\"https:\\\/\\\/zerust.se\\\/no\\\/?s={search_term_string}\"},\"query-input\":{\"@type\":\"PropertyValueSpecification\",\"valueRequired\":true,\"valueName\":\"search_term_string\"}}],\"inLanguage\":\"nb-NO\"}]}<\/script>\n<!-- \/ Yoast SEO plugin. -->","yoast_head_json":{"title":"VCI Wellark Solidark - Zerust","robots":{"index":"index","follow":"follow","max-snippet":"max-snippet:-1","max-image-preview":"max-image-preview:large","max-video-preview":"max-video-preview:-1"},"canonical":"https:\/\/zerust.se\/no\/produkt\/vci-wellark-solidark\/","og_locale":"nb_NO","og_type":"article","og_title":"VCI Wellark Solidark - Zerust","og_description":"Zerust VCI mellomlegg i b\u00f8lgepapp og solid kan produseres i forskjellige st\u00f8rrelser etter dine \u00f8nsker.","og_url":"https:\/\/zerust.se\/no\/produkt\/vci-wellark-solidark\/","og_site_name":"Zerust","og_image":[{"width":2560,"height":2560,"url":"https:\/\/zerust.se\/wp-content\/uploads\/2024\/09\/Wellark-VCI-scaled.jpg","type":"image\/jpeg"}],"twitter_card":"summary_large_image","schema":{"@context":"https:\/\/schema.org","@graph":[{"@type":"WebPage","@id":"https:\/\/zerust.se\/no\/produkt\/vci-wellark-solidark\/","url":"https:\/\/zerust.se\/no\/produkt\/vci-wellark-solidark\/","name":"VCI Wellark Solidark - Zerust","isPartOf":{"@id":"https:\/\/zerust.se\/no\/#website"},"primaryImageOfPage":{"@id":"https:\/\/zerust.se\/no\/produkt\/vci-wellark-solidark\/#primaryimage"},"image":{"@id":"https:\/\/zerust.se\/no\/produkt\/vci-wellark-solidark\/#primaryimage"},"thumbnailUrl":"https:\/\/zerust.se\/wp-content\/uploads\/2024\/09\/Wellark-VCI-scaled.jpg","datePublished":"2024-09-16T09:32:18+00:00","breadcrumb":{"@id":"https:\/\/zerust.se\/no\/produkt\/vci-wellark-solidark\/#breadcrumb"},"inLanguage":"nb-NO","potentialAction":[{"@type":"ReadAction","target":["https:\/\/zerust.se\/no\/produkt\/vci-wellark-solidark\/"]}]},{"@type":"ImageObject","inLanguage":"nb-NO","@id":"https:\/\/zerust.se\/no\/produkt\/vci-wellark-solidark\/#primaryimage","url":"https:\/\/zerust.se\/wp-content\/uploads\/2024\/09\/Wellark-VCI-scaled.jpg","contentUrl":"https:\/\/zerust.se\/wp-content\/uploads\/2024\/09\/Wellark-VCI-scaled.jpg","width":2560,"height":2560},{"@type":"BreadcrumbList","@id":"https:\/\/zerust.se\/no\/produkt\/vci-wellark-solidark\/#breadcrumb","itemListElement":[{"@type":"ListItem","position":1,"name":"Hem","item":"https:\/\/zerust.se\/no\/"},{"@type":"ListItem","position":2,"name":"Corrosion Protection Products","item":"https:\/\/zerust.se\/korrosionsskyddande-produkter\/"},{"@type":"ListItem","position":3,"name":"VCI-Papir og -Innlegg","item":"https:\/\/zerust.se\/no\/produktkategori\/vci-papir-og-innlegg\/"},{"@type":"ListItem","position":4,"name":"VCI Wellark Solidark"}]},{"@type":"WebSite","@id":"https:\/\/zerust.se\/no\/#website","url":"https:\/\/zerust.se\/no\/","name":"Zerust","description":"Korrosjonsbeskyttelsesprodukter","potentialAction":[{"@type":"SearchAction","target":{"@type":"EntryPoint","urlTemplate":"https:\/\/zerust.se\/no\/?s={search_term_string}"},"query-input":{"@type":"PropertyValueSpecification","valueRequired":true,"valueName":"search_term_string"}}],"inLanguage":"nb-NO"}]}},"_links":{"self":[{"href":"https:\/\/zerust.se\/no\/wp-json\/wp\/v2\/product\/2435","targetHints":{"allow":["GET"]}}],"collection":[{"href":"https:\/\/zerust.se\/no\/wp-json\/wp\/v2\/product"}],"about":[{"href":"https:\/\/zerust.se\/no\/wp-json\/wp\/v2\/types\/product"}],"replies":[{"embeddable":true,"href":"https:\/\/zerust.se\/no\/wp-json\/wp\/v2\/comments?post=2435"}],"wp:featuredmedia":[{"embeddable":true,"href":"https:\/\/zerust.se\/no\/wp-json\/wp\/v2\/media\/2430"}],"wp:attachment":[{"href":"https:\/\/zerust.se\/no\/wp-json\/wp\/v2\/media?parent=2435"}],"wp:term":[{"taxonomy":"product_brand","embeddable":true,"href":"https:\/\/zerust.se\/no\/wp-json\/wp\/v2\/product_brand?post=2435"},{"taxonomy":"product_cat","embeddable":true,"href":"https:\/\/zerust.se\/no\/wp-json\/wp\/v2\/product_cat?post=2435"},{"taxonomy":"product_tag","embeddable":true,"href":"https:\/\/zerust.se\/no\/wp-json\/wp\/v2\/product_tag?post=2435"}],"curies":[{"name":"wp","href":"https:\/\/api.w.org\/{rel}","templated":true}]}}