{"id":1858,"date":"2023-05-30T12:19:29","date_gmt":"2023-05-30T12:19:29","guid":{"rendered":"https:\/\/zerust.invistic-dev.com\/?post_type=product&#038;p=1858"},"modified":"2024-09-16T13:06:45","modified_gmt":"2024-09-16T13:06:45","slug":"axxatec-80c","status":"publish","type":"product","link":"https:\/\/zerust.se\/no\/produkt\/axxatec-80c\/","title":{"rendered":"Axxatec 80C"},"content":{"rendered":"<p>ZERUST\u00ae Axxatec\u2122 80C er en langsiktig vannbasert rustbeskyttelse som beskytter jernholdige metaller som st\u00f8pejern, st\u00e5l og dets legeringer i opptil 6 m\u00e5neder under innend\u00f8rs lagring, transport og montering. I tillegg er den ogs\u00e5 multimetall- og sinkkompatibel. Vi anbefaler imidlertid \u00e5 teste f\u00f8r bruk.<\/p>\n<p><strong>Kjennetegn<\/strong><\/p>\n<p>\u2022 Danner en klar, t\u00f8rr \u00e5 ber\u00f8re, hydrofob film<br \/>\n\u2022 Den konsentrerte formuleringen reduserer fraktkostnadene og gir mulighet for tilpassbar fortynningsbar beskyttelse<br \/>\n\u2022 Trygg for malte, gummi- og plastmaterialer<br \/>\n\u2022 Enkel \u00e5 p\u00e5f\u00f8re og fjerne<br \/>\n\u2022 Ikke-farlig<\/p>\n","protected":false},"excerpt":{"rendered":"<p>Axxatec 80C beskytter jernholdige metaller slik som jern, st\u00e5l and st\u00f8pejern i opptil ett \u00e5r hvis metallet er under ly.<\/p>\n","protected":false},"featured_media":2543,"comment_status":"closed","ping_status":"closed","template":"","meta":{"_acf_changed":false},"product_brand":[],"product_cat":[80],"product_tag":[],"class_list":{"0":"post-1858","1":"product","2":"type-product","3":"status-publish","4":"has-post-thumbnail","6":"product_cat-oljer-og-vaesker","8":"first","9":"instock","10":"shipping-taxable","11":"product-type-simple"},"acf":[],"gallery_images":[],"yoast_head":"<!-- This site is optimized with the Yoast SEO plugin v27.4 - https:\/\/yoast.com\/product\/yoast-seo-wordpress\/ -->\n<title>Axxatec 80C - Zerust<\/title>\n<meta name=\"robots\" content=\"index, follow, max-snippet:-1, max-image-preview:large, max-video-preview:-1\" \/>\n<link rel=\"canonical\" href=\"https:\/\/zerust.se\/no\/produkt\/axxatec-80c\/\" \/>\n<meta property=\"og:locale\" content=\"nb_NO\" \/>\n<meta property=\"og:type\" content=\"article\" \/>\n<meta property=\"og:title\" content=\"Axxatec 80C - Zerust\" \/>\n<meta property=\"og:description\" content=\"Axxatec 80C beskytter jernholdige metaller slik som jern, st\u00e5l and st\u00f8pejern i opptil ett \u00e5r hvis metallet er under ly.\" \/>\n<meta property=\"og:url\" content=\"https:\/\/zerust.se\/no\/produkt\/axxatec-80c\/\" \/>\n<meta property=\"og:site_name\" content=\"Zerust\" \/>\n<meta property=\"article:modified_time\" content=\"2024-09-16T13:06:45+00:00\" \/>\n<meta property=\"og:image\" content=\"https:\/\/zerust.se\/wp-content\/uploads\/2023\/05\/Axxatec80C_350-F-00005PL.jpg\" \/>\n\t<meta property=\"og:image:width\" content=\"1500\" \/>\n\t<meta property=\"og:image:height\" content=\"999\" \/>\n\t<meta property=\"og:image:type\" content=\"image\/jpeg\" \/>\n<meta name=\"twitter:card\" content=\"summary_large_image\" \/>\n<meta name=\"twitter:label1\" content=\"Ansl. lesetid\" \/>\n\t<meta name=\"twitter:data1\" content=\"1 minutt\" \/>\n<script type=\"application\/ld+json\" class=\"yoast-schema-graph\">{\"@context\":\"https:\\\/\\\/schema.org\",\"@graph\":[{\"@type\":\"WebPage\",\"@id\":\"https:\\\/\\\/zerust.se\\\/no\\\/produkt\\\/axxatec-80c\\\/\",\"url\":\"https:\\\/\\\/zerust.se\\\/no\\\/produkt\\\/axxatec-80c\\\/\",\"name\":\"Axxatec 80C - Zerust\",\"isPartOf\":{\"@id\":\"https:\\\/\\\/zerust.se\\\/no\\\/#website\"},\"primaryImageOfPage\":{\"@id\":\"https:\\\/\\\/zerust.se\\\/no\\\/produkt\\\/axxatec-80c\\\/#primaryimage\"},\"image\":{\"@id\":\"https:\\\/\\\/zerust.se\\\/no\\\/produkt\\\/axxatec-80c\\\/#primaryimage\"},\"thumbnailUrl\":\"https:\\\/\\\/zerust.se\\\/wp-content\\\/uploads\\\/2023\\\/05\\\/Axxatec80C_350-F-00005PL.jpg\",\"datePublished\":\"2023-05-30T12:19:29+00:00\",\"dateModified\":\"2024-09-16T13:06:45+00:00\",\"breadcrumb\":{\"@id\":\"https:\\\/\\\/zerust.se\\\/no\\\/produkt\\\/axxatec-80c\\\/#breadcrumb\"},\"inLanguage\":\"nb-NO\",\"potentialAction\":[{\"@type\":\"ReadAction\",\"target\":[\"https:\\\/\\\/zerust.se\\\/no\\\/produkt\\\/axxatec-80c\\\/\"]}]},{\"@type\":\"ImageObject\",\"inLanguage\":\"nb-NO\",\"@id\":\"https:\\\/\\\/zerust.se\\\/no\\\/produkt\\\/axxatec-80c\\\/#primaryimage\",\"url\":\"https:\\\/\\\/zerust.se\\\/wp-content\\\/uploads\\\/2023\\\/05\\\/Axxatec80C_350-F-00005PL.jpg\",\"contentUrl\":\"https:\\\/\\\/zerust.se\\\/wp-content\\\/uploads\\\/2023\\\/05\\\/Axxatec80C_350-F-00005PL.jpg\",\"width\":1500,\"height\":999},{\"@type\":\"BreadcrumbList\",\"@id\":\"https:\\\/\\\/zerust.se\\\/no\\\/produkt\\\/axxatec-80c\\\/#breadcrumb\",\"itemListElement\":[{\"@type\":\"ListItem\",\"position\":1,\"name\":\"Hem\",\"item\":\"https:\\\/\\\/zerust.se\\\/no\\\/\"},{\"@type\":\"ListItem\",\"position\":2,\"name\":\"Corrosion Protection Products\",\"item\":\"https:\\\/\\\/zerust.se\\\/korrosionsskyddande-produkter\\\/\"},{\"@type\":\"ListItem\",\"position\":3,\"name\":\"Oljer og V\u00e6sker\",\"item\":\"https:\\\/\\\/zerust.se\\\/no\\\/produktkategori\\\/oljer-og-vaesker\\\/\"},{\"@type\":\"ListItem\",\"position\":4,\"name\":\"Axxatec 80C\"}]},{\"@type\":\"WebSite\",\"@id\":\"https:\\\/\\\/zerust.se\\\/no\\\/#website\",\"url\":\"https:\\\/\\\/zerust.se\\\/no\\\/\",\"name\":\"Zerust\",\"description\":\"Korrosjonsbeskyttelsesprodukter\",\"potentialAction\":[{\"@type\":\"SearchAction\",\"target\":{\"@type\":\"EntryPoint\",\"urlTemplate\":\"https:\\\/\\\/zerust.se\\\/no\\\/?s={search_term_string}\"},\"query-input\":{\"@type\":\"PropertyValueSpecification\",\"valueRequired\":true,\"valueName\":\"search_term_string\"}}],\"inLanguage\":\"nb-NO\"}]}<\/script>\n<!-- \/ Yoast SEO plugin. -->","yoast_head_json":{"title":"Axxatec 80C - Zerust","robots":{"index":"index","follow":"follow","max-snippet":"max-snippet:-1","max-image-preview":"max-image-preview:large","max-video-preview":"max-video-preview:-1"},"canonical":"https:\/\/zerust.se\/no\/produkt\/axxatec-80c\/","og_locale":"nb_NO","og_type":"article","og_title":"Axxatec 80C - Zerust","og_description":"Axxatec 80C beskytter jernholdige metaller slik som jern, st\u00e5l and st\u00f8pejern i opptil ett \u00e5r hvis metallet er under ly.","og_url":"https:\/\/zerust.se\/no\/produkt\/axxatec-80c\/","og_site_name":"Zerust","article_modified_time":"2024-09-16T13:06:45+00:00","og_image":[{"width":1500,"height":999,"url":"https:\/\/zerust.se\/wp-content\/uploads\/2023\/05\/Axxatec80C_350-F-00005PL.jpg","type":"image\/jpeg"}],"twitter_card":"summary_large_image","twitter_misc":{"Ansl. lesetid":"1 minutt"},"schema":{"@context":"https:\/\/schema.org","@graph":[{"@type":"WebPage","@id":"https:\/\/zerust.se\/no\/produkt\/axxatec-80c\/","url":"https:\/\/zerust.se\/no\/produkt\/axxatec-80c\/","name":"Axxatec 80C - Zerust","isPartOf":{"@id":"https:\/\/zerust.se\/no\/#website"},"primaryImageOfPage":{"@id":"https:\/\/zerust.se\/no\/produkt\/axxatec-80c\/#primaryimage"},"image":{"@id":"https:\/\/zerust.se\/no\/produkt\/axxatec-80c\/#primaryimage"},"thumbnailUrl":"https:\/\/zerust.se\/wp-content\/uploads\/2023\/05\/Axxatec80C_350-F-00005PL.jpg","datePublished":"2023-05-30T12:19:29+00:00","dateModified":"2024-09-16T13:06:45+00:00","breadcrumb":{"@id":"https:\/\/zerust.se\/no\/produkt\/axxatec-80c\/#breadcrumb"},"inLanguage":"nb-NO","potentialAction":[{"@type":"ReadAction","target":["https:\/\/zerust.se\/no\/produkt\/axxatec-80c\/"]}]},{"@type":"ImageObject","inLanguage":"nb-NO","@id":"https:\/\/zerust.se\/no\/produkt\/axxatec-80c\/#primaryimage","url":"https:\/\/zerust.se\/wp-content\/uploads\/2023\/05\/Axxatec80C_350-F-00005PL.jpg","contentUrl":"https:\/\/zerust.se\/wp-content\/uploads\/2023\/05\/Axxatec80C_350-F-00005PL.jpg","width":1500,"height":999},{"@type":"BreadcrumbList","@id":"https:\/\/zerust.se\/no\/produkt\/axxatec-80c\/#breadcrumb","itemListElement":[{"@type":"ListItem","position":1,"name":"Hem","item":"https:\/\/zerust.se\/no\/"},{"@type":"ListItem","position":2,"name":"Corrosion Protection Products","item":"https:\/\/zerust.se\/korrosionsskyddande-produkter\/"},{"@type":"ListItem","position":3,"name":"Oljer og V\u00e6sker","item":"https:\/\/zerust.se\/no\/produktkategori\/oljer-og-vaesker\/"},{"@type":"ListItem","position":4,"name":"Axxatec 80C"}]},{"@type":"WebSite","@id":"https:\/\/zerust.se\/no\/#website","url":"https:\/\/zerust.se\/no\/","name":"Zerust","description":"Korrosjonsbeskyttelsesprodukter","potentialAction":[{"@type":"SearchAction","target":{"@type":"EntryPoint","urlTemplate":"https:\/\/zerust.se\/no\/?s={search_term_string}"},"query-input":{"@type":"PropertyValueSpecification","valueRequired":true,"valueName":"search_term_string"}}],"inLanguage":"nb-NO"}]}},"_links":{"self":[{"href":"https:\/\/zerust.se\/no\/wp-json\/wp\/v2\/product\/1858","targetHints":{"allow":["GET"]}}],"collection":[{"href":"https:\/\/zerust.se\/no\/wp-json\/wp\/v2\/product"}],"about":[{"href":"https:\/\/zerust.se\/no\/wp-json\/wp\/v2\/types\/product"}],"replies":[{"embeddable":true,"href":"https:\/\/zerust.se\/no\/wp-json\/wp\/v2\/comments?post=1858"}],"wp:featuredmedia":[{"embeddable":true,"href":"https:\/\/zerust.se\/no\/wp-json\/wp\/v2\/media\/2543"}],"wp:attachment":[{"href":"https:\/\/zerust.se\/no\/wp-json\/wp\/v2\/media?parent=1858"}],"wp:term":[{"taxonomy":"product_brand","embeddable":true,"href":"https:\/\/zerust.se\/no\/wp-json\/wp\/v2\/product_brand?post=1858"},{"taxonomy":"product_cat","embeddable":true,"href":"https:\/\/zerust.se\/no\/wp-json\/wp\/v2\/product_cat?post=1858"},{"taxonomy":"product_tag","embeddable":true,"href":"https:\/\/zerust.se\/no\/wp-json\/wp\/v2\/product_tag?post=1858"}],"curies":[{"name":"wp","href":"https:\/\/api.w.org\/{rel}","templated":true}]}}