{"id":1840,"date":"2023-05-30T12:17:07","date_gmt":"2023-05-30T12:17:07","guid":{"rendered":"https:\/\/zerust.invistic-dev.com\/?post_type=product&#038;p=1840"},"modified":"2024-09-16T11:55:56","modified_gmt":"2024-09-16T11:55:56","slug":"axxanol-a35cd-32","status":"publish","type":"product","link":"https:\/\/zerust.se\/no\/produkt\/axxanol-a35cd-32\/","title":{"rendered":"Axxanol A35CD-32"},"content":{"rendered":"<p>ZERUST\u00ae\/EXCOR\u00ae Axxanol\u2122 A35CD-32 er en l\u00f8semiddelbasert, ikke-flekkende rustforebygger som danner en klar, tynn, nesten t\u00f8rr-til-ber\u00f8ring RP-film. Som et resultat gir den kraftig korrosjonsbeskyttelse mot aggressive milj\u00f8er, som salt luft og fuktighet.<\/p>\n<p><strong>Egenskaper<\/strong><\/p>\n<ul>\n<li>Ikke-flekkende<\/li>\n<li>T\u00f8rr-til-ber\u00f8ring RP-belegg<\/li>\n<li>Bevist korrosjonsbeskyttelse for utfordrende milj\u00f8er<\/li>\n<li>Kan brukes med ZERUST\u00ae VCI-film<\/li>\n<li>Kan p\u00e5f\u00f8res med spray, pensel eller ved nedsenking<\/li>\n<li>Beskyttelse for flere metaller<\/li>\n<\/ul>\n","protected":false},"excerpt":{"rendered":"<p>ZERUST\u00ae\/EXCOR\u00ae Axxanol\u2122 A35CD-32 er en l\u00f8semiddelbasert, ikke-flekkende rustforebygger som danner en klar, tynn, nesten t\u00f8rr-til-ber\u00f8ring RP-film. Som et resultat gir den kraftig korrosjonsbeskyttelse mot aggressive milj\u00f8er, som salt luft og fuktighet. Egenskaper Ikke-flekkende T\u00f8rr-til-ber\u00f8ring RP-belegg Bevist korrosjonsbeskyttelse for utfordrende milj\u00f8er Kan brukes med ZERUST\u00ae VCI-film Kan p\u00e5f\u00f8res med spray, pensel eller ved nedsenking Beskyttelse for [&hellip;]<\/p>\n","protected":false},"featured_media":2507,"comment_status":"closed","ping_status":"closed","template":"","meta":{"_acf_changed":false},"product_brand":[],"product_cat":[80],"product_tag":[],"class_list":{"0":"post-1840","1":"product","2":"type-product","3":"status-publish","4":"has-post-thumbnail","6":"product_cat-oljer-og-vaesker","8":"first","9":"instock","10":"shipping-taxable","11":"product-type-simple"},"acf":[],"gallery_images":[],"yoast_head":"<!-- This site is optimized with the Yoast SEO plugin v27.5 - https:\/\/yoast.com\/product\/yoast-seo-wordpress\/ -->\n<title>Axxanol A35CD-32 - Zerust<\/title>\n<meta name=\"robots\" content=\"index, follow, max-snippet:-1, max-image-preview:large, max-video-preview:-1\" \/>\n<link rel=\"canonical\" href=\"https:\/\/zerust.se\/no\/produkt\/axxanol-a35cd-32\/\" \/>\n<meta property=\"og:locale\" content=\"nb_NO\" \/>\n<meta property=\"og:type\" content=\"article\" \/>\n<meta property=\"og:title\" content=\"Axxanol A35CD-32 - Zerust\" \/>\n<meta property=\"og:description\" content=\"ZERUST\u00ae\/EXCOR\u00ae Axxanol\u2122 A35CD-32 er en l\u00f8semiddelbasert, ikke-flekkende rustforebygger som danner en klar, tynn, nesten t\u00f8rr-til-ber\u00f8ring RP-film. Som et resultat gir den kraftig korrosjonsbeskyttelse mot aggressive milj\u00f8er, som salt luft og fuktighet. Egenskaper Ikke-flekkende T\u00f8rr-til-ber\u00f8ring RP-belegg Bevist korrosjonsbeskyttelse for utfordrende milj\u00f8er Kan brukes med ZERUST\u00ae VCI-film Kan p\u00e5f\u00f8res med spray, pensel eller ved nedsenking Beskyttelse for [&hellip;]\" \/>\n<meta property=\"og:url\" content=\"https:\/\/zerust.se\/no\/produkt\/axxanol-a35cd-32\/\" \/>\n<meta property=\"og:site_name\" content=\"Zerust\" \/>\n<meta property=\"article:modified_time\" content=\"2024-09-16T11:55:56+00:00\" \/>\n<meta property=\"og:image\" content=\"https:\/\/zerust.se\/wp-content\/uploads\/2023\/05\/Axxanol_A35CD-32_350-M-00082PL.jpg\" \/>\n\t<meta property=\"og:image:width\" content=\"1500\" \/>\n\t<meta property=\"og:image:height\" content=\"999\" \/>\n\t<meta property=\"og:image:type\" content=\"image\/jpeg\" \/>\n<meta name=\"twitter:card\" content=\"summary_large_image\" \/>\n<meta name=\"twitter:label1\" content=\"Ansl. lesetid\" \/>\n\t<meta name=\"twitter:data1\" content=\"1 minutt\" \/>\n<script type=\"application\/ld+json\" class=\"yoast-schema-graph\">{\"@context\":\"https:\\\/\\\/schema.org\",\"@graph\":[{\"@type\":\"WebPage\",\"@id\":\"https:\\\/\\\/zerust.se\\\/no\\\/produkt\\\/axxanol-a35cd-32\\\/\",\"url\":\"https:\\\/\\\/zerust.se\\\/no\\\/produkt\\\/axxanol-a35cd-32\\\/\",\"name\":\"Axxanol A35CD-32 - Zerust\",\"isPartOf\":{\"@id\":\"https:\\\/\\\/zerust.se\\\/no\\\/#website\"},\"primaryImageOfPage\":{\"@id\":\"https:\\\/\\\/zerust.se\\\/no\\\/produkt\\\/axxanol-a35cd-32\\\/#primaryimage\"},\"image\":{\"@id\":\"https:\\\/\\\/zerust.se\\\/no\\\/produkt\\\/axxanol-a35cd-32\\\/#primaryimage\"},\"thumbnailUrl\":\"https:\\\/\\\/zerust.se\\\/wp-content\\\/uploads\\\/2023\\\/05\\\/Axxanol_A35CD-32_350-M-00082PL.jpg\",\"datePublished\":\"2023-05-30T12:17:07+00:00\",\"dateModified\":\"2024-09-16T11:55:56+00:00\",\"breadcrumb\":{\"@id\":\"https:\\\/\\\/zerust.se\\\/no\\\/produkt\\\/axxanol-a35cd-32\\\/#breadcrumb\"},\"inLanguage\":\"nb-NO\",\"potentialAction\":[{\"@type\":\"ReadAction\",\"target\":[\"https:\\\/\\\/zerust.se\\\/no\\\/produkt\\\/axxanol-a35cd-32\\\/\"]}]},{\"@type\":\"ImageObject\",\"inLanguage\":\"nb-NO\",\"@id\":\"https:\\\/\\\/zerust.se\\\/no\\\/produkt\\\/axxanol-a35cd-32\\\/#primaryimage\",\"url\":\"https:\\\/\\\/zerust.se\\\/wp-content\\\/uploads\\\/2023\\\/05\\\/Axxanol_A35CD-32_350-M-00082PL.jpg\",\"contentUrl\":\"https:\\\/\\\/zerust.se\\\/wp-content\\\/uploads\\\/2023\\\/05\\\/Axxanol_A35CD-32_350-M-00082PL.jpg\",\"width\":1500,\"height\":999},{\"@type\":\"BreadcrumbList\",\"@id\":\"https:\\\/\\\/zerust.se\\\/no\\\/produkt\\\/axxanol-a35cd-32\\\/#breadcrumb\",\"itemListElement\":[{\"@type\":\"ListItem\",\"position\":1,\"name\":\"Hem\",\"item\":\"https:\\\/\\\/zerust.se\\\/no\\\/\"},{\"@type\":\"ListItem\",\"position\":2,\"name\":\"Corrosion Protection Products\",\"item\":\"https:\\\/\\\/zerust.se\\\/korrosionsskyddande-produkter\\\/\"},{\"@type\":\"ListItem\",\"position\":3,\"name\":\"Oljer og V\u00e6sker\",\"item\":\"https:\\\/\\\/zerust.se\\\/no\\\/produktkategori\\\/oljer-og-vaesker\\\/\"},{\"@type\":\"ListItem\",\"position\":4,\"name\":\"Axxanol A35CD-32\"}]},{\"@type\":\"WebSite\",\"@id\":\"https:\\\/\\\/zerust.se\\\/no\\\/#website\",\"url\":\"https:\\\/\\\/zerust.se\\\/no\\\/\",\"name\":\"Zerust\",\"description\":\"Korrosjonsbeskyttelsesprodukter\",\"potentialAction\":[{\"@type\":\"SearchAction\",\"target\":{\"@type\":\"EntryPoint\",\"urlTemplate\":\"https:\\\/\\\/zerust.se\\\/no\\\/?s={search_term_string}\"},\"query-input\":{\"@type\":\"PropertyValueSpecification\",\"valueRequired\":true,\"valueName\":\"search_term_string\"}}],\"inLanguage\":\"nb-NO\"}]}<\/script>\n<!-- \/ Yoast SEO plugin. -->","yoast_head_json":{"title":"Axxanol A35CD-32 - Zerust","robots":{"index":"index","follow":"follow","max-snippet":"max-snippet:-1","max-image-preview":"max-image-preview:large","max-video-preview":"max-video-preview:-1"},"canonical":"https:\/\/zerust.se\/no\/produkt\/axxanol-a35cd-32\/","og_locale":"nb_NO","og_type":"article","og_title":"Axxanol A35CD-32 - Zerust","og_description":"ZERUST\u00ae\/EXCOR\u00ae Axxanol\u2122 A35CD-32 er en l\u00f8semiddelbasert, ikke-flekkende rustforebygger som danner en klar, tynn, nesten t\u00f8rr-til-ber\u00f8ring RP-film. Som et resultat gir den kraftig korrosjonsbeskyttelse mot aggressive milj\u00f8er, som salt luft og fuktighet. Egenskaper Ikke-flekkende T\u00f8rr-til-ber\u00f8ring RP-belegg Bevist korrosjonsbeskyttelse for utfordrende milj\u00f8er Kan brukes med ZERUST\u00ae VCI-film Kan p\u00e5f\u00f8res med spray, pensel eller ved nedsenking Beskyttelse for [&hellip;]","og_url":"https:\/\/zerust.se\/no\/produkt\/axxanol-a35cd-32\/","og_site_name":"Zerust","article_modified_time":"2024-09-16T11:55:56+00:00","og_image":[{"width":1500,"height":999,"url":"https:\/\/zerust.se\/wp-content\/uploads\/2023\/05\/Axxanol_A35CD-32_350-M-00082PL.jpg","type":"image\/jpeg"}],"twitter_card":"summary_large_image","twitter_misc":{"Ansl. lesetid":"1 minutt"},"schema":{"@context":"https:\/\/schema.org","@graph":[{"@type":"WebPage","@id":"https:\/\/zerust.se\/no\/produkt\/axxanol-a35cd-32\/","url":"https:\/\/zerust.se\/no\/produkt\/axxanol-a35cd-32\/","name":"Axxanol A35CD-32 - Zerust","isPartOf":{"@id":"https:\/\/zerust.se\/no\/#website"},"primaryImageOfPage":{"@id":"https:\/\/zerust.se\/no\/produkt\/axxanol-a35cd-32\/#primaryimage"},"image":{"@id":"https:\/\/zerust.se\/no\/produkt\/axxanol-a35cd-32\/#primaryimage"},"thumbnailUrl":"https:\/\/zerust.se\/wp-content\/uploads\/2023\/05\/Axxanol_A35CD-32_350-M-00082PL.jpg","datePublished":"2023-05-30T12:17:07+00:00","dateModified":"2024-09-16T11:55:56+00:00","breadcrumb":{"@id":"https:\/\/zerust.se\/no\/produkt\/axxanol-a35cd-32\/#breadcrumb"},"inLanguage":"nb-NO","potentialAction":[{"@type":"ReadAction","target":["https:\/\/zerust.se\/no\/produkt\/axxanol-a35cd-32\/"]}]},{"@type":"ImageObject","inLanguage":"nb-NO","@id":"https:\/\/zerust.se\/no\/produkt\/axxanol-a35cd-32\/#primaryimage","url":"https:\/\/zerust.se\/wp-content\/uploads\/2023\/05\/Axxanol_A35CD-32_350-M-00082PL.jpg","contentUrl":"https:\/\/zerust.se\/wp-content\/uploads\/2023\/05\/Axxanol_A35CD-32_350-M-00082PL.jpg","width":1500,"height":999},{"@type":"BreadcrumbList","@id":"https:\/\/zerust.se\/no\/produkt\/axxanol-a35cd-32\/#breadcrumb","itemListElement":[{"@type":"ListItem","position":1,"name":"Hem","item":"https:\/\/zerust.se\/no\/"},{"@type":"ListItem","position":2,"name":"Corrosion Protection Products","item":"https:\/\/zerust.se\/korrosionsskyddande-produkter\/"},{"@type":"ListItem","position":3,"name":"Oljer og V\u00e6sker","item":"https:\/\/zerust.se\/no\/produktkategori\/oljer-og-vaesker\/"},{"@type":"ListItem","position":4,"name":"Axxanol A35CD-32"}]},{"@type":"WebSite","@id":"https:\/\/zerust.se\/no\/#website","url":"https:\/\/zerust.se\/no\/","name":"Zerust","description":"Korrosjonsbeskyttelsesprodukter","potentialAction":[{"@type":"SearchAction","target":{"@type":"EntryPoint","urlTemplate":"https:\/\/zerust.se\/no\/?s={search_term_string}"},"query-input":{"@type":"PropertyValueSpecification","valueRequired":true,"valueName":"search_term_string"}}],"inLanguage":"nb-NO"}]}},"_links":{"self":[{"href":"https:\/\/zerust.se\/no\/wp-json\/wp\/v2\/product\/1840","targetHints":{"allow":["GET"]}}],"collection":[{"href":"https:\/\/zerust.se\/no\/wp-json\/wp\/v2\/product"}],"about":[{"href":"https:\/\/zerust.se\/no\/wp-json\/wp\/v2\/types\/product"}],"replies":[{"embeddable":true,"href":"https:\/\/zerust.se\/no\/wp-json\/wp\/v2\/comments?post=1840"}],"wp:featuredmedia":[{"embeddable":true,"href":"https:\/\/zerust.se\/no\/wp-json\/wp\/v2\/media\/2507"}],"wp:attachment":[{"href":"https:\/\/zerust.se\/no\/wp-json\/wp\/v2\/media?parent=1840"}],"wp:term":[{"taxonomy":"product_brand","embeddable":true,"href":"https:\/\/zerust.se\/no\/wp-json\/wp\/v2\/product_brand?post=1840"},{"taxonomy":"product_cat","embeddable":true,"href":"https:\/\/zerust.se\/no\/wp-json\/wp\/v2\/product_cat?post=1840"},{"taxonomy":"product_tag","embeddable":true,"href":"https:\/\/zerust.se\/no\/wp-json\/wp\/v2\/product_tag?post=1840"}],"curies":[{"name":"wp","href":"https:\/\/api.w.org\/{rel}","templated":true}]}}