{"id":1822,"date":"2023-05-30T12:14:11","date_gmt":"2023-05-30T12:14:11","guid":{"rendered":"https:\/\/zerust.invistic-dev.com\/?post_type=product&#038;p=1822"},"modified":"2024-09-16T13:25:56","modified_gmt":"2024-09-16T13:25:56","slug":"axxanol-z-maxx","status":"publish","type":"product","link":"https:\/\/zerust.se\/no\/produkt\/axxanol-z-maxx\/","title":{"rendered":"Axxanol Z-Maxx"},"content":{"rendered":"<p>ZERUST\u00ae\/EXCOR\u00ae Axxanol\u2122 Z-Maxx anti-korrosjonsfett-serien best\u00e5r av to produkter, Axxanol\u2122 Z-Maxx og Z-Maxx LV. Z-Maxx er et tykt NLGI 2-fett og tilbys ogs\u00e5 som et NLGI 0-fett med lavere viskositet (LV), som er designet for fleksibilitet og enkel sm\u00f8ring.<\/p>\n<p><strong>Egenskaper:<\/strong><\/p>\n<p>\u2022 Overlegen korrosjonsbeskyttelse<br \/>\n\u2022 Langtidsbeskyttelse, ogs\u00e5 utend\u00f8rs<br \/>\n\u2022 Allsidig sm\u00f8remiddel og antirustfett<br \/>\n\u2022 Tilgjengelig i forskjellige formater for enkel p\u00e5f\u00f8ring<br \/>\n\u2022 Enkel \u00e5 p\u00e5f\u00f8re og fjerne<br \/>\n\u2022 Sterk og vanntett<\/p>\n","protected":false},"excerpt":{"rendered":"<p>For et hardtarbeidene korrosjonsforhindrende fett\u2014bruk Zerust Axxanol Z-Maxx eller Z-Maxx LV.<\/p>\n","protected":false},"featured_media":1823,"comment_status":"closed","ping_status":"closed","template":"","meta":{"_acf_changed":false},"product_brand":[],"product_cat":[80],"product_tag":[],"class_list":{"0":"post-1822","1":"product","2":"type-product","3":"status-publish","4":"has-post-thumbnail","6":"product_cat-oljer-og-vaesker","8":"first","9":"instock","10":"shipping-taxable","11":"product-type-simple"},"acf":[],"gallery_images":[],"yoast_head":"<!-- This site is optimized with the Yoast SEO plugin v27.4 - https:\/\/yoast.com\/product\/yoast-seo-wordpress\/ -->\n<title>Axxanol Z-Maxx - Zerust<\/title>\n<meta name=\"robots\" content=\"index, follow, max-snippet:-1, max-image-preview:large, max-video-preview:-1\" \/>\n<link rel=\"canonical\" href=\"https:\/\/zerust.se\/no\/produkt\/axxanol-z-maxx\/\" \/>\n<meta property=\"og:locale\" content=\"nb_NO\" \/>\n<meta property=\"og:type\" content=\"article\" \/>\n<meta property=\"og:title\" content=\"Axxanol Z-Maxx - Zerust\" \/>\n<meta property=\"og:description\" content=\"For et hardtarbeidene korrosjonsforhindrende fett\u2014bruk Zerust Axxanol Z-Maxx eller Z-Maxx LV.\" \/>\n<meta property=\"og:url\" content=\"https:\/\/zerust.se\/no\/produkt\/axxanol-z-maxx\/\" \/>\n<meta property=\"og:site_name\" content=\"Zerust\" \/>\n<meta property=\"article:modified_time\" content=\"2024-09-16T13:25:56+00:00\" \/>\n<meta property=\"og:image\" content=\"https:\/\/zerust.se\/wp-content\/uploads\/2023\/05\/Axxenol-Z-Maxx-img.jpeg\" \/>\n\t<meta property=\"og:image:width\" content=\"540\" \/>\n\t<meta property=\"og:image:height\" content=\"500\" \/>\n\t<meta property=\"og:image:type\" content=\"image\/jpeg\" \/>\n<meta name=\"twitter:card\" content=\"summary_large_image\" \/>\n<meta name=\"twitter:label1\" content=\"Ansl. lesetid\" \/>\n\t<meta name=\"twitter:data1\" content=\"1 minutt\" \/>\n<script type=\"application\/ld+json\" class=\"yoast-schema-graph\">{\"@context\":\"https:\\\/\\\/schema.org\",\"@graph\":[{\"@type\":\"WebPage\",\"@id\":\"https:\\\/\\\/zerust.se\\\/no\\\/produkt\\\/axxanol-z-maxx\\\/\",\"url\":\"https:\\\/\\\/zerust.se\\\/no\\\/produkt\\\/axxanol-z-maxx\\\/\",\"name\":\"Axxanol Z-Maxx - Zerust\",\"isPartOf\":{\"@id\":\"https:\\\/\\\/zerust.se\\\/no\\\/#website\"},\"primaryImageOfPage\":{\"@id\":\"https:\\\/\\\/zerust.se\\\/no\\\/produkt\\\/axxanol-z-maxx\\\/#primaryimage\"},\"image\":{\"@id\":\"https:\\\/\\\/zerust.se\\\/no\\\/produkt\\\/axxanol-z-maxx\\\/#primaryimage\"},\"thumbnailUrl\":\"https:\\\/\\\/zerust.se\\\/wp-content\\\/uploads\\\/2023\\\/05\\\/Axxenol-Z-Maxx-img.jpeg\",\"datePublished\":\"2023-05-30T12:14:11+00:00\",\"dateModified\":\"2024-09-16T13:25:56+00:00\",\"breadcrumb\":{\"@id\":\"https:\\\/\\\/zerust.se\\\/no\\\/produkt\\\/axxanol-z-maxx\\\/#breadcrumb\"},\"inLanguage\":\"nb-NO\",\"potentialAction\":[{\"@type\":\"ReadAction\",\"target\":[\"https:\\\/\\\/zerust.se\\\/no\\\/produkt\\\/axxanol-z-maxx\\\/\"]}]},{\"@type\":\"ImageObject\",\"inLanguage\":\"nb-NO\",\"@id\":\"https:\\\/\\\/zerust.se\\\/no\\\/produkt\\\/axxanol-z-maxx\\\/#primaryimage\",\"url\":\"https:\\\/\\\/zerust.se\\\/wp-content\\\/uploads\\\/2023\\\/05\\\/Axxenol-Z-Maxx-img.jpeg\",\"contentUrl\":\"https:\\\/\\\/zerust.se\\\/wp-content\\\/uploads\\\/2023\\\/05\\\/Axxenol-Z-Maxx-img.jpeg\",\"width\":540,\"height\":500},{\"@type\":\"BreadcrumbList\",\"@id\":\"https:\\\/\\\/zerust.se\\\/no\\\/produkt\\\/axxanol-z-maxx\\\/#breadcrumb\",\"itemListElement\":[{\"@type\":\"ListItem\",\"position\":1,\"name\":\"Hem\",\"item\":\"https:\\\/\\\/zerust.se\\\/no\\\/\"},{\"@type\":\"ListItem\",\"position\":2,\"name\":\"Corrosion Protection Products\",\"item\":\"https:\\\/\\\/zerust.se\\\/korrosionsskyddande-produkter\\\/\"},{\"@type\":\"ListItem\",\"position\":3,\"name\":\"Oljer og V\u00e6sker\",\"item\":\"https:\\\/\\\/zerust.se\\\/no\\\/produktkategori\\\/oljer-og-vaesker\\\/\"},{\"@type\":\"ListItem\",\"position\":4,\"name\":\"Axxanol Z-Maxx\"}]},{\"@type\":\"WebSite\",\"@id\":\"https:\\\/\\\/zerust.se\\\/no\\\/#website\",\"url\":\"https:\\\/\\\/zerust.se\\\/no\\\/\",\"name\":\"Zerust\",\"description\":\"Korrosjonsbeskyttelsesprodukter\",\"potentialAction\":[{\"@type\":\"SearchAction\",\"target\":{\"@type\":\"EntryPoint\",\"urlTemplate\":\"https:\\\/\\\/zerust.se\\\/no\\\/?s={search_term_string}\"},\"query-input\":{\"@type\":\"PropertyValueSpecification\",\"valueRequired\":true,\"valueName\":\"search_term_string\"}}],\"inLanguage\":\"nb-NO\"}]}<\/script>\n<!-- \/ Yoast SEO plugin. -->","yoast_head_json":{"title":"Axxanol Z-Maxx - Zerust","robots":{"index":"index","follow":"follow","max-snippet":"max-snippet:-1","max-image-preview":"max-image-preview:large","max-video-preview":"max-video-preview:-1"},"canonical":"https:\/\/zerust.se\/no\/produkt\/axxanol-z-maxx\/","og_locale":"nb_NO","og_type":"article","og_title":"Axxanol Z-Maxx - Zerust","og_description":"For et hardtarbeidene korrosjonsforhindrende fett\u2014bruk Zerust Axxanol Z-Maxx eller Z-Maxx LV.","og_url":"https:\/\/zerust.se\/no\/produkt\/axxanol-z-maxx\/","og_site_name":"Zerust","article_modified_time":"2024-09-16T13:25:56+00:00","og_image":[{"width":540,"height":500,"url":"https:\/\/zerust.se\/wp-content\/uploads\/2023\/05\/Axxenol-Z-Maxx-img.jpeg","type":"image\/jpeg"}],"twitter_card":"summary_large_image","twitter_misc":{"Ansl. lesetid":"1 minutt"},"schema":{"@context":"https:\/\/schema.org","@graph":[{"@type":"WebPage","@id":"https:\/\/zerust.se\/no\/produkt\/axxanol-z-maxx\/","url":"https:\/\/zerust.se\/no\/produkt\/axxanol-z-maxx\/","name":"Axxanol Z-Maxx - Zerust","isPartOf":{"@id":"https:\/\/zerust.se\/no\/#website"},"primaryImageOfPage":{"@id":"https:\/\/zerust.se\/no\/produkt\/axxanol-z-maxx\/#primaryimage"},"image":{"@id":"https:\/\/zerust.se\/no\/produkt\/axxanol-z-maxx\/#primaryimage"},"thumbnailUrl":"https:\/\/zerust.se\/wp-content\/uploads\/2023\/05\/Axxenol-Z-Maxx-img.jpeg","datePublished":"2023-05-30T12:14:11+00:00","dateModified":"2024-09-16T13:25:56+00:00","breadcrumb":{"@id":"https:\/\/zerust.se\/no\/produkt\/axxanol-z-maxx\/#breadcrumb"},"inLanguage":"nb-NO","potentialAction":[{"@type":"ReadAction","target":["https:\/\/zerust.se\/no\/produkt\/axxanol-z-maxx\/"]}]},{"@type":"ImageObject","inLanguage":"nb-NO","@id":"https:\/\/zerust.se\/no\/produkt\/axxanol-z-maxx\/#primaryimage","url":"https:\/\/zerust.se\/wp-content\/uploads\/2023\/05\/Axxenol-Z-Maxx-img.jpeg","contentUrl":"https:\/\/zerust.se\/wp-content\/uploads\/2023\/05\/Axxenol-Z-Maxx-img.jpeg","width":540,"height":500},{"@type":"BreadcrumbList","@id":"https:\/\/zerust.se\/no\/produkt\/axxanol-z-maxx\/#breadcrumb","itemListElement":[{"@type":"ListItem","position":1,"name":"Hem","item":"https:\/\/zerust.se\/no\/"},{"@type":"ListItem","position":2,"name":"Corrosion Protection Products","item":"https:\/\/zerust.se\/korrosionsskyddande-produkter\/"},{"@type":"ListItem","position":3,"name":"Oljer og V\u00e6sker","item":"https:\/\/zerust.se\/no\/produktkategori\/oljer-og-vaesker\/"},{"@type":"ListItem","position":4,"name":"Axxanol Z-Maxx"}]},{"@type":"WebSite","@id":"https:\/\/zerust.se\/no\/#website","url":"https:\/\/zerust.se\/no\/","name":"Zerust","description":"Korrosjonsbeskyttelsesprodukter","potentialAction":[{"@type":"SearchAction","target":{"@type":"EntryPoint","urlTemplate":"https:\/\/zerust.se\/no\/?s={search_term_string}"},"query-input":{"@type":"PropertyValueSpecification","valueRequired":true,"valueName":"search_term_string"}}],"inLanguage":"nb-NO"}]}},"_links":{"self":[{"href":"https:\/\/zerust.se\/no\/wp-json\/wp\/v2\/product\/1822","targetHints":{"allow":["GET"]}}],"collection":[{"href":"https:\/\/zerust.se\/no\/wp-json\/wp\/v2\/product"}],"about":[{"href":"https:\/\/zerust.se\/no\/wp-json\/wp\/v2\/types\/product"}],"replies":[{"embeddable":true,"href":"https:\/\/zerust.se\/no\/wp-json\/wp\/v2\/comments?post=1822"}],"wp:featuredmedia":[{"embeddable":true,"href":"https:\/\/zerust.se\/no\/wp-json\/wp\/v2\/media\/1823"}],"wp:attachment":[{"href":"https:\/\/zerust.se\/no\/wp-json\/wp\/v2\/media?parent=1822"}],"wp:term":[{"taxonomy":"product_brand","embeddable":true,"href":"https:\/\/zerust.se\/no\/wp-json\/wp\/v2\/product_brand?post=1822"},{"taxonomy":"product_cat","embeddable":true,"href":"https:\/\/zerust.se\/no\/wp-json\/wp\/v2\/product_cat?post=1822"},{"taxonomy":"product_tag","embeddable":true,"href":"https:\/\/zerust.se\/no\/wp-json\/wp\/v2\/product_tag?post=1822"}],"curies":[{"name":"wp","href":"https:\/\/api.w.org\/{rel}","templated":true}]}}