{"id":1799,"date":"2023-05-30T12:10:56","date_gmt":"2023-05-30T12:10:56","guid":{"rendered":"https:\/\/zerust.invistic-dev.com\/?post_type=product&#038;p=1799"},"modified":"2024-09-16T13:02:21","modified_gmt":"2024-09-16T13:02:21","slug":"axxacoat-90b-hfs","status":"publish","type":"product","link":"https:\/\/zerust.se\/no\/produkt\/axxacoat-90b-hfs\/","title":{"rendered":"AxxaCoat 90B HFS"},"content":{"rendered":"<p>ZERUST\u00ae\/EXCOR\u00ae AxxaCoat\u2122 90B HFS er en spraybar rustbeskyttelsesbelegg med h\u00f8y flammepunkt for utend\u00f8rs bruk som er utviklet for \u00e5 beskytte metalldeler og monteringer under langvarig innend\u00f8rs- og utend\u00f8rs lagring samt krevende sj\u00f8frakt der et slitesterkt men avtagbart belegg er viktig.<\/p>\n<p><strong>Egenskaper:<\/strong><\/p>\n<ul>\n<li>Effektiv korrosjonsbeskyttelse der tradisjonelle rustbeskyttelsesmetoder ikke kan brukes<\/li>\n<li>Lett \u00e5 p\u00e5f\u00f8re, \u00f8konomisk i bruk<\/li>\n<li>Egnet for ny og eksisterende utstyr<\/li>\n<li>Det fullt herdede belegget er temperaturbestandig opptil 150\u00b0C<\/li>\n<\/ul>\n","protected":false},"excerpt":{"rendered":"<p>ZERUST\u00ae\/EXCOR\u00ae AxxaCoat\u2122 90B HFS er en spraybar rustbeskyttelsesbelegg med h\u00f8y flammepunkt for utend\u00f8rs bruk som er utviklet for \u00e5 beskytte metalldeler og monteringer under langvarig innend\u00f8rs- og utend\u00f8rs lagring samt krevende sj\u00f8frakt der et slitesterkt men avtagbart belegg er viktig. Egenskaper: Effektiv korrosjonsbeskyttelse der tradisjonelle rustbeskyttelsesmetoder ikke kan brukes Lett \u00e5 p\u00e5f\u00f8re, \u00f8konomisk i bruk [&hellip;]<\/p>\n","protected":false},"featured_media":2494,"comment_status":"closed","ping_status":"closed","template":"","meta":{"_acf_changed":false},"product_brand":[],"product_cat":[80],"product_tag":[],"class_list":{"0":"post-1799","1":"product","2":"type-product","3":"status-publish","4":"has-post-thumbnail","6":"product_cat-oljer-og-vaesker","8":"first","9":"instock","10":"shipping-taxable","11":"product-type-simple"},"acf":[],"gallery_images":[],"yoast_head":"<!-- This site is optimized with the Yoast SEO plugin v27.5 - https:\/\/yoast.com\/product\/yoast-seo-wordpress\/ -->\n<title>AxxaCoat 90B HFS - Zerust<\/title>\n<meta name=\"robots\" content=\"index, follow, max-snippet:-1, max-image-preview:large, max-video-preview:-1\" \/>\n<link rel=\"canonical\" href=\"https:\/\/zerust.se\/no\/produkt\/axxacoat-90b-hfs\/\" \/>\n<meta property=\"og:locale\" content=\"nb_NO\" \/>\n<meta property=\"og:type\" content=\"article\" \/>\n<meta property=\"og:title\" content=\"AxxaCoat 90B HFS - Zerust\" \/>\n<meta property=\"og:description\" content=\"ZERUST\u00ae\/EXCOR\u00ae AxxaCoat\u2122 90B HFS er en spraybar rustbeskyttelsesbelegg med h\u00f8y flammepunkt for utend\u00f8rs bruk som er utviklet for \u00e5 beskytte metalldeler og monteringer under langvarig innend\u00f8rs- og utend\u00f8rs lagring samt krevende sj\u00f8frakt der et slitesterkt men avtagbart belegg er viktig. Egenskaper: Effektiv korrosjonsbeskyttelse der tradisjonelle rustbeskyttelsesmetoder ikke kan brukes Lett \u00e5 p\u00e5f\u00f8re, \u00f8konomisk i bruk [&hellip;]\" \/>\n<meta property=\"og:url\" content=\"https:\/\/zerust.se\/no\/produkt\/axxacoat-90b-hfs\/\" \/>\n<meta property=\"og:site_name\" content=\"Zerust\" \/>\n<meta property=\"article:modified_time\" content=\"2024-09-16T13:02:21+00:00\" \/>\n<meta property=\"og:image\" content=\"https:\/\/zerust.se\/wp-content\/uploads\/2023\/05\/AxxanCoat90BHF_350-M-00056PL.jpg\" \/>\n\t<meta property=\"og:image:width\" content=\"1500\" \/>\n\t<meta property=\"og:image:height\" content=\"999\" \/>\n\t<meta property=\"og:image:type\" content=\"image\/jpeg\" \/>\n<meta name=\"twitter:card\" content=\"summary_large_image\" \/>\n<meta name=\"twitter:label1\" content=\"Ansl. lesetid\" \/>\n\t<meta name=\"twitter:data1\" content=\"1 minutt\" \/>\n<script type=\"application\/ld+json\" class=\"yoast-schema-graph\">{\"@context\":\"https:\\\/\\\/schema.org\",\"@graph\":[{\"@type\":\"WebPage\",\"@id\":\"https:\\\/\\\/zerust.se\\\/no\\\/produkt\\\/axxacoat-90b-hfs\\\/\",\"url\":\"https:\\\/\\\/zerust.se\\\/no\\\/produkt\\\/axxacoat-90b-hfs\\\/\",\"name\":\"AxxaCoat 90B HFS - Zerust\",\"isPartOf\":{\"@id\":\"https:\\\/\\\/zerust.se\\\/no\\\/#website\"},\"primaryImageOfPage\":{\"@id\":\"https:\\\/\\\/zerust.se\\\/no\\\/produkt\\\/axxacoat-90b-hfs\\\/#primaryimage\"},\"image\":{\"@id\":\"https:\\\/\\\/zerust.se\\\/no\\\/produkt\\\/axxacoat-90b-hfs\\\/#primaryimage\"},\"thumbnailUrl\":\"https:\\\/\\\/zerust.se\\\/wp-content\\\/uploads\\\/2023\\\/05\\\/AxxanCoat90BHF_350-M-00056PL.jpg\",\"datePublished\":\"2023-05-30T12:10:56+00:00\",\"dateModified\":\"2024-09-16T13:02:21+00:00\",\"breadcrumb\":{\"@id\":\"https:\\\/\\\/zerust.se\\\/no\\\/produkt\\\/axxacoat-90b-hfs\\\/#breadcrumb\"},\"inLanguage\":\"nb-NO\",\"potentialAction\":[{\"@type\":\"ReadAction\",\"target\":[\"https:\\\/\\\/zerust.se\\\/no\\\/produkt\\\/axxacoat-90b-hfs\\\/\"]}]},{\"@type\":\"ImageObject\",\"inLanguage\":\"nb-NO\",\"@id\":\"https:\\\/\\\/zerust.se\\\/no\\\/produkt\\\/axxacoat-90b-hfs\\\/#primaryimage\",\"url\":\"https:\\\/\\\/zerust.se\\\/wp-content\\\/uploads\\\/2023\\\/05\\\/AxxanCoat90BHF_350-M-00056PL.jpg\",\"contentUrl\":\"https:\\\/\\\/zerust.se\\\/wp-content\\\/uploads\\\/2023\\\/05\\\/AxxanCoat90BHF_350-M-00056PL.jpg\",\"width\":1500,\"height\":999},{\"@type\":\"BreadcrumbList\",\"@id\":\"https:\\\/\\\/zerust.se\\\/no\\\/produkt\\\/axxacoat-90b-hfs\\\/#breadcrumb\",\"itemListElement\":[{\"@type\":\"ListItem\",\"position\":1,\"name\":\"Hem\",\"item\":\"https:\\\/\\\/zerust.se\\\/no\\\/\"},{\"@type\":\"ListItem\",\"position\":2,\"name\":\"Corrosion Protection Products\",\"item\":\"https:\\\/\\\/zerust.se\\\/korrosionsskyddande-produkter\\\/\"},{\"@type\":\"ListItem\",\"position\":3,\"name\":\"Oljer og V\u00e6sker\",\"item\":\"https:\\\/\\\/zerust.se\\\/no\\\/produktkategori\\\/oljer-og-vaesker\\\/\"},{\"@type\":\"ListItem\",\"position\":4,\"name\":\"AxxaCoat 90B HFS\"}]},{\"@type\":\"WebSite\",\"@id\":\"https:\\\/\\\/zerust.se\\\/no\\\/#website\",\"url\":\"https:\\\/\\\/zerust.se\\\/no\\\/\",\"name\":\"Zerust\",\"description\":\"Korrosjonsbeskyttelsesprodukter\",\"potentialAction\":[{\"@type\":\"SearchAction\",\"target\":{\"@type\":\"EntryPoint\",\"urlTemplate\":\"https:\\\/\\\/zerust.se\\\/no\\\/?s={search_term_string}\"},\"query-input\":{\"@type\":\"PropertyValueSpecification\",\"valueRequired\":true,\"valueName\":\"search_term_string\"}}],\"inLanguage\":\"nb-NO\"}]}<\/script>\n<!-- \/ Yoast SEO plugin. -->","yoast_head_json":{"title":"AxxaCoat 90B HFS - Zerust","robots":{"index":"index","follow":"follow","max-snippet":"max-snippet:-1","max-image-preview":"max-image-preview:large","max-video-preview":"max-video-preview:-1"},"canonical":"https:\/\/zerust.se\/no\/produkt\/axxacoat-90b-hfs\/","og_locale":"nb_NO","og_type":"article","og_title":"AxxaCoat 90B HFS - Zerust","og_description":"ZERUST\u00ae\/EXCOR\u00ae AxxaCoat\u2122 90B HFS er en spraybar rustbeskyttelsesbelegg med h\u00f8y flammepunkt for utend\u00f8rs bruk som er utviklet for \u00e5 beskytte metalldeler og monteringer under langvarig innend\u00f8rs- og utend\u00f8rs lagring samt krevende sj\u00f8frakt der et slitesterkt men avtagbart belegg er viktig. Egenskaper: Effektiv korrosjonsbeskyttelse der tradisjonelle rustbeskyttelsesmetoder ikke kan brukes Lett \u00e5 p\u00e5f\u00f8re, \u00f8konomisk i bruk [&hellip;]","og_url":"https:\/\/zerust.se\/no\/produkt\/axxacoat-90b-hfs\/","og_site_name":"Zerust","article_modified_time":"2024-09-16T13:02:21+00:00","og_image":[{"width":1500,"height":999,"url":"https:\/\/zerust.se\/wp-content\/uploads\/2023\/05\/AxxanCoat90BHF_350-M-00056PL.jpg","type":"image\/jpeg"}],"twitter_card":"summary_large_image","twitter_misc":{"Ansl. lesetid":"1 minutt"},"schema":{"@context":"https:\/\/schema.org","@graph":[{"@type":"WebPage","@id":"https:\/\/zerust.se\/no\/produkt\/axxacoat-90b-hfs\/","url":"https:\/\/zerust.se\/no\/produkt\/axxacoat-90b-hfs\/","name":"AxxaCoat 90B HFS - Zerust","isPartOf":{"@id":"https:\/\/zerust.se\/no\/#website"},"primaryImageOfPage":{"@id":"https:\/\/zerust.se\/no\/produkt\/axxacoat-90b-hfs\/#primaryimage"},"image":{"@id":"https:\/\/zerust.se\/no\/produkt\/axxacoat-90b-hfs\/#primaryimage"},"thumbnailUrl":"https:\/\/zerust.se\/wp-content\/uploads\/2023\/05\/AxxanCoat90BHF_350-M-00056PL.jpg","datePublished":"2023-05-30T12:10:56+00:00","dateModified":"2024-09-16T13:02:21+00:00","breadcrumb":{"@id":"https:\/\/zerust.se\/no\/produkt\/axxacoat-90b-hfs\/#breadcrumb"},"inLanguage":"nb-NO","potentialAction":[{"@type":"ReadAction","target":["https:\/\/zerust.se\/no\/produkt\/axxacoat-90b-hfs\/"]}]},{"@type":"ImageObject","inLanguage":"nb-NO","@id":"https:\/\/zerust.se\/no\/produkt\/axxacoat-90b-hfs\/#primaryimage","url":"https:\/\/zerust.se\/wp-content\/uploads\/2023\/05\/AxxanCoat90BHF_350-M-00056PL.jpg","contentUrl":"https:\/\/zerust.se\/wp-content\/uploads\/2023\/05\/AxxanCoat90BHF_350-M-00056PL.jpg","width":1500,"height":999},{"@type":"BreadcrumbList","@id":"https:\/\/zerust.se\/no\/produkt\/axxacoat-90b-hfs\/#breadcrumb","itemListElement":[{"@type":"ListItem","position":1,"name":"Hem","item":"https:\/\/zerust.se\/no\/"},{"@type":"ListItem","position":2,"name":"Corrosion Protection Products","item":"https:\/\/zerust.se\/korrosionsskyddande-produkter\/"},{"@type":"ListItem","position":3,"name":"Oljer og V\u00e6sker","item":"https:\/\/zerust.se\/no\/produktkategori\/oljer-og-vaesker\/"},{"@type":"ListItem","position":4,"name":"AxxaCoat 90B HFS"}]},{"@type":"WebSite","@id":"https:\/\/zerust.se\/no\/#website","url":"https:\/\/zerust.se\/no\/","name":"Zerust","description":"Korrosjonsbeskyttelsesprodukter","potentialAction":[{"@type":"SearchAction","target":{"@type":"EntryPoint","urlTemplate":"https:\/\/zerust.se\/no\/?s={search_term_string}"},"query-input":{"@type":"PropertyValueSpecification","valueRequired":true,"valueName":"search_term_string"}}],"inLanguage":"nb-NO"}]}},"_links":{"self":[{"href":"https:\/\/zerust.se\/no\/wp-json\/wp\/v2\/product\/1799","targetHints":{"allow":["GET"]}}],"collection":[{"href":"https:\/\/zerust.se\/no\/wp-json\/wp\/v2\/product"}],"about":[{"href":"https:\/\/zerust.se\/no\/wp-json\/wp\/v2\/types\/product"}],"replies":[{"embeddable":true,"href":"https:\/\/zerust.se\/no\/wp-json\/wp\/v2\/comments?post=1799"}],"wp:featuredmedia":[{"embeddable":true,"href":"https:\/\/zerust.se\/no\/wp-json\/wp\/v2\/media\/2494"}],"wp:attachment":[{"href":"https:\/\/zerust.se\/no\/wp-json\/wp\/v2\/media?parent=1799"}],"wp:term":[{"taxonomy":"product_brand","embeddable":true,"href":"https:\/\/zerust.se\/no\/wp-json\/wp\/v2\/product_brand?post=1799"},{"taxonomy":"product_cat","embeddable":true,"href":"https:\/\/zerust.se\/no\/wp-json\/wp\/v2\/product_cat?post=1799"},{"taxonomy":"product_tag","embeddable":true,"href":"https:\/\/zerust.se\/no\/wp-json\/wp\/v2\/product_tag?post=1799"}],"curies":[{"name":"wp","href":"https:\/\/api.w.org\/{rel}","templated":true}]}}