{"id":1790,"date":"2023-05-30T12:09:45","date_gmt":"2023-05-30T12:09:45","guid":{"rendered":"https:\/\/zerust.invistic-dev.com\/?post_type=product&#038;p=1790"},"modified":"2024-09-16T13:39:58","modified_gmt":"2024-09-16T13:39:58","slug":"1790","status":"publish","type":"product","link":"https:\/\/zerust.se\/no\/produkt\/1790\/","title":{"rendered":"AxxaVis HST-10"},"content":{"rendered":"<p>ZERUST\u00ae\/EXCOR\u00ae AxxaVis\u2122 HST-10 er et vannl\u00f8selig pulvertilsetningsstoff som behandler vann og inaktiverer ioniske forurensninger som finnes i vannkilder som for\u00e5rsaker rust og hardt vannavleiringer p\u00e5 metaller under hydrostatisk testing.<\/p>\n<p><strong>Egenskaper:<\/strong><\/p>\n<ul>\n<li>Inaktiverer ioniske urenheter<\/li>\n<li>Forenkler bruken av hardt vann<\/li>\n<li>Forhindrer rust- og kalkavleiringer<\/li>\n<li>Trygg og ikke-farlig<\/li>\n<\/ul>\n","protected":false},"excerpt":{"rendered":"<p>Bruk Zerust AxxaVis HST-10 for \u00e5 behandle hardt vann og for \u00e5 deaktivere klorider.<\/p>\n","protected":false},"featured_media":1791,"comment_status":"closed","ping_status":"closed","template":"","meta":{"_acf_changed":false},"product_brand":[],"product_cat":[80],"product_tag":[],"class_list":{"0":"post-1790","1":"product","2":"type-product","3":"status-publish","4":"has-post-thumbnail","6":"product_cat-oljer-og-vaesker","8":"first","9":"instock","10":"shipping-taxable","11":"product-type-simple"},"acf":[],"gallery_images":[],"yoast_head":"<!-- This site is optimized with the Yoast SEO plugin v27.5 - https:\/\/yoast.com\/product\/yoast-seo-wordpress\/ -->\n<title>AxxaVis HST-10 - Zerust<\/title>\n<meta name=\"robots\" content=\"index, follow, max-snippet:-1, max-image-preview:large, max-video-preview:-1\" \/>\n<link rel=\"canonical\" href=\"https:\/\/zerust.se\/no\/produkt\/1790\/\" \/>\n<meta property=\"og:locale\" content=\"nb_NO\" \/>\n<meta property=\"og:type\" content=\"article\" \/>\n<meta property=\"og:title\" content=\"AxxaVis HST-10 - Zerust\" \/>\n<meta property=\"og:description\" content=\"Bruk Zerust AxxaVis HST-10 for \u00e5 behandle hardt vann og for \u00e5 deaktivere klorider.\" \/>\n<meta property=\"og:url\" content=\"https:\/\/zerust.se\/no\/produkt\/1790\/\" \/>\n<meta property=\"og:site_name\" content=\"Zerust\" \/>\n<meta property=\"article:modified_time\" content=\"2024-09-16T13:39:58+00:00\" \/>\n<meta property=\"og:image\" content=\"https:\/\/zerust.se\/wp-content\/uploads\/2023\/05\/AxxaVis-HST-10-img.jpeg\" \/>\n\t<meta property=\"og:image:width\" content=\"540\" \/>\n\t<meta property=\"og:image:height\" content=\"500\" \/>\n\t<meta property=\"og:image:type\" content=\"image\/jpeg\" \/>\n<meta name=\"twitter:card\" content=\"summary_large_image\" \/>\n<meta name=\"twitter:label1\" content=\"Ansl. lesetid\" \/>\n\t<meta name=\"twitter:data1\" content=\"1 minutt\" \/>\n<script type=\"application\/ld+json\" class=\"yoast-schema-graph\">{\"@context\":\"https:\\\/\\\/schema.org\",\"@graph\":[{\"@type\":\"WebPage\",\"@id\":\"https:\\\/\\\/zerust.se\\\/no\\\/produkt\\\/1790\\\/\",\"url\":\"https:\\\/\\\/zerust.se\\\/no\\\/produkt\\\/1790\\\/\",\"name\":\"AxxaVis HST-10 - Zerust\",\"isPartOf\":{\"@id\":\"https:\\\/\\\/zerust.se\\\/no\\\/#website\"},\"primaryImageOfPage\":{\"@id\":\"https:\\\/\\\/zerust.se\\\/no\\\/produkt\\\/1790\\\/#primaryimage\"},\"image\":{\"@id\":\"https:\\\/\\\/zerust.se\\\/no\\\/produkt\\\/1790\\\/#primaryimage\"},\"thumbnailUrl\":\"https:\\\/\\\/zerust.se\\\/wp-content\\\/uploads\\\/2023\\\/05\\\/AxxaVis-HST-10-img.jpeg\",\"datePublished\":\"2023-05-30T12:09:45+00:00\",\"dateModified\":\"2024-09-16T13:39:58+00:00\",\"breadcrumb\":{\"@id\":\"https:\\\/\\\/zerust.se\\\/no\\\/produkt\\\/1790\\\/#breadcrumb\"},\"inLanguage\":\"nb-NO\",\"potentialAction\":[{\"@type\":\"ReadAction\",\"target\":[\"https:\\\/\\\/zerust.se\\\/no\\\/produkt\\\/1790\\\/\"]}]},{\"@type\":\"ImageObject\",\"inLanguage\":\"nb-NO\",\"@id\":\"https:\\\/\\\/zerust.se\\\/no\\\/produkt\\\/1790\\\/#primaryimage\",\"url\":\"https:\\\/\\\/zerust.se\\\/wp-content\\\/uploads\\\/2023\\\/05\\\/AxxaVis-HST-10-img.jpeg\",\"contentUrl\":\"https:\\\/\\\/zerust.se\\\/wp-content\\\/uploads\\\/2023\\\/05\\\/AxxaVis-HST-10-img.jpeg\",\"width\":540,\"height\":500},{\"@type\":\"BreadcrumbList\",\"@id\":\"https:\\\/\\\/zerust.se\\\/no\\\/produkt\\\/1790\\\/#breadcrumb\",\"itemListElement\":[{\"@type\":\"ListItem\",\"position\":1,\"name\":\"Hem\",\"item\":\"https:\\\/\\\/zerust.se\\\/no\\\/\"},{\"@type\":\"ListItem\",\"position\":2,\"name\":\"Corrosion Protection Products\",\"item\":\"https:\\\/\\\/zerust.se\\\/korrosionsskyddande-produkter\\\/\"},{\"@type\":\"ListItem\",\"position\":3,\"name\":\"Oljer og V\u00e6sker\",\"item\":\"https:\\\/\\\/zerust.se\\\/no\\\/produktkategori\\\/oljer-og-vaesker\\\/\"},{\"@type\":\"ListItem\",\"position\":4,\"name\":\"AxxaVis HST-10\"}]},{\"@type\":\"WebSite\",\"@id\":\"https:\\\/\\\/zerust.se\\\/no\\\/#website\",\"url\":\"https:\\\/\\\/zerust.se\\\/no\\\/\",\"name\":\"Zerust\",\"description\":\"Korrosjonsbeskyttelsesprodukter\",\"potentialAction\":[{\"@type\":\"SearchAction\",\"target\":{\"@type\":\"EntryPoint\",\"urlTemplate\":\"https:\\\/\\\/zerust.se\\\/no\\\/?s={search_term_string}\"},\"query-input\":{\"@type\":\"PropertyValueSpecification\",\"valueRequired\":true,\"valueName\":\"search_term_string\"}}],\"inLanguage\":\"nb-NO\"}]}<\/script>\n<!-- \/ Yoast SEO plugin. -->","yoast_head_json":{"title":"AxxaVis HST-10 - Zerust","robots":{"index":"index","follow":"follow","max-snippet":"max-snippet:-1","max-image-preview":"max-image-preview:large","max-video-preview":"max-video-preview:-1"},"canonical":"https:\/\/zerust.se\/no\/produkt\/1790\/","og_locale":"nb_NO","og_type":"article","og_title":"AxxaVis HST-10 - Zerust","og_description":"Bruk Zerust AxxaVis HST-10 for \u00e5 behandle hardt vann og for \u00e5 deaktivere klorider.","og_url":"https:\/\/zerust.se\/no\/produkt\/1790\/","og_site_name":"Zerust","article_modified_time":"2024-09-16T13:39:58+00:00","og_image":[{"width":540,"height":500,"url":"https:\/\/zerust.se\/wp-content\/uploads\/2023\/05\/AxxaVis-HST-10-img.jpeg","type":"image\/jpeg"}],"twitter_card":"summary_large_image","twitter_misc":{"Ansl. lesetid":"1 minutt"},"schema":{"@context":"https:\/\/schema.org","@graph":[{"@type":"WebPage","@id":"https:\/\/zerust.se\/no\/produkt\/1790\/","url":"https:\/\/zerust.se\/no\/produkt\/1790\/","name":"AxxaVis HST-10 - Zerust","isPartOf":{"@id":"https:\/\/zerust.se\/no\/#website"},"primaryImageOfPage":{"@id":"https:\/\/zerust.se\/no\/produkt\/1790\/#primaryimage"},"image":{"@id":"https:\/\/zerust.se\/no\/produkt\/1790\/#primaryimage"},"thumbnailUrl":"https:\/\/zerust.se\/wp-content\/uploads\/2023\/05\/AxxaVis-HST-10-img.jpeg","datePublished":"2023-05-30T12:09:45+00:00","dateModified":"2024-09-16T13:39:58+00:00","breadcrumb":{"@id":"https:\/\/zerust.se\/no\/produkt\/1790\/#breadcrumb"},"inLanguage":"nb-NO","potentialAction":[{"@type":"ReadAction","target":["https:\/\/zerust.se\/no\/produkt\/1790\/"]}]},{"@type":"ImageObject","inLanguage":"nb-NO","@id":"https:\/\/zerust.se\/no\/produkt\/1790\/#primaryimage","url":"https:\/\/zerust.se\/wp-content\/uploads\/2023\/05\/AxxaVis-HST-10-img.jpeg","contentUrl":"https:\/\/zerust.se\/wp-content\/uploads\/2023\/05\/AxxaVis-HST-10-img.jpeg","width":540,"height":500},{"@type":"BreadcrumbList","@id":"https:\/\/zerust.se\/no\/produkt\/1790\/#breadcrumb","itemListElement":[{"@type":"ListItem","position":1,"name":"Hem","item":"https:\/\/zerust.se\/no\/"},{"@type":"ListItem","position":2,"name":"Corrosion Protection Products","item":"https:\/\/zerust.se\/korrosionsskyddande-produkter\/"},{"@type":"ListItem","position":3,"name":"Oljer og V\u00e6sker","item":"https:\/\/zerust.se\/no\/produktkategori\/oljer-og-vaesker\/"},{"@type":"ListItem","position":4,"name":"AxxaVis HST-10"}]},{"@type":"WebSite","@id":"https:\/\/zerust.se\/no\/#website","url":"https:\/\/zerust.se\/no\/","name":"Zerust","description":"Korrosjonsbeskyttelsesprodukter","potentialAction":[{"@type":"SearchAction","target":{"@type":"EntryPoint","urlTemplate":"https:\/\/zerust.se\/no\/?s={search_term_string}"},"query-input":{"@type":"PropertyValueSpecification","valueRequired":true,"valueName":"search_term_string"}}],"inLanguage":"nb-NO"}]}},"_links":{"self":[{"href":"https:\/\/zerust.se\/no\/wp-json\/wp\/v2\/product\/1790","targetHints":{"allow":["GET"]}}],"collection":[{"href":"https:\/\/zerust.se\/no\/wp-json\/wp\/v2\/product"}],"about":[{"href":"https:\/\/zerust.se\/no\/wp-json\/wp\/v2\/types\/product"}],"replies":[{"embeddable":true,"href":"https:\/\/zerust.se\/no\/wp-json\/wp\/v2\/comments?post=1790"}],"wp:featuredmedia":[{"embeddable":true,"href":"https:\/\/zerust.se\/no\/wp-json\/wp\/v2\/media\/1791"}],"wp:attachment":[{"href":"https:\/\/zerust.se\/no\/wp-json\/wp\/v2\/media?parent=1790"}],"wp:term":[{"taxonomy":"product_brand","embeddable":true,"href":"https:\/\/zerust.se\/no\/wp-json\/wp\/v2\/product_brand?post=1790"},{"taxonomy":"product_cat","embeddable":true,"href":"https:\/\/zerust.se\/no\/wp-json\/wp\/v2\/product_cat?post=1790"},{"taxonomy":"product_tag","embeddable":true,"href":"https:\/\/zerust.se\/no\/wp-json\/wp\/v2\/product_tag?post=1790"}],"curies":[{"name":"wp","href":"https:\/\/api.w.org\/{rel}","templated":true}]}}