{"id":1767,"date":"2023-05-30T12:05:21","date_gmt":"2023-05-30T12:05:21","guid":{"rendered":"https:\/\/zerust.invistic-dev.com\/?post_type=product&#038;p=1767"},"modified":"2024-09-16T14:10:00","modified_gmt":"2024-09-16T14:10:00","slug":"axxawash-nw-10c","status":"publish","type":"product","link":"https:\/\/zerust.se\/no\/produkt\/axxawash-nw-10c\/","title":{"rendered":"AxxaWash NW-10C"},"content":{"rendered":"<p>ZERUST\u00ae\/EXCOR\u00ae AxxaWash\u2122 NW-10C er et mildt alkalisk, vannbasert konserveringsmiddel med et bredt temperaturomr\u00e5de. I tillegg er AxxaWash\u2122 NW-10C et h\u00f8yytelsesrengj\u00f8ringsmiddel med lynrustbeskyttelse designet for \u00e5 fjerne og inaktivere kilder til korrosjon som klorider, oljer, metallbearbeidingsrester og organiske eller uorganiske forurensninger p\u00e5 jernholdige metaller.<\/p>\n<p><strong>Egenskaper:<\/strong><\/p>\n<ul>\n<li>Vannbasert konserveringsmiddel-rens<\/li>\n<li>Rengj\u00f8r i ultralyd-, nedsenkings- og spraymodus<\/li>\n<li>Inaktiverer ioniske urenheter<\/li>\n<li>Forbedrer effektiviteten til antirustbelegg<\/li>\n<li>Forlenger VCI-pakningens effektivitet og motstand mot flash-korrosjon<\/li>\n<\/ul>\n","protected":false},"excerpt":{"rendered":"<p>Bruk Zerust AxxaWash NW-10C for \u00e5 fjerne skitt og jord fra metall og organiske eller uorganiske kontaminater p\u00e5 jernholdige metaller.<\/p>\n","protected":false},"featured_media":2575,"comment_status":"closed","ping_status":"closed","template":"","meta":{"_acf_changed":false},"product_brand":[],"product_cat":[80],"product_tag":[],"class_list":{"0":"post-1767","1":"product","2":"type-product","3":"status-publish","4":"has-post-thumbnail","6":"product_cat-oljer-og-vaesker","8":"first","9":"instock","10":"shipping-taxable","11":"product-type-simple"},"acf":[],"gallery_images":[],"yoast_head":"<!-- This site is optimized with the Yoast SEO plugin v27.4 - https:\/\/yoast.com\/product\/yoast-seo-wordpress\/ -->\n<title>AxxaWash NW-10C - Zerust<\/title>\n<meta name=\"robots\" content=\"index, follow, max-snippet:-1, max-image-preview:large, max-video-preview:-1\" \/>\n<link rel=\"canonical\" href=\"https:\/\/zerust.se\/no\/produkt\/axxawash-nw-10c\/\" \/>\n<meta property=\"og:locale\" content=\"nb_NO\" \/>\n<meta property=\"og:type\" content=\"article\" \/>\n<meta property=\"og:title\" content=\"AxxaWash NW-10C - Zerust\" \/>\n<meta property=\"og:description\" content=\"Bruk Zerust AxxaWash NW-10C for \u00e5 fjerne skitt og jord fra metall og organiske eller uorganiske kontaminater p\u00e5 jernholdige metaller.\" \/>\n<meta property=\"og:url\" content=\"https:\/\/zerust.se\/no\/produkt\/axxawash-nw-10c\/\" \/>\n<meta property=\"og:site_name\" content=\"Zerust\" \/>\n<meta property=\"article:modified_time\" content=\"2024-09-16T14:10:00+00:00\" \/>\n<meta property=\"og:image\" content=\"https:\/\/zerust.se\/wp-content\/uploads\/2023\/05\/AxxaWashNW-10C_350-W-00001.jpg\" \/>\n\t<meta property=\"og:image:width\" content=\"1500\" \/>\n\t<meta property=\"og:image:height\" content=\"999\" \/>\n\t<meta property=\"og:image:type\" content=\"image\/jpeg\" \/>\n<meta name=\"twitter:card\" content=\"summary_large_image\" \/>\n<meta name=\"twitter:label1\" content=\"Ansl. lesetid\" \/>\n\t<meta name=\"twitter:data1\" content=\"1 minutt\" \/>\n<script type=\"application\/ld+json\" class=\"yoast-schema-graph\">{\"@context\":\"https:\\\/\\\/schema.org\",\"@graph\":[{\"@type\":\"WebPage\",\"@id\":\"https:\\\/\\\/zerust.se\\\/no\\\/produkt\\\/axxawash-nw-10c\\\/\",\"url\":\"https:\\\/\\\/zerust.se\\\/no\\\/produkt\\\/axxawash-nw-10c\\\/\",\"name\":\"AxxaWash NW-10C - Zerust\",\"isPartOf\":{\"@id\":\"https:\\\/\\\/zerust.se\\\/no\\\/#website\"},\"primaryImageOfPage\":{\"@id\":\"https:\\\/\\\/zerust.se\\\/no\\\/produkt\\\/axxawash-nw-10c\\\/#primaryimage\"},\"image\":{\"@id\":\"https:\\\/\\\/zerust.se\\\/no\\\/produkt\\\/axxawash-nw-10c\\\/#primaryimage\"},\"thumbnailUrl\":\"https:\\\/\\\/zerust.se\\\/wp-content\\\/uploads\\\/2023\\\/05\\\/AxxaWashNW-10C_350-W-00001.jpg\",\"datePublished\":\"2023-05-30T12:05:21+00:00\",\"dateModified\":\"2024-09-16T14:10:00+00:00\",\"breadcrumb\":{\"@id\":\"https:\\\/\\\/zerust.se\\\/no\\\/produkt\\\/axxawash-nw-10c\\\/#breadcrumb\"},\"inLanguage\":\"nb-NO\",\"potentialAction\":[{\"@type\":\"ReadAction\",\"target\":[\"https:\\\/\\\/zerust.se\\\/no\\\/produkt\\\/axxawash-nw-10c\\\/\"]}]},{\"@type\":\"ImageObject\",\"inLanguage\":\"nb-NO\",\"@id\":\"https:\\\/\\\/zerust.se\\\/no\\\/produkt\\\/axxawash-nw-10c\\\/#primaryimage\",\"url\":\"https:\\\/\\\/zerust.se\\\/wp-content\\\/uploads\\\/2023\\\/05\\\/AxxaWashNW-10C_350-W-00001.jpg\",\"contentUrl\":\"https:\\\/\\\/zerust.se\\\/wp-content\\\/uploads\\\/2023\\\/05\\\/AxxaWashNW-10C_350-W-00001.jpg\",\"width\":1500,\"height\":999},{\"@type\":\"BreadcrumbList\",\"@id\":\"https:\\\/\\\/zerust.se\\\/no\\\/produkt\\\/axxawash-nw-10c\\\/#breadcrumb\",\"itemListElement\":[{\"@type\":\"ListItem\",\"position\":1,\"name\":\"Hem\",\"item\":\"https:\\\/\\\/zerust.se\\\/no\\\/\"},{\"@type\":\"ListItem\",\"position\":2,\"name\":\"Corrosion Protection Products\",\"item\":\"https:\\\/\\\/zerust.se\\\/korrosionsskyddande-produkter\\\/\"},{\"@type\":\"ListItem\",\"position\":3,\"name\":\"Oljer og V\u00e6sker\",\"item\":\"https:\\\/\\\/zerust.se\\\/no\\\/produktkategori\\\/oljer-og-vaesker\\\/\"},{\"@type\":\"ListItem\",\"position\":4,\"name\":\"AxxaWash NW-10C\"}]},{\"@type\":\"WebSite\",\"@id\":\"https:\\\/\\\/zerust.se\\\/no\\\/#website\",\"url\":\"https:\\\/\\\/zerust.se\\\/no\\\/\",\"name\":\"Zerust\",\"description\":\"Korrosjonsbeskyttelsesprodukter\",\"potentialAction\":[{\"@type\":\"SearchAction\",\"target\":{\"@type\":\"EntryPoint\",\"urlTemplate\":\"https:\\\/\\\/zerust.se\\\/no\\\/?s={search_term_string}\"},\"query-input\":{\"@type\":\"PropertyValueSpecification\",\"valueRequired\":true,\"valueName\":\"search_term_string\"}}],\"inLanguage\":\"nb-NO\"}]}<\/script>\n<!-- \/ Yoast SEO plugin. -->","yoast_head_json":{"title":"AxxaWash NW-10C - Zerust","robots":{"index":"index","follow":"follow","max-snippet":"max-snippet:-1","max-image-preview":"max-image-preview:large","max-video-preview":"max-video-preview:-1"},"canonical":"https:\/\/zerust.se\/no\/produkt\/axxawash-nw-10c\/","og_locale":"nb_NO","og_type":"article","og_title":"AxxaWash NW-10C - Zerust","og_description":"Bruk Zerust AxxaWash NW-10C for \u00e5 fjerne skitt og jord fra metall og organiske eller uorganiske kontaminater p\u00e5 jernholdige metaller.","og_url":"https:\/\/zerust.se\/no\/produkt\/axxawash-nw-10c\/","og_site_name":"Zerust","article_modified_time":"2024-09-16T14:10:00+00:00","og_image":[{"width":1500,"height":999,"url":"https:\/\/zerust.se\/wp-content\/uploads\/2023\/05\/AxxaWashNW-10C_350-W-00001.jpg","type":"image\/jpeg"}],"twitter_card":"summary_large_image","twitter_misc":{"Ansl. lesetid":"1 minutt"},"schema":{"@context":"https:\/\/schema.org","@graph":[{"@type":"WebPage","@id":"https:\/\/zerust.se\/no\/produkt\/axxawash-nw-10c\/","url":"https:\/\/zerust.se\/no\/produkt\/axxawash-nw-10c\/","name":"AxxaWash NW-10C - Zerust","isPartOf":{"@id":"https:\/\/zerust.se\/no\/#website"},"primaryImageOfPage":{"@id":"https:\/\/zerust.se\/no\/produkt\/axxawash-nw-10c\/#primaryimage"},"image":{"@id":"https:\/\/zerust.se\/no\/produkt\/axxawash-nw-10c\/#primaryimage"},"thumbnailUrl":"https:\/\/zerust.se\/wp-content\/uploads\/2023\/05\/AxxaWashNW-10C_350-W-00001.jpg","datePublished":"2023-05-30T12:05:21+00:00","dateModified":"2024-09-16T14:10:00+00:00","breadcrumb":{"@id":"https:\/\/zerust.se\/no\/produkt\/axxawash-nw-10c\/#breadcrumb"},"inLanguage":"nb-NO","potentialAction":[{"@type":"ReadAction","target":["https:\/\/zerust.se\/no\/produkt\/axxawash-nw-10c\/"]}]},{"@type":"ImageObject","inLanguage":"nb-NO","@id":"https:\/\/zerust.se\/no\/produkt\/axxawash-nw-10c\/#primaryimage","url":"https:\/\/zerust.se\/wp-content\/uploads\/2023\/05\/AxxaWashNW-10C_350-W-00001.jpg","contentUrl":"https:\/\/zerust.se\/wp-content\/uploads\/2023\/05\/AxxaWashNW-10C_350-W-00001.jpg","width":1500,"height":999},{"@type":"BreadcrumbList","@id":"https:\/\/zerust.se\/no\/produkt\/axxawash-nw-10c\/#breadcrumb","itemListElement":[{"@type":"ListItem","position":1,"name":"Hem","item":"https:\/\/zerust.se\/no\/"},{"@type":"ListItem","position":2,"name":"Corrosion Protection Products","item":"https:\/\/zerust.se\/korrosionsskyddande-produkter\/"},{"@type":"ListItem","position":3,"name":"Oljer og V\u00e6sker","item":"https:\/\/zerust.se\/no\/produktkategori\/oljer-og-vaesker\/"},{"@type":"ListItem","position":4,"name":"AxxaWash NW-10C"}]},{"@type":"WebSite","@id":"https:\/\/zerust.se\/no\/#website","url":"https:\/\/zerust.se\/no\/","name":"Zerust","description":"Korrosjonsbeskyttelsesprodukter","potentialAction":[{"@type":"SearchAction","target":{"@type":"EntryPoint","urlTemplate":"https:\/\/zerust.se\/no\/?s={search_term_string}"},"query-input":{"@type":"PropertyValueSpecification","valueRequired":true,"valueName":"search_term_string"}}],"inLanguage":"nb-NO"}]}},"_links":{"self":[{"href":"https:\/\/zerust.se\/no\/wp-json\/wp\/v2\/product\/1767","targetHints":{"allow":["GET"]}}],"collection":[{"href":"https:\/\/zerust.se\/no\/wp-json\/wp\/v2\/product"}],"about":[{"href":"https:\/\/zerust.se\/no\/wp-json\/wp\/v2\/types\/product"}],"replies":[{"embeddable":true,"href":"https:\/\/zerust.se\/no\/wp-json\/wp\/v2\/comments?post=1767"}],"wp:featuredmedia":[{"embeddable":true,"href":"https:\/\/zerust.se\/no\/wp-json\/wp\/v2\/media\/2575"}],"wp:attachment":[{"href":"https:\/\/zerust.se\/no\/wp-json\/wp\/v2\/media?parent=1767"}],"wp:term":[{"taxonomy":"product_brand","embeddable":true,"href":"https:\/\/zerust.se\/no\/wp-json\/wp\/v2\/product_brand?post=1767"},{"taxonomy":"product_cat","embeddable":true,"href":"https:\/\/zerust.se\/no\/wp-json\/wp\/v2\/product_cat?post=1767"},{"taxonomy":"product_tag","embeddable":true,"href":"https:\/\/zerust.se\/no\/wp-json\/wp\/v2\/product_tag?post=1767"}],"curies":[{"name":"wp","href":"https:\/\/api.w.org\/{rel}","templated":true}]}}