{"id":1749,"date":"2023-05-30T12:20:32","date_gmt":"2023-05-30T12:20:32","guid":{"rendered":"https:\/\/zerust.invistic-dev.com\/?post_type=product&#038;p=1749"},"modified":"2024-09-16T12:48:59","modified_gmt":"2024-09-16T12:48:59","slug":"axxaclean-3048","status":"publish","type":"product","link":"https:\/\/zerust.se\/no\/produkt\/axxaclean-3048\/","title":{"rendered":"AxxaClean 3048"},"content":{"rendered":"<p>Zerust AxxaClean 3048 er en hurtigvirkende rust og flekkfjerner. Den fjerner raskt medium til harde korrosjonsangrep, selv i kroker og hulrom. Rengjorte overflater er frie for rester av svart karbon og resistante mot flash-korrosjon.<\/p>\n<p>Zerust AxxaClean 3048 rengj\u00f8r jernholdige metaller, messing, kobber og flere legeringer av rust og flekker. AxxaClean 3048 er tilgjengelig i to formuleringer; nedsenking og en b\u00f8rst-p\u00e5 gele. Overflater som er ordentlig rengjort med Zerust AxxaClean 3048 er beskyttet fra flash-rust eller nye flekker i flere dager i et kontrollert milj\u00f8. Rengjorte og t\u00f8rkede gjenstander kan umiddelbart males eller sveises. For best resultat, skyll med en l\u00f8sning av AxxaVis PX-05AN syren\u00f8ytraliserer etter rengj\u00f8ring med AxxaClean 3048, og t\u00f8rk grundig med filtrert, kompressluft. For korrosjonsutsatte metaller slik som st\u00f8pejern, bruk Zerust Axxanol eller Axxatec rust forhindringsmaling eller VCI emballasje produkt. AxxaClean 3048 har en pH p\u00e5 mellom 0.5 og 1.5. Produktet kan angripe maling, sink og galvaniserte malinger\/toppstr\u00f8k. Test produktet f\u00f8r bruk. Bruk Zerust Axxaclean 2048 hvis det er behov for et mindre surt produkt.<\/p>\n","protected":false},"excerpt":{"rendered":"<p>Zerust AxxaClean 3048 er en hurtigvirkende rust og flekkfjerner. Den fjerner raskt medium til harde korrosjonsangrep, selv i kroker og hulrom.<\/p>\n","protected":false},"featured_media":2532,"comment_status":"closed","ping_status":"closed","template":"","meta":{"_acf_changed":false},"product_brand":[],"product_cat":[80],"product_tag":[],"class_list":{"0":"post-1749","1":"product","2":"type-product","3":"status-publish","4":"has-post-thumbnail","6":"product_cat-oljer-og-vaesker","8":"first","9":"instock","10":"shipping-taxable","11":"product-type-simple"},"acf":[],"gallery_images":[],"yoast_head":"<!-- This site is optimized with the Yoast SEO plugin v27.5 - https:\/\/yoast.com\/product\/yoast-seo-wordpress\/ -->\n<title>AxxaClean 3048 - Zerust<\/title>\n<meta name=\"robots\" content=\"index, follow, max-snippet:-1, max-image-preview:large, max-video-preview:-1\" \/>\n<link rel=\"canonical\" href=\"https:\/\/zerust.se\/no\/produkt\/axxaclean-3048\/\" \/>\n<meta property=\"og:locale\" content=\"nb_NO\" \/>\n<meta property=\"og:type\" content=\"article\" \/>\n<meta property=\"og:title\" content=\"AxxaClean 3048 - Zerust\" \/>\n<meta property=\"og:description\" content=\"Zerust AxxaClean 3048 er en hurtigvirkende rust og flekkfjerner. Den fjerner raskt medium til harde korrosjonsangrep, selv i kroker og hulrom.\" \/>\n<meta property=\"og:url\" content=\"https:\/\/zerust.se\/no\/produkt\/axxaclean-3048\/\" \/>\n<meta property=\"og:site_name\" content=\"Zerust\" \/>\n<meta property=\"article:modified_time\" content=\"2024-09-16T12:48:59+00:00\" \/>\n<meta property=\"og:image\" content=\"https:\/\/zerust.se\/wp-content\/uploads\/2023\/05\/AxxaClean3048_Brush-On_350-M-00022PL.jpg\" \/>\n\t<meta property=\"og:image:width\" content=\"1500\" \/>\n\t<meta property=\"og:image:height\" content=\"999\" \/>\n\t<meta property=\"og:image:type\" content=\"image\/jpeg\" \/>\n<meta name=\"twitter:card\" content=\"summary_large_image\" \/>\n<meta name=\"twitter:label1\" content=\"Ansl. lesetid\" \/>\n\t<meta name=\"twitter:data1\" content=\"1 minutt\" \/>\n<script type=\"application\/ld+json\" class=\"yoast-schema-graph\">{\"@context\":\"https:\\\/\\\/schema.org\",\"@graph\":[{\"@type\":\"WebPage\",\"@id\":\"https:\\\/\\\/zerust.se\\\/no\\\/produkt\\\/axxaclean-3048\\\/\",\"url\":\"https:\\\/\\\/zerust.se\\\/no\\\/produkt\\\/axxaclean-3048\\\/\",\"name\":\"AxxaClean 3048 - Zerust\",\"isPartOf\":{\"@id\":\"https:\\\/\\\/zerust.se\\\/no\\\/#website\"},\"primaryImageOfPage\":{\"@id\":\"https:\\\/\\\/zerust.se\\\/no\\\/produkt\\\/axxaclean-3048\\\/#primaryimage\"},\"image\":{\"@id\":\"https:\\\/\\\/zerust.se\\\/no\\\/produkt\\\/axxaclean-3048\\\/#primaryimage\"},\"thumbnailUrl\":\"https:\\\/\\\/zerust.se\\\/wp-content\\\/uploads\\\/2023\\\/05\\\/AxxaClean3048_Brush-On_350-M-00022PL.jpg\",\"datePublished\":\"2023-05-30T12:20:32+00:00\",\"dateModified\":\"2024-09-16T12:48:59+00:00\",\"breadcrumb\":{\"@id\":\"https:\\\/\\\/zerust.se\\\/no\\\/produkt\\\/axxaclean-3048\\\/#breadcrumb\"},\"inLanguage\":\"nb-NO\",\"potentialAction\":[{\"@type\":\"ReadAction\",\"target\":[\"https:\\\/\\\/zerust.se\\\/no\\\/produkt\\\/axxaclean-3048\\\/\"]}]},{\"@type\":\"ImageObject\",\"inLanguage\":\"nb-NO\",\"@id\":\"https:\\\/\\\/zerust.se\\\/no\\\/produkt\\\/axxaclean-3048\\\/#primaryimage\",\"url\":\"https:\\\/\\\/zerust.se\\\/wp-content\\\/uploads\\\/2023\\\/05\\\/AxxaClean3048_Brush-On_350-M-00022PL.jpg\",\"contentUrl\":\"https:\\\/\\\/zerust.se\\\/wp-content\\\/uploads\\\/2023\\\/05\\\/AxxaClean3048_Brush-On_350-M-00022PL.jpg\",\"width\":1500,\"height\":999},{\"@type\":\"BreadcrumbList\",\"@id\":\"https:\\\/\\\/zerust.se\\\/no\\\/produkt\\\/axxaclean-3048\\\/#breadcrumb\",\"itemListElement\":[{\"@type\":\"ListItem\",\"position\":1,\"name\":\"Hem\",\"item\":\"https:\\\/\\\/zerust.se\\\/no\\\/\"},{\"@type\":\"ListItem\",\"position\":2,\"name\":\"Corrosion Protection Products\",\"item\":\"https:\\\/\\\/zerust.se\\\/korrosionsskyddande-produkter\\\/\"},{\"@type\":\"ListItem\",\"position\":3,\"name\":\"Oljer og V\u00e6sker\",\"item\":\"https:\\\/\\\/zerust.se\\\/no\\\/produktkategori\\\/oljer-og-vaesker\\\/\"},{\"@type\":\"ListItem\",\"position\":4,\"name\":\"AxxaClean 3048\"}]},{\"@type\":\"WebSite\",\"@id\":\"https:\\\/\\\/zerust.se\\\/no\\\/#website\",\"url\":\"https:\\\/\\\/zerust.se\\\/no\\\/\",\"name\":\"Zerust\",\"description\":\"Korrosjonsbeskyttelsesprodukter\",\"potentialAction\":[{\"@type\":\"SearchAction\",\"target\":{\"@type\":\"EntryPoint\",\"urlTemplate\":\"https:\\\/\\\/zerust.se\\\/no\\\/?s={search_term_string}\"},\"query-input\":{\"@type\":\"PropertyValueSpecification\",\"valueRequired\":true,\"valueName\":\"search_term_string\"}}],\"inLanguage\":\"nb-NO\"}]}<\/script>\n<!-- \/ Yoast SEO plugin. -->","yoast_head_json":{"title":"AxxaClean 3048 - Zerust","robots":{"index":"index","follow":"follow","max-snippet":"max-snippet:-1","max-image-preview":"max-image-preview:large","max-video-preview":"max-video-preview:-1"},"canonical":"https:\/\/zerust.se\/no\/produkt\/axxaclean-3048\/","og_locale":"nb_NO","og_type":"article","og_title":"AxxaClean 3048 - Zerust","og_description":"Zerust AxxaClean 3048 er en hurtigvirkende rust og flekkfjerner. Den fjerner raskt medium til harde korrosjonsangrep, selv i kroker og hulrom.","og_url":"https:\/\/zerust.se\/no\/produkt\/axxaclean-3048\/","og_site_name":"Zerust","article_modified_time":"2024-09-16T12:48:59+00:00","og_image":[{"width":1500,"height":999,"url":"https:\/\/zerust.se\/wp-content\/uploads\/2023\/05\/AxxaClean3048_Brush-On_350-M-00022PL.jpg","type":"image\/jpeg"}],"twitter_card":"summary_large_image","twitter_misc":{"Ansl. lesetid":"1 minutt"},"schema":{"@context":"https:\/\/schema.org","@graph":[{"@type":"WebPage","@id":"https:\/\/zerust.se\/no\/produkt\/axxaclean-3048\/","url":"https:\/\/zerust.se\/no\/produkt\/axxaclean-3048\/","name":"AxxaClean 3048 - Zerust","isPartOf":{"@id":"https:\/\/zerust.se\/no\/#website"},"primaryImageOfPage":{"@id":"https:\/\/zerust.se\/no\/produkt\/axxaclean-3048\/#primaryimage"},"image":{"@id":"https:\/\/zerust.se\/no\/produkt\/axxaclean-3048\/#primaryimage"},"thumbnailUrl":"https:\/\/zerust.se\/wp-content\/uploads\/2023\/05\/AxxaClean3048_Brush-On_350-M-00022PL.jpg","datePublished":"2023-05-30T12:20:32+00:00","dateModified":"2024-09-16T12:48:59+00:00","breadcrumb":{"@id":"https:\/\/zerust.se\/no\/produkt\/axxaclean-3048\/#breadcrumb"},"inLanguage":"nb-NO","potentialAction":[{"@type":"ReadAction","target":["https:\/\/zerust.se\/no\/produkt\/axxaclean-3048\/"]}]},{"@type":"ImageObject","inLanguage":"nb-NO","@id":"https:\/\/zerust.se\/no\/produkt\/axxaclean-3048\/#primaryimage","url":"https:\/\/zerust.se\/wp-content\/uploads\/2023\/05\/AxxaClean3048_Brush-On_350-M-00022PL.jpg","contentUrl":"https:\/\/zerust.se\/wp-content\/uploads\/2023\/05\/AxxaClean3048_Brush-On_350-M-00022PL.jpg","width":1500,"height":999},{"@type":"BreadcrumbList","@id":"https:\/\/zerust.se\/no\/produkt\/axxaclean-3048\/#breadcrumb","itemListElement":[{"@type":"ListItem","position":1,"name":"Hem","item":"https:\/\/zerust.se\/no\/"},{"@type":"ListItem","position":2,"name":"Corrosion Protection Products","item":"https:\/\/zerust.se\/korrosionsskyddande-produkter\/"},{"@type":"ListItem","position":3,"name":"Oljer og V\u00e6sker","item":"https:\/\/zerust.se\/no\/produktkategori\/oljer-og-vaesker\/"},{"@type":"ListItem","position":4,"name":"AxxaClean 3048"}]},{"@type":"WebSite","@id":"https:\/\/zerust.se\/no\/#website","url":"https:\/\/zerust.se\/no\/","name":"Zerust","description":"Korrosjonsbeskyttelsesprodukter","potentialAction":[{"@type":"SearchAction","target":{"@type":"EntryPoint","urlTemplate":"https:\/\/zerust.se\/no\/?s={search_term_string}"},"query-input":{"@type":"PropertyValueSpecification","valueRequired":true,"valueName":"search_term_string"}}],"inLanguage":"nb-NO"}]}},"_links":{"self":[{"href":"https:\/\/zerust.se\/no\/wp-json\/wp\/v2\/product\/1749","targetHints":{"allow":["GET"]}}],"collection":[{"href":"https:\/\/zerust.se\/no\/wp-json\/wp\/v2\/product"}],"about":[{"href":"https:\/\/zerust.se\/no\/wp-json\/wp\/v2\/types\/product"}],"replies":[{"embeddable":true,"href":"https:\/\/zerust.se\/no\/wp-json\/wp\/v2\/comments?post=1749"}],"wp:featuredmedia":[{"embeddable":true,"href":"https:\/\/zerust.se\/no\/wp-json\/wp\/v2\/media\/2532"}],"wp:attachment":[{"href":"https:\/\/zerust.se\/no\/wp-json\/wp\/v2\/media?parent=1749"}],"wp:term":[{"taxonomy":"product_brand","embeddable":true,"href":"https:\/\/zerust.se\/no\/wp-json\/wp\/v2\/product_brand?post=1749"},{"taxonomy":"product_cat","embeddable":true,"href":"https:\/\/zerust.se\/no\/wp-json\/wp\/v2\/product_cat?post=1749"},{"taxonomy":"product_tag","embeddable":true,"href":"https:\/\/zerust.se\/no\/wp-json\/wp\/v2\/product_tag?post=1749"}],"curies":[{"name":"wp","href":"https:\/\/api.w.org\/{rel}","templated":true}]}}