{"id":1550,"date":"2023-05-22T11:26:36","date_gmt":"2023-05-22T11:26:36","guid":{"rendered":"https:\/\/zerust.invistic-dev.com\/product\/poser-og-pallehetter\/"},"modified":"2024-09-23T11:05:13","modified_gmt":"2024-09-23T11:05:13","slug":"poser-og-pallehetter","status":"publish","type":"product","link":"https:\/\/zerust.se\/no\/produkt\/poser-og-pallehetter\/","title":{"rendered":"Poser og Pallehetter"},"content":{"rendered":"<p>Posene og pallehettene finnes i mange ulike st\u00f8rrelser og kan ogs\u00e5 f\u00e5es etter skreddersydde m\u00e5l.Produktene leveres enten pakket enkeltvis eller perforert p\u00e5 rull og kan ogs\u00e5 utrustes med limflik eller kundetilpasset trykk.<\/p>\n<p>Det er ogs\u00e5 mulig \u00e5 f\u00e5 v\u00e5re VCI-folier med 30 % resirkulert plast. Ta kontakt med oss eller v\u00e5re forhandlere, s\u00e5 forteller vi deg mer.<\/p>\n","protected":false},"excerpt":{"rendered":"<p>Poser og pallehetter i flere ulike st\u00f8rrelser og former. Produktene kan leveres pakket enkeltvis eller perforert p\u00e5 rull.<\/p>\n","protected":false},"featured_media":3086,"comment_status":"closed","ping_status":"closed","template":"","meta":{"_acf_changed":false},"product_brand":[],"product_cat":[62],"product_tag":[],"class_list":{"0":"post-1550","1":"product","2":"type-product","3":"status-publish","4":"has-post-thumbnail","6":"product_cat-vci-emballasje","8":"first","9":"instock","10":"shipping-taxable","11":"product-type-simple"},"acf":[],"gallery_images":[],"yoast_head":"<!-- This site is optimized with the Yoast SEO plugin v27.4 - https:\/\/yoast.com\/product\/yoast-seo-wordpress\/ -->\n<title>Poser og Pallehetter - Zerust<\/title>\n<meta name=\"robots\" content=\"index, follow, max-snippet:-1, max-image-preview:large, max-video-preview:-1\" \/>\n<link rel=\"canonical\" href=\"https:\/\/zerust.se\/no\/produkt\/poser-og-pallehetter\/\" \/>\n<meta property=\"og:locale\" content=\"nb_NO\" \/>\n<meta property=\"og:type\" content=\"article\" \/>\n<meta property=\"og:title\" content=\"Poser og Pallehetter - Zerust\" \/>\n<meta property=\"og:description\" content=\"Poser og pallehetter i flere ulike st\u00f8rrelser og former. Produktene kan leveres pakket enkeltvis eller perforert p\u00e5 rull.\" \/>\n<meta property=\"og:url\" content=\"https:\/\/zerust.se\/no\/produkt\/poser-og-pallehetter\/\" \/>\n<meta property=\"og:site_name\" content=\"Zerust\" \/>\n<meta property=\"article:modified_time\" content=\"2024-09-23T11:05:13+00:00\" \/>\n<meta property=\"og:image\" content=\"https:\/\/zerust.se\/wp-content\/uploads\/2023\/05\/pasar-pallhuvar-1.jpg\" \/>\n\t<meta property=\"og:image:width\" content=\"540\" \/>\n\t<meta property=\"og:image:height\" content=\"500\" \/>\n\t<meta property=\"og:image:type\" content=\"image\/jpeg\" \/>\n<meta name=\"twitter:card\" content=\"summary_large_image\" \/>\n<meta name=\"twitter:label1\" content=\"Ansl. lesetid\" \/>\n\t<meta name=\"twitter:data1\" content=\"1 minutt\" \/>\n<script type=\"application\/ld+json\" class=\"yoast-schema-graph\">{\"@context\":\"https:\\\/\\\/schema.org\",\"@graph\":[{\"@type\":\"WebPage\",\"@id\":\"https:\\\/\\\/zerust.se\\\/no\\\/produkt\\\/poser-og-pallehetter\\\/\",\"url\":\"https:\\\/\\\/zerust.se\\\/no\\\/produkt\\\/poser-og-pallehetter\\\/\",\"name\":\"Poser og Pallehetter - Zerust\",\"isPartOf\":{\"@id\":\"https:\\\/\\\/zerust.se\\\/no\\\/#website\"},\"primaryImageOfPage\":{\"@id\":\"https:\\\/\\\/zerust.se\\\/no\\\/produkt\\\/poser-og-pallehetter\\\/#primaryimage\"},\"image\":{\"@id\":\"https:\\\/\\\/zerust.se\\\/no\\\/produkt\\\/poser-og-pallehetter\\\/#primaryimage\"},\"thumbnailUrl\":\"https:\\\/\\\/zerust.se\\\/wp-content\\\/uploads\\\/2023\\\/05\\\/pasar-pallhuvar-1.jpg\",\"datePublished\":\"2023-05-22T11:26:36+00:00\",\"dateModified\":\"2024-09-23T11:05:13+00:00\",\"breadcrumb\":{\"@id\":\"https:\\\/\\\/zerust.se\\\/no\\\/produkt\\\/poser-og-pallehetter\\\/#breadcrumb\"},\"inLanguage\":\"nb-NO\",\"potentialAction\":[{\"@type\":\"ReadAction\",\"target\":[\"https:\\\/\\\/zerust.se\\\/no\\\/produkt\\\/poser-og-pallehetter\\\/\"]}]},{\"@type\":\"ImageObject\",\"inLanguage\":\"nb-NO\",\"@id\":\"https:\\\/\\\/zerust.se\\\/no\\\/produkt\\\/poser-og-pallehetter\\\/#primaryimage\",\"url\":\"https:\\\/\\\/zerust.se\\\/wp-content\\\/uploads\\\/2023\\\/05\\\/pasar-pallhuvar-1.jpg\",\"contentUrl\":\"https:\\\/\\\/zerust.se\\\/wp-content\\\/uploads\\\/2023\\\/05\\\/pasar-pallhuvar-1.jpg\",\"width\":540,\"height\":500},{\"@type\":\"BreadcrumbList\",\"@id\":\"https:\\\/\\\/zerust.se\\\/no\\\/produkt\\\/poser-og-pallehetter\\\/#breadcrumb\",\"itemListElement\":[{\"@type\":\"ListItem\",\"position\":1,\"name\":\"Hem\",\"item\":\"https:\\\/\\\/zerust.se\\\/no\\\/\"},{\"@type\":\"ListItem\",\"position\":2,\"name\":\"Corrosion Protection Products\",\"item\":\"https:\\\/\\\/zerust.se\\\/korrosionsskyddande-produkter\\\/\"},{\"@type\":\"ListItem\",\"position\":3,\"name\":\"VCI-Emballasje\",\"item\":\"https:\\\/\\\/zerust.se\\\/no\\\/produktkategori\\\/vci-emballasje\\\/\"},{\"@type\":\"ListItem\",\"position\":4,\"name\":\"Poser og Pallehetter\"}]},{\"@type\":\"WebSite\",\"@id\":\"https:\\\/\\\/zerust.se\\\/no\\\/#website\",\"url\":\"https:\\\/\\\/zerust.se\\\/no\\\/\",\"name\":\"Zerust\",\"description\":\"Korrosjonsbeskyttelsesprodukter\",\"potentialAction\":[{\"@type\":\"SearchAction\",\"target\":{\"@type\":\"EntryPoint\",\"urlTemplate\":\"https:\\\/\\\/zerust.se\\\/no\\\/?s={search_term_string}\"},\"query-input\":{\"@type\":\"PropertyValueSpecification\",\"valueRequired\":true,\"valueName\":\"search_term_string\"}}],\"inLanguage\":\"nb-NO\"}]}<\/script>\n<!-- \/ Yoast SEO plugin. -->","yoast_head_json":{"title":"Poser og Pallehetter - Zerust","robots":{"index":"index","follow":"follow","max-snippet":"max-snippet:-1","max-image-preview":"max-image-preview:large","max-video-preview":"max-video-preview:-1"},"canonical":"https:\/\/zerust.se\/no\/produkt\/poser-og-pallehetter\/","og_locale":"nb_NO","og_type":"article","og_title":"Poser og Pallehetter - Zerust","og_description":"Poser og pallehetter i flere ulike st\u00f8rrelser og former. Produktene kan leveres pakket enkeltvis eller perforert p\u00e5 rull.","og_url":"https:\/\/zerust.se\/no\/produkt\/poser-og-pallehetter\/","og_site_name":"Zerust","article_modified_time":"2024-09-23T11:05:13+00:00","og_image":[{"width":540,"height":500,"url":"https:\/\/zerust.se\/wp-content\/uploads\/2023\/05\/pasar-pallhuvar-1.jpg","type":"image\/jpeg"}],"twitter_card":"summary_large_image","twitter_misc":{"Ansl. lesetid":"1 minutt"},"schema":{"@context":"https:\/\/schema.org","@graph":[{"@type":"WebPage","@id":"https:\/\/zerust.se\/no\/produkt\/poser-og-pallehetter\/","url":"https:\/\/zerust.se\/no\/produkt\/poser-og-pallehetter\/","name":"Poser og Pallehetter - Zerust","isPartOf":{"@id":"https:\/\/zerust.se\/no\/#website"},"primaryImageOfPage":{"@id":"https:\/\/zerust.se\/no\/produkt\/poser-og-pallehetter\/#primaryimage"},"image":{"@id":"https:\/\/zerust.se\/no\/produkt\/poser-og-pallehetter\/#primaryimage"},"thumbnailUrl":"https:\/\/zerust.se\/wp-content\/uploads\/2023\/05\/pasar-pallhuvar-1.jpg","datePublished":"2023-05-22T11:26:36+00:00","dateModified":"2024-09-23T11:05:13+00:00","breadcrumb":{"@id":"https:\/\/zerust.se\/no\/produkt\/poser-og-pallehetter\/#breadcrumb"},"inLanguage":"nb-NO","potentialAction":[{"@type":"ReadAction","target":["https:\/\/zerust.se\/no\/produkt\/poser-og-pallehetter\/"]}]},{"@type":"ImageObject","inLanguage":"nb-NO","@id":"https:\/\/zerust.se\/no\/produkt\/poser-og-pallehetter\/#primaryimage","url":"https:\/\/zerust.se\/wp-content\/uploads\/2023\/05\/pasar-pallhuvar-1.jpg","contentUrl":"https:\/\/zerust.se\/wp-content\/uploads\/2023\/05\/pasar-pallhuvar-1.jpg","width":540,"height":500},{"@type":"BreadcrumbList","@id":"https:\/\/zerust.se\/no\/produkt\/poser-og-pallehetter\/#breadcrumb","itemListElement":[{"@type":"ListItem","position":1,"name":"Hem","item":"https:\/\/zerust.se\/no\/"},{"@type":"ListItem","position":2,"name":"Corrosion Protection Products","item":"https:\/\/zerust.se\/korrosionsskyddande-produkter\/"},{"@type":"ListItem","position":3,"name":"VCI-Emballasje","item":"https:\/\/zerust.se\/no\/produktkategori\/vci-emballasje\/"},{"@type":"ListItem","position":4,"name":"Poser og Pallehetter"}]},{"@type":"WebSite","@id":"https:\/\/zerust.se\/no\/#website","url":"https:\/\/zerust.se\/no\/","name":"Zerust","description":"Korrosjonsbeskyttelsesprodukter","potentialAction":[{"@type":"SearchAction","target":{"@type":"EntryPoint","urlTemplate":"https:\/\/zerust.se\/no\/?s={search_term_string}"},"query-input":{"@type":"PropertyValueSpecification","valueRequired":true,"valueName":"search_term_string"}}],"inLanguage":"nb-NO"}]}},"_links":{"self":[{"href":"https:\/\/zerust.se\/no\/wp-json\/wp\/v2\/product\/1550","targetHints":{"allow":["GET"]}}],"collection":[{"href":"https:\/\/zerust.se\/no\/wp-json\/wp\/v2\/product"}],"about":[{"href":"https:\/\/zerust.se\/no\/wp-json\/wp\/v2\/types\/product"}],"replies":[{"embeddable":true,"href":"https:\/\/zerust.se\/no\/wp-json\/wp\/v2\/comments?post=1550"}],"wp:featuredmedia":[{"embeddable":true,"href":"https:\/\/zerust.se\/no\/wp-json\/wp\/v2\/media\/3086"}],"wp:attachment":[{"href":"https:\/\/zerust.se\/no\/wp-json\/wp\/v2\/media?parent=1550"}],"wp:term":[{"taxonomy":"product_brand","embeddable":true,"href":"https:\/\/zerust.se\/no\/wp-json\/wp\/v2\/product_brand?post=1550"},{"taxonomy":"product_cat","embeddable":true,"href":"https:\/\/zerust.se\/no\/wp-json\/wp\/v2\/product_cat?post=1550"},{"taxonomy":"product_tag","embeddable":true,"href":"https:\/\/zerust.se\/no\/wp-json\/wp\/v2\/product_tag?post=1550"}],"curies":[{"name":"wp","href":"https:\/\/api.w.org\/{rel}","templated":true}]}}