{"id":1705,"date":"2023-05-22T11:57:57","date_gmt":"2023-05-22T11:57:57","guid":{"rendered":"https:\/\/zerust.invistic-dev.com\/tjenster\/"},"modified":"2024-09-27T07:45:27","modified_gmt":"2024-09-27T07:45:27","slug":"tjenster","status":"publish","type":"page","link":"https:\/\/zerust.se\/no\/tjenster\/","title":{"rendered":"Tjenester"},"content":{"rendered":"\t\t<div data-elementor-type=\"wp-page\" data-elementor-id=\"1705\" class=\"elementor elementor-1705 elementor-86\" data-elementor-post-type=\"page\">\n\t\t\t\t<div class=\"elementor-element elementor-element-7e33089 e-flex e-con-boxed e-con e-parent\" data-id=\"7e33089\" data-element_type=\"container\" data-e-type=\"container\" data-settings=\"{&quot;background_background&quot;:&quot;classic&quot;}\">\n\t\t\t\t\t<div class=\"e-con-inner\">\n\t\t\t\t<div class=\"elementor-element elementor-element-b9eb279 hide elementor-hidden-desktop elementor-hidden-tablet elementor-hidden-mobile elementor-widget elementor-widget-breadcrumbs\" data-id=\"b9eb279\" data-element_type=\"widget\" data-e-type=\"widget\" data-widget_type=\"breadcrumbs.default\">\n\t\t\t\t<div class=\"elementor-widget-container\">\n\t\t\t\t\t<p id=\"breadcrumbs\"><span><span><a href=\"https:\/\/zerust.se\/no\/\">Hem<\/a><\/span><\/span><\/p>\t\t\t\t<\/div>\n\t\t\t\t<\/div>\n\t\t\t\t<div class=\"elementor-element elementor-element-7f05875 elementor-widget elementor-widget-woocommerce-breadcrumb\" data-id=\"7f05875\" data-element_type=\"widget\" data-e-type=\"widget\" id=\"breadcrumbs\" data-widget_type=\"woocommerce-breadcrumb.default\">\n\t\t\t\t<div class=\"elementor-widget-container\">\n\t\t\t\t\t<nav class=\"woocommerce-breadcrumb\" aria-label=\"Breadcrumb\">Hjem<\/nav>\t\t\t\t<\/div>\n\t\t\t\t<\/div>\n\t\t\t\t<div class=\"elementor-element elementor-element-f0c9f46 elementor-widget elementor-widget-heading\" data-id=\"f0c9f46\" data-element_type=\"widget\" data-e-type=\"widget\" data-widget_type=\"heading.default\">\n\t\t\t\t<div class=\"elementor-widget-container\">\n\t\t\t\t\t<h1 class=\"elementor-heading-title elementor-size-default\">Tjenster<\/h1>\t\t\t\t<\/div>\n\t\t\t\t<\/div>\n\t\t\t\t<div class=\"elementor-element elementor-element-e2dddc9 elementor-widget elementor-widget-text-editor\" data-id=\"e2dddc9\" data-element_type=\"widget\" data-e-type=\"widget\" data-widget_type=\"text-editor.default\">\n\t\t\t\t<div class=\"elementor-widget-container\">\n\t\t\t\t\t\t\t\t\t<p>P\u00e5 Zerust<sup>\u00ae<\/sup> AB samarbeider vi over grensene for \u00e5 tilby global support og service i verdensklasse.<\/p>\n\t\t\t\t\t\t\t\t<\/div>\n\t\t\t\t<\/div>\n\t\t\t\t\t<\/div>\n\t\t\t\t<\/div>\n\t\t<div class=\"elementor-element elementor-element-893db08 row-grey-wave-on-top e-flex e-con-boxed elementor-invisible e-con e-parent\" data-id=\"893db08\" data-element_type=\"container\" data-e-type=\"container\" data-settings=\"{&quot;animation&quot;:&quot;fadeIn&quot;}\">\n\t\t\t\t\t<div class=\"e-con-inner\">\n\t\t<div class=\"elementor-element elementor-element-7f3b9ae e-con-full e-flex e-con e-child\" data-id=\"7f3b9ae\" data-element_type=\"container\" data-e-type=\"container\">\n\t\t\t\t<div class=\"elementor-element elementor-element-5aad5d5 yellow-square-bg position-right elementor-widget__width-inherit elementor-widget elementor-widget-image\" data-id=\"5aad5d5\" data-element_type=\"widget\" data-e-type=\"widget\" data-widget_type=\"image.default\">\n\t\t\t\t<div class=\"elementor-widget-container\">\n\t\t\t\t\t\t\t\t\t\t\t\t\t\t\t<img fetchpriority=\"high\" decoding=\"async\" width=\"484\" height=\"305\" src=\"https:\/\/zerust.se\/wp-content\/uploads\/2023\/05\/lab-1.png\" class=\"attachment-large size-large wp-image-1378\" alt=\"\" srcset=\"https:\/\/zerust.se\/wp-content\/uploads\/2023\/05\/lab-1.png 484w, https:\/\/zerust.se\/wp-content\/uploads\/2023\/05\/lab-1-300x189.png 300w, https:\/\/zerust.se\/wp-content\/uploads\/2023\/05\/lab-1-80x50.png 80w\" sizes=\"(max-width: 484px) 100vw, 484px\" \/>\t\t\t\t\t\t\t\t\t\t\t\t\t\t\t<\/div>\n\t\t\t\t<\/div>\n\t\t\t\t<\/div>\n\t\t<div class=\"elementor-element elementor-element-2824201 e-con-full e-flex e-con e-child\" data-id=\"2824201\" data-element_type=\"container\" data-e-type=\"container\">\n\t\t\t\t<div class=\"elementor-element elementor-element-4fb1fa7 elementor-widget elementor-widget-heading\" data-id=\"4fb1fa7\" data-element_type=\"widget\" data-e-type=\"widget\" data-widget_type=\"heading.default\">\n\t\t\t\t<div class=\"elementor-widget-container\">\n\t\t\t\t\t<h2 class=\"elementor-heading-title elementor-size-default\">Support i verdensklasse<\/h2>\t\t\t\t<\/div>\n\t\t\t\t<\/div>\n\t\t\t\t<div class=\"elementor-element elementor-element-9b4df3f no-ident-list elementor-widget elementor-widget-text-editor\" data-id=\"9b4df3f\" data-element_type=\"widget\" data-e-type=\"widget\" data-widget_type=\"text-editor.default\">\n\t\t\t\t<div class=\"elementor-widget-container\">\n\t\t\t\t\t\t\t\t\t<p>P\u00e5 Zerust samarbeider meritterte forskere og ingeni\u00f8rer fra hele verden, for \u00e5 utvikle og finne kundetilpassede korrosjonsbeskyttelsesl\u00f8sninger.Med globalt n\u00e6rv\u00e6r som strekker seg over 70 land, har v\u00e5re kunder alltid n\u00e6rhet til kyndig personell og profesjonell support.<\/p><p>Som sammenslutning av selskaper opererer vi med nettverk av lokale partnere i mer enn 70 land i verden. Dette letter teknisk st\u00f8tte og inspeksjon av forsendelser p\u00e5 leveringsstedet hvor som helst i verden. Takket v\u00e6re v\u00e5r globale applikasjonsdatabase er vi i stand til \u00e5 overf\u00f8re erfaringer fra ett land til et annet, og dette lar oss raskt finne den optimale rustforebyggende l\u00f8sningen for hver forsendelse.<\/p>\t\t\t\t\t\t\t\t<\/div>\n\t\t\t\t<\/div>\n\t\t\t\t<\/div>\n\t\t\t\t\t<\/div>\n\t\t\t\t<\/div>\n\t\t<div class=\"elementor-element elementor-element-62b158a e-flex e-con-boxed elementor-invisible e-con e-parent\" data-id=\"62b158a\" data-element_type=\"container\" data-e-type=\"container\" data-settings=\"{&quot;animation&quot;:&quot;fadeIn&quot;}\">\n\t\t\t\t\t<div class=\"e-con-inner\">\n\t\t<div class=\"elementor-element elementor-element-105ff17 e-con-full e-flex e-con e-child\" data-id=\"105ff17\" data-element_type=\"container\" data-e-type=\"container\">\n\t\t\t\t<div class=\"elementor-element elementor-element-f9b5191 elementor-widget elementor-widget-heading\" data-id=\"f9b5191\" data-element_type=\"widget\" data-e-type=\"widget\" data-widget_type=\"heading.default\">\n\t\t\t\t<div class=\"elementor-widget-container\">\n\t\t\t\t\t<h2 class=\"elementor-heading-title elementor-size-default\">Testing og Kvalitetssikring<\/h2>\t\t\t\t<\/div>\n\t\t\t\t<\/div>\n\t\t\t\t<div class=\"elementor-element elementor-element-c92f224 elementor-widget elementor-widget-text-editor\" data-id=\"c92f224\" data-element_type=\"widget\" data-e-type=\"widget\" data-widget_type=\"text-editor.default\">\n\t\t\t\t<div class=\"elementor-widget-container\">\n\t\t\t\t\t\t\t\t\t<p>P\u00e5 Zerust<sup>\u00ae<\/sup> tilbyr vi inng\u00e5ende design, applikasjon og ettersalgssupport for \u00e5 sikre at v\u00e5re kunders korrosjonsbeskyttelseskrav blir oppfylt. N\u00e5r det dreier seg om avanserte tester og analyser, gjennomf\u00f8res de vanligvis p\u00e5 noen av v\u00e5re laboratorier beliggende i USA, Tyskland, Japan og India.<\/p><p><strong>Klimakammertest<\/strong><\/p><p>Effektiviteten til ulike foresl\u00e5tte l\u00f8sninger kan vurderes i tester utf\u00f8rt i klimatiske kammer i v\u00e5re perfekt utstyrte laboratorier i USA, Tyskland, Japan og India i henhold til DIN EN IEC 60068-2-30.<\/p><p><strong>Testsendinger<\/strong><\/p><p>Ved hjelp av testsendinger kan vi f\u00f8lge \u00e5 analysere det aktuelle klimaet, fuktniv\u00e5ene og temperaturforhold som oppst\u00e5r under transport og forvaring. Zerust<sup>\u00ae<\/sup> selgere og ingeni\u00f8rer assisterer gjerne p\u00e5 stedet gjennom \u00e5 forbedre og pakke metalldetaljer for testsending. N\u00e5r en testsending ankommer kan testpakkingen inspiseres og evalueres av det lokale Zerust personalet p\u00e5 stedet.<\/p>\t\t\t\t\t\t\t\t<\/div>\n\t\t\t\t<\/div>\n\t\t\t\t<\/div>\n\t\t<div class=\"elementor-element elementor-element-20207a2 e-con-full e-flex e-con e-child\" data-id=\"20207a2\" data-element_type=\"container\" data-e-type=\"container\">\n\t\t\t\t<div class=\"elementor-element elementor-element-20403f9 yellow-square-bg drop-shadow elementor-widget elementor-widget-image\" data-id=\"20403f9\" data-element_type=\"widget\" data-e-type=\"widget\" data-widget_type=\"image.default\">\n\t\t\t\t<div class=\"elementor-widget-container\">\n\t\t\t\t\t\t\t\t\t\t\t\t\t\t\t<img decoding=\"async\" width=\"485\" height=\"536\" src=\"https:\/\/zerust.se\/wp-content\/uploads\/2023\/05\/servis2.png\" class=\"attachment-large size-large wp-image-1382\" alt=\"\" srcset=\"https:\/\/zerust.se\/wp-content\/uploads\/2023\/05\/servis2.png 485w, https:\/\/zerust.se\/wp-content\/uploads\/2023\/05\/servis2-271x300.png 271w, https:\/\/zerust.se\/wp-content\/uploads\/2023\/05\/servis2-300x332.png 300w, https:\/\/zerust.se\/wp-content\/uploads\/2023\/05\/servis2-80x88.png 80w\" sizes=\"(max-width: 485px) 100vw, 485px\" \/>\t\t\t\t\t\t\t\t\t\t\t\t\t\t\t<\/div>\n\t\t\t\t<\/div>\n\t\t\t\t<\/div>\n\t\t\t\t\t<\/div>\n\t\t\t\t<\/div>\n\t\t\t\t<\/div>\n\t\t","protected":false},"excerpt":{"rendered":"<p>Tjenster P\u00e5 Zerust\u00ae AB samarbeider vi over grensene for \u00e5 tilby global support og service i verdensklasse. Support i verdensklasse P\u00e5 Zerust samarbeider meritterte forskere og ingeni\u00f8rer fra hele verden, for \u00e5 utvikle og finne kundetilpassede korrosjonsbeskyttelsesl\u00f8sninger.Med globalt n\u00e6rv\u00e6r som strekker seg over 70 land, har v\u00e5re kunder alltid n\u00e6rhet til kyndig personell og profesjonell [&hellip;]<\/p>\n","protected":false},"author":1,"featured_media":0,"parent":0,"menu_order":0,"comment_status":"closed","ping_status":"closed","template":"","meta":{"_acf_changed":false,"footnotes":""},"class_list":["post-1705","page","type-page","status-publish","hentry"],"acf":[],"yoast_head":"<!-- This site is optimized with the Yoast SEO plugin v27.4 - https:\/\/yoast.com\/product\/yoast-seo-wordpress\/ -->\n<title>Tjenester - Zerust<\/title>\n<meta name=\"robots\" content=\"index, follow, max-snippet:-1, max-image-preview:large, max-video-preview:-1\" \/>\n<link rel=\"canonical\" href=\"https:\/\/zerust.se\/no\/tjenster\/\" \/>\n<meta property=\"og:locale\" content=\"nb_NO\" \/>\n<meta property=\"og:type\" content=\"article\" \/>\n<meta property=\"og:title\" content=\"Tjenester - Zerust\" \/>\n<meta property=\"og:description\" content=\"Tjenster P\u00e5 Zerust\u00ae AB samarbeider vi over grensene for \u00e5 tilby global support og service i verdensklasse. Support i verdensklasse P\u00e5 Zerust samarbeider meritterte forskere og ingeni\u00f8rer fra hele verden, for \u00e5 utvikle og finne kundetilpassede korrosjonsbeskyttelsesl\u00f8sninger.Med globalt n\u00e6rv\u00e6r som strekker seg over 70 land, har v\u00e5re kunder alltid n\u00e6rhet til kyndig personell og profesjonell [&hellip;]\" \/>\n<meta property=\"og:url\" content=\"https:\/\/zerust.se\/no\/tjenster\/\" \/>\n<meta property=\"og:site_name\" content=\"Zerust\" \/>\n<meta property=\"article:modified_time\" content=\"2024-09-27T07:45:27+00:00\" \/>\n<meta property=\"og:image\" content=\"https:\/\/zerust.se\/wp-content\/uploads\/2023\/05\/lab-1.png\" \/>\n<meta name=\"twitter:card\" content=\"summary_large_image\" \/>\n<meta name=\"twitter:label1\" content=\"Ansl. lesetid\" \/>\n\t<meta name=\"twitter:data1\" content=\"2 minutter\" \/>\n<script type=\"application\/ld+json\" class=\"yoast-schema-graph\">{\"@context\":\"https:\\\/\\\/schema.org\",\"@graph\":[{\"@type\":\"WebPage\",\"@id\":\"https:\\\/\\\/zerust.se\\\/no\\\/tjenster\\\/\",\"url\":\"https:\\\/\\\/zerust.se\\\/no\\\/tjenster\\\/\",\"name\":\"Tjenester - Zerust\",\"isPartOf\":{\"@id\":\"https:\\\/\\\/zerust.se\\\/no\\\/#website\"},\"primaryImageOfPage\":{\"@id\":\"https:\\\/\\\/zerust.se\\\/no\\\/tjenster\\\/#primaryimage\"},\"image\":{\"@id\":\"https:\\\/\\\/zerust.se\\\/no\\\/tjenster\\\/#primaryimage\"},\"thumbnailUrl\":\"https:\\\/\\\/zerust.se\\\/wp-content\\\/uploads\\\/2023\\\/05\\\/lab-1.png\",\"datePublished\":\"2023-05-22T11:57:57+00:00\",\"dateModified\":\"2024-09-27T07:45:27+00:00\",\"breadcrumb\":{\"@id\":\"https:\\\/\\\/zerust.se\\\/no\\\/tjenster\\\/#breadcrumb\"},\"inLanguage\":\"nb-NO\",\"potentialAction\":[{\"@type\":\"ReadAction\",\"target\":[\"https:\\\/\\\/zerust.se\\\/no\\\/tjenster\\\/\"]}]},{\"@type\":\"ImageObject\",\"inLanguage\":\"nb-NO\",\"@id\":\"https:\\\/\\\/zerust.se\\\/no\\\/tjenster\\\/#primaryimage\",\"url\":\"https:\\\/\\\/zerust.se\\\/wp-content\\\/uploads\\\/2023\\\/05\\\/lab-1.png\",\"contentUrl\":\"https:\\\/\\\/zerust.se\\\/wp-content\\\/uploads\\\/2023\\\/05\\\/lab-1.png\"},{\"@type\":\"BreadcrumbList\",\"@id\":\"https:\\\/\\\/zerust.se\\\/no\\\/tjenster\\\/#breadcrumb\",\"itemListElement\":[{\"@type\":\"ListItem\",\"position\":1,\"name\":\"Hem\",\"item\":\"https:\\\/\\\/zerust.se\\\/no\\\/\"},{\"@type\":\"ListItem\",\"position\":2,\"name\":\"Tjenester\"}]},{\"@type\":\"WebSite\",\"@id\":\"https:\\\/\\\/zerust.se\\\/no\\\/#website\",\"url\":\"https:\\\/\\\/zerust.se\\\/no\\\/\",\"name\":\"Zerust\",\"description\":\"Korrosjonsbeskyttelsesprodukter\",\"potentialAction\":[{\"@type\":\"SearchAction\",\"target\":{\"@type\":\"EntryPoint\",\"urlTemplate\":\"https:\\\/\\\/zerust.se\\\/no\\\/?s={search_term_string}\"},\"query-input\":{\"@type\":\"PropertyValueSpecification\",\"valueRequired\":true,\"valueName\":\"search_term_string\"}}],\"inLanguage\":\"nb-NO\"}]}<\/script>\n<!-- \/ Yoast SEO plugin. -->","yoast_head_json":{"title":"Tjenester - Zerust","robots":{"index":"index","follow":"follow","max-snippet":"max-snippet:-1","max-image-preview":"max-image-preview:large","max-video-preview":"max-video-preview:-1"},"canonical":"https:\/\/zerust.se\/no\/tjenster\/","og_locale":"nb_NO","og_type":"article","og_title":"Tjenester - Zerust","og_description":"Tjenster P\u00e5 Zerust\u00ae AB samarbeider vi over grensene for \u00e5 tilby global support og service i verdensklasse. Support i verdensklasse P\u00e5 Zerust samarbeider meritterte forskere og ingeni\u00f8rer fra hele verden, for \u00e5 utvikle og finne kundetilpassede korrosjonsbeskyttelsesl\u00f8sninger.Med globalt n\u00e6rv\u00e6r som strekker seg over 70 land, har v\u00e5re kunder alltid n\u00e6rhet til kyndig personell og profesjonell [&hellip;]","og_url":"https:\/\/zerust.se\/no\/tjenster\/","og_site_name":"Zerust","article_modified_time":"2024-09-27T07:45:27+00:00","og_image":[{"url":"https:\/\/zerust.se\/wp-content\/uploads\/2023\/05\/lab-1.png","type":"","width":"","height":""}],"twitter_card":"summary_large_image","twitter_misc":{"Ansl. lesetid":"2 minutter"},"schema":{"@context":"https:\/\/schema.org","@graph":[{"@type":"WebPage","@id":"https:\/\/zerust.se\/no\/tjenster\/","url":"https:\/\/zerust.se\/no\/tjenster\/","name":"Tjenester - Zerust","isPartOf":{"@id":"https:\/\/zerust.se\/no\/#website"},"primaryImageOfPage":{"@id":"https:\/\/zerust.se\/no\/tjenster\/#primaryimage"},"image":{"@id":"https:\/\/zerust.se\/no\/tjenster\/#primaryimage"},"thumbnailUrl":"https:\/\/zerust.se\/wp-content\/uploads\/2023\/05\/lab-1.png","datePublished":"2023-05-22T11:57:57+00:00","dateModified":"2024-09-27T07:45:27+00:00","breadcrumb":{"@id":"https:\/\/zerust.se\/no\/tjenster\/#breadcrumb"},"inLanguage":"nb-NO","potentialAction":[{"@type":"ReadAction","target":["https:\/\/zerust.se\/no\/tjenster\/"]}]},{"@type":"ImageObject","inLanguage":"nb-NO","@id":"https:\/\/zerust.se\/no\/tjenster\/#primaryimage","url":"https:\/\/zerust.se\/wp-content\/uploads\/2023\/05\/lab-1.png","contentUrl":"https:\/\/zerust.se\/wp-content\/uploads\/2023\/05\/lab-1.png"},{"@type":"BreadcrumbList","@id":"https:\/\/zerust.se\/no\/tjenster\/#breadcrumb","itemListElement":[{"@type":"ListItem","position":1,"name":"Hem","item":"https:\/\/zerust.se\/no\/"},{"@type":"ListItem","position":2,"name":"Tjenester"}]},{"@type":"WebSite","@id":"https:\/\/zerust.se\/no\/#website","url":"https:\/\/zerust.se\/no\/","name":"Zerust","description":"Korrosjonsbeskyttelsesprodukter","potentialAction":[{"@type":"SearchAction","target":{"@type":"EntryPoint","urlTemplate":"https:\/\/zerust.se\/no\/?s={search_term_string}"},"query-input":{"@type":"PropertyValueSpecification","valueRequired":true,"valueName":"search_term_string"}}],"inLanguage":"nb-NO"}]}},"_links":{"self":[{"href":"https:\/\/zerust.se\/no\/wp-json\/wp\/v2\/pages\/1705","targetHints":{"allow":["GET"]}}],"collection":[{"href":"https:\/\/zerust.se\/no\/wp-json\/wp\/v2\/pages"}],"about":[{"href":"https:\/\/zerust.se\/no\/wp-json\/wp\/v2\/types\/page"}],"author":[{"embeddable":true,"href":"https:\/\/zerust.se\/no\/wp-json\/wp\/v2\/users\/1"}],"replies":[{"embeddable":true,"href":"https:\/\/zerust.se\/no\/wp-json\/wp\/v2\/comments?post=1705"}],"version-history":[{"count":15,"href":"https:\/\/zerust.se\/no\/wp-json\/wp\/v2\/pages\/1705\/revisions"}],"predecessor-version":[{"id":3156,"href":"https:\/\/zerust.se\/no\/wp-json\/wp\/v2\/pages\/1705\/revisions\/3156"}],"wp:attachment":[{"href":"https:\/\/zerust.se\/no\/wp-json\/wp\/v2\/media?parent=1705"}],"curies":[{"name":"wp","href":"https:\/\/api.w.org\/{rel}","templated":true}]}}