{"id":1694,"date":"2023-05-22T11:57:08","date_gmt":"2023-05-22T11:57:08","guid":{"rendered":"https:\/\/zerust.invistic-dev.com\/om-zerust\/"},"modified":"2024-09-23T13:02:56","modified_gmt":"2024-09-23T13:02:56","slug":"om-zerust","status":"publish","type":"page","link":"https:\/\/zerust.se\/no\/om-zerust\/","title":{"rendered":"Om Zerust"},"content":{"rendered":"\t\t<div data-elementor-type=\"wp-page\" data-elementor-id=\"1694\" class=\"elementor elementor-1694 elementor-74\" data-elementor-post-type=\"page\">\n\t\t\t\t<div class=\"elementor-element elementor-element-5ef28a8 e-flex e-con-boxed e-con e-parent\" data-id=\"5ef28a8\" data-element_type=\"container\" data-e-type=\"container\" data-settings=\"{&quot;background_background&quot;:&quot;classic&quot;}\">\n\t\t\t\t\t<div class=\"e-con-inner\">\n\t\t\t\t<div class=\"elementor-element elementor-element-fb4a0f3 hide elementor-hidden-desktop elementor-hidden-tablet elementor-hidden-mobile elementor-widget elementor-widget-breadcrumbs\" data-id=\"fb4a0f3\" data-element_type=\"widget\" data-e-type=\"widget\" data-widget_type=\"breadcrumbs.default\">\n\t\t\t\t<div class=\"elementor-widget-container\">\n\t\t\t\t\t<p id=\"breadcrumbs\"><span><span><a href=\"https:\/\/zerust.se\/no\/\">Hem<\/a><\/span><\/span><\/p>\t\t\t\t<\/div>\n\t\t\t\t<\/div>\n\t\t\t\t<div class=\"elementor-element elementor-element-99a184a elementor-widget elementor-widget-woocommerce-breadcrumb\" data-id=\"99a184a\" data-element_type=\"widget\" data-e-type=\"widget\" id=\"breadcrumbs\" data-widget_type=\"woocommerce-breadcrumb.default\">\n\t\t\t\t<div class=\"elementor-widget-container\">\n\t\t\t\t\t<nav class=\"woocommerce-breadcrumb\" aria-label=\"Breadcrumb\">Hjem<\/nav>\t\t\t\t<\/div>\n\t\t\t\t<\/div>\n\t\t\t\t<div class=\"elementor-element elementor-element-fb1b84b elementor-widget elementor-widget-heading\" data-id=\"fb1b84b\" data-element_type=\"widget\" data-e-type=\"widget\" data-widget_type=\"heading.default\">\n\t\t\t\t<div class=\"elementor-widget-container\">\n\t\t\t\t\t<h1 class=\"elementor-heading-title elementor-size-default\">Zerust AB<\/h1>\t\t\t\t<\/div>\n\t\t\t\t<\/div>\n\t\t\t\t<div class=\"elementor-element elementor-element-9a46c6c elementor-widget elementor-widget-text-editor\" data-id=\"9a46c6c\" data-element_type=\"widget\" data-e-type=\"widget\" data-widget_type=\"text-editor.default\">\n\t\t\t\t<div class=\"elementor-widget-container\">\n\t\t\t\t\t\t\t\t\t<p>Vi har produserert og solgt rustbeskyttelse for det svenske, danske og norske markedet siden 1991.<\/p>\n\t\t\t\t\t\t\t\t<\/div>\n\t\t\t\t<\/div>\n\t\t\t\t\t<\/div>\n\t\t\t\t<\/div>\n\t\t<div class=\"elementor-element elementor-element-01a379e row-grey-wave-on-top e-flex e-con-boxed elementor-invisible e-con e-parent\" data-id=\"01a379e\" data-element_type=\"container\" data-e-type=\"container\" data-settings=\"{&quot;animation&quot;:&quot;fadeIn&quot;}\">\n\t\t\t\t\t<div class=\"e-con-inner\">\n\t\t<div class=\"elementor-element elementor-element-ee5d80d e-con-full e-flex e-con e-child\" data-id=\"ee5d80d\" data-element_type=\"container\" data-e-type=\"container\">\n\t\t\t\t<div class=\"elementor-element elementor-element-f1ebe83 yellow-square-bg elementor-widget elementor-widget-image\" data-id=\"f1ebe83\" data-element_type=\"widget\" data-e-type=\"widget\" data-widget_type=\"image.default\">\n\t\t\t\t<div class=\"elementor-widget-container\">\n\t\t\t\t\t\t\t\t\t\t\t\t\t\t\t<img fetchpriority=\"high\" decoding=\"async\" width=\"800\" height=\"802\" src=\"https:\/\/zerust.se\/wp-content\/uploads\/2023\/05\/service-bg.png-1022x1024.jpg\" class=\"attachment-large size-large wp-image-1291\" alt=\"\" srcset=\"https:\/\/zerust.se\/wp-content\/uploads\/2023\/05\/service-bg.png-1022x1024.jpg 1022w, https:\/\/zerust.se\/wp-content\/uploads\/2023\/05\/service-bg.png-300x301.jpg 300w, https:\/\/zerust.se\/wp-content\/uploads\/2023\/05\/service-bg.png-150x150.jpg 150w, https:\/\/zerust.se\/wp-content\/uploads\/2023\/05\/service-bg.png-768x769.jpg 768w, https:\/\/zerust.se\/wp-content\/uploads\/2023\/05\/service-bg.png-1533x1536.jpg 1533w, https:\/\/zerust.se\/wp-content\/uploads\/2023\/05\/service-bg.png-2044x2048.jpg 2044w, https:\/\/zerust.se\/wp-content\/uploads\/2023\/05\/service-bg.png-500x501.jpg 500w, https:\/\/zerust.se\/wp-content\/uploads\/2023\/05\/service-bg.png-80x80.jpg 80w\" sizes=\"(max-width: 800px) 100vw, 800px\" \/>\t\t\t\t\t\t\t\t\t\t\t\t\t\t\t<\/div>\n\t\t\t\t<\/div>\n\t\t\t\t<\/div>\n\t\t<div class=\"elementor-element elementor-element-a915656 e-con-full e-flex e-con e-child\" data-id=\"a915656\" data-element_type=\"container\" data-e-type=\"container\">\n\t\t\t\t<div class=\"elementor-element elementor-element-4973976 elementor-widget elementor-widget-heading\" data-id=\"4973976\" data-element_type=\"widget\" data-e-type=\"widget\" data-widget_type=\"heading.default\">\n\t\t\t\t<div class=\"elementor-widget-container\">\n\t\t\t\t\t<h2 class=\"elementor-heading-title elementor-size-default\">Vi l\u00f8ser korrosjonsproblemene<\/h2>\t\t\t\t<\/div>\n\t\t\t\t<\/div>\n\t\t\t\t<div class=\"elementor-element elementor-element-170a981 no-ident-list elementor-widget elementor-widget-text-editor\" data-id=\"170a981\" data-element_type=\"widget\" data-e-type=\"widget\" data-widget_type=\"text-editor.default\">\n\t\t\t\t<div class=\"elementor-widget-container\">\n\t\t\t\t\t\t\t\t\t<p>P\u00e5 Zerust AB utvikler vi markedets fremste korrosjonsbeskyttelse. Vi har b\u00e5de store og sm\u00e5 kunder over hele verden og sammen med dem har vi forhindret korrosjon i over 30 \u00e5r. Vi har v\u00e6rt i virksomhet p\u00e5 det nordiske markedet siden 1991, og under de siste ti\u00e5rene har vi bygget opp kunnskap som er vanskelig \u00e5 sl\u00e5, om hvordan man man p\u00e5 beste m\u00e5te forhindrer og forebygger korrosjon. <\/p>\n<p>I v\u00e5r brede kundedatabase finner du en overflod av scenarioer , der vi i v\u00e5tt og t\u00f8rt har l\u00f8st store og sm\u00e5 korrosjonsproblemer i alle verdens hj\u00f8rner<sup>.<\/sup><\/p>\n<p>Vi er overbeviste om at vi kan bruke denne kunnskapen, eller deler av kunnskapen p\u00e5 akkurat ditt firma og n\u00e5r vi slipper \u00e5 finne opp alle hjulets deler p\u00e5 nytt, blir l\u00f8sningen oftest billigere, raskere og bedre.<\/p>\n<p>Zerust<sup>\u00ae<\/sup> AB inng\u00e5r i den internasjonale Zerust<sup>\u00ae<\/sup>-organisasjonen som best\u00e5r av mer enn 70 foretak rundt om i verden. Vi deler kunnskapen v\u00e5r innad i organisasjonen og vi samarbeider til stadighet for \u00e5 kunne tilby v\u00e5re kunder den beste mulige supporten. <\/p>\n\t\t\t\t\t\t\t\t<\/div>\n\t\t\t\t<\/div>\n\t\t\t\t<\/div>\n\t\t\t\t\t<\/div>\n\t\t\t\t<\/div>\n\t\t<div class=\"elementor-element elementor-element-0987edf e-flex e-con-boxed elementor-invisible e-con e-parent\" data-id=\"0987edf\" data-element_type=\"container\" data-e-type=\"container\" data-settings=\"{&quot;animation&quot;:&quot;fadeIn&quot;}\">\n\t\t\t\t\t<div class=\"e-con-inner\">\n\t\t<div class=\"elementor-element elementor-element-d8fc00e e-con-full e-flex e-con e-child\" data-id=\"d8fc00e\" data-element_type=\"container\" data-e-type=\"container\">\n\t\t\t\t<div class=\"elementor-element elementor-element-773ee2c elementor-widget elementor-widget-heading\" data-id=\"773ee2c\" data-element_type=\"widget\" data-e-type=\"widget\" data-widget_type=\"heading.default\">\n\t\t\t\t<div class=\"elementor-widget-container\">\n\t\t\t\t\t<h2 class=\"elementor-heading-title elementor-size-default\">Fokus p\u00e5 kvalitet<\/h2>\t\t\t\t<\/div>\n\t\t\t\t<\/div>\n\t\t\t\t<div class=\"elementor-element elementor-element-750a7f9 elementor-widget elementor-widget-text-editor\" data-id=\"750a7f9\" data-element_type=\"widget\" data-e-type=\"widget\" data-widget_type=\"text-editor.default\">\n\t\t\t\t<div class=\"elementor-widget-container\">\n\t\t\t\t\t\t\t\t\t<p>P\u00e5 Zerust AB driver vi v\u00e5r virksomhet og produksjon i henhold til internasjonale standarder og kvalitetssystem. I alle prosesser og steg som vi gjennomf\u00f8rer, har vi dessuten milj\u00f8p\u00e5virkning i tankene, en viktig innstilling som gjennomsyrer hele v\u00e5r virksomhet. Zerust har siden 1995 v\u00e6rt sertifisert med <strong>ISO9001 <\/strong>og <strong>ISO14001<\/strong>. <\/p>\n<p>Vi fastsetter v\u00e5re produkters h\u00f8ye kvalitet gjennom kontinuerlige kontroller og n\u00f8ye oppf\u00f8lging. Hvert produksjonsparti testes og kontrolleres i v\u00e5rt laboratorium for \u00e5 sikre at korrosjonsbeskyttelsen er av h\u00f8yeste kvalitet. <\/p>\n\t\t\t\t\t\t\t\t<\/div>\n\t\t\t\t<\/div>\n\t\t\t\t<\/div>\n\t\t<div class=\"elementor-element elementor-element-14efec2 e-con-full e-flex e-con e-child\" data-id=\"14efec2\" data-element_type=\"container\" data-e-type=\"container\">\n\t\t\t\t<div class=\"elementor-element elementor-element-8fed7fd yellow-square-bg elementor-widget elementor-widget-image\" data-id=\"8fed7fd\" data-element_type=\"widget\" data-e-type=\"widget\" data-widget_type=\"image.default\">\n\t\t\t\t<div class=\"elementor-widget-container\">\n\t\t\t\t\t\t\t\t\t\t\t\t\t\t\t<img decoding=\"async\" width=\"485\" height=\"536\" src=\"https:\/\/zerust.se\/wp-content\/uploads\/2023\/05\/iso-1-e1685355436520.png\" class=\"attachment-large size-large wp-image-1333\" alt=\"\" \/>\t\t\t\t\t\t\t\t\t\t\t\t\t\t\t<\/div>\n\t\t\t\t<\/div>\n\t\t\t\t<\/div>\n\t\t\t\t\t<\/div>\n\t\t\t\t<\/div>\n\t\t\t\t<\/div>\n\t\t","protected":false},"excerpt":{"rendered":"<p>Zerust AB Vi har produserert og solgt rustbeskyttelse for det svenske, danske og norske markedet siden 1991. Vi l\u00f8ser korrosjonsproblemene P\u00e5 Zerust AB utvikler vi markedets fremste korrosjonsbeskyttelse. Vi har b\u00e5de store og sm\u00e5 kunder over hele verden og sammen med dem har vi forhindret korrosjon i over 30 \u00e5r. Vi har v\u00e6rt i virksomhet [&hellip;]<\/p>\n","protected":false},"author":1,"featured_media":0,"parent":0,"menu_order":0,"comment_status":"closed","ping_status":"closed","template":"","meta":{"_acf_changed":false,"footnotes":""},"class_list":["post-1694","page","type-page","status-publish","hentry"],"acf":[],"yoast_head":"<!-- This site is optimized with the Yoast SEO plugin v27.4 - https:\/\/yoast.com\/product\/yoast-seo-wordpress\/ -->\n<title>Om Zerust - Zerust<\/title>\n<meta name=\"robots\" content=\"index, follow, max-snippet:-1, max-image-preview:large, max-video-preview:-1\" \/>\n<link rel=\"canonical\" href=\"https:\/\/zerust.se\/no\/om-zerust\/\" \/>\n<meta property=\"og:locale\" content=\"nb_NO\" \/>\n<meta property=\"og:type\" content=\"article\" \/>\n<meta property=\"og:title\" content=\"Om Zerust - Zerust\" \/>\n<meta property=\"og:description\" content=\"Zerust AB Vi har produserert og solgt rustbeskyttelse for det svenske, danske og norske markedet siden 1991. Vi l\u00f8ser korrosjonsproblemene P\u00e5 Zerust AB utvikler vi markedets fremste korrosjonsbeskyttelse. Vi har b\u00e5de store og sm\u00e5 kunder over hele verden og sammen med dem har vi forhindret korrosjon i over 30 \u00e5r. Vi har v\u00e6rt i virksomhet [&hellip;]\" \/>\n<meta property=\"og:url\" content=\"https:\/\/zerust.se\/no\/om-zerust\/\" \/>\n<meta property=\"og:site_name\" content=\"Zerust\" \/>\n<meta property=\"article:modified_time\" content=\"2024-09-23T13:02:56+00:00\" \/>\n<meta property=\"og:image\" content=\"https:\/\/zerust.se\/wp-content\/uploads\/2023\/05\/service-bg.png-1022x1024.jpg\" \/>\n<meta name=\"twitter:card\" content=\"summary_large_image\" \/>\n<meta name=\"twitter:label1\" content=\"Ansl. lesetid\" \/>\n\t<meta name=\"twitter:data1\" content=\"1 minutt\" \/>\n<script type=\"application\/ld+json\" class=\"yoast-schema-graph\">{\"@context\":\"https:\\\/\\\/schema.org\",\"@graph\":[{\"@type\":\"WebPage\",\"@id\":\"https:\\\/\\\/zerust.se\\\/no\\\/om-zerust\\\/\",\"url\":\"https:\\\/\\\/zerust.se\\\/no\\\/om-zerust\\\/\",\"name\":\"Om Zerust - Zerust\",\"isPartOf\":{\"@id\":\"https:\\\/\\\/zerust.se\\\/no\\\/#website\"},\"primaryImageOfPage\":{\"@id\":\"https:\\\/\\\/zerust.se\\\/no\\\/om-zerust\\\/#primaryimage\"},\"image\":{\"@id\":\"https:\\\/\\\/zerust.se\\\/no\\\/om-zerust\\\/#primaryimage\"},\"thumbnailUrl\":\"https:\\\/\\\/zerust.se\\\/wp-content\\\/uploads\\\/2023\\\/05\\\/service-bg.png-1022x1024.jpg\",\"datePublished\":\"2023-05-22T11:57:08+00:00\",\"dateModified\":\"2024-09-23T13:02:56+00:00\",\"breadcrumb\":{\"@id\":\"https:\\\/\\\/zerust.se\\\/no\\\/om-zerust\\\/#breadcrumb\"},\"inLanguage\":\"nb-NO\",\"potentialAction\":[{\"@type\":\"ReadAction\",\"target\":[\"https:\\\/\\\/zerust.se\\\/no\\\/om-zerust\\\/\"]}]},{\"@type\":\"ImageObject\",\"inLanguage\":\"nb-NO\",\"@id\":\"https:\\\/\\\/zerust.se\\\/no\\\/om-zerust\\\/#primaryimage\",\"url\":\"https:\\\/\\\/zerust.se\\\/wp-content\\\/uploads\\\/2023\\\/05\\\/service-bg.png-1022x1024.jpg\",\"contentUrl\":\"https:\\\/\\\/zerust.se\\\/wp-content\\\/uploads\\\/2023\\\/05\\\/service-bg.png-1022x1024.jpg\"},{\"@type\":\"BreadcrumbList\",\"@id\":\"https:\\\/\\\/zerust.se\\\/no\\\/om-zerust\\\/#breadcrumb\",\"itemListElement\":[{\"@type\":\"ListItem\",\"position\":1,\"name\":\"Hem\",\"item\":\"https:\\\/\\\/zerust.se\\\/no\\\/\"},{\"@type\":\"ListItem\",\"position\":2,\"name\":\"Om Zerust\"}]},{\"@type\":\"WebSite\",\"@id\":\"https:\\\/\\\/zerust.se\\\/no\\\/#website\",\"url\":\"https:\\\/\\\/zerust.se\\\/no\\\/\",\"name\":\"Zerust\",\"description\":\"Korrosjonsbeskyttelsesprodukter\",\"potentialAction\":[{\"@type\":\"SearchAction\",\"target\":{\"@type\":\"EntryPoint\",\"urlTemplate\":\"https:\\\/\\\/zerust.se\\\/no\\\/?s={search_term_string}\"},\"query-input\":{\"@type\":\"PropertyValueSpecification\",\"valueRequired\":true,\"valueName\":\"search_term_string\"}}],\"inLanguage\":\"nb-NO\"}]}<\/script>\n<!-- \/ Yoast SEO plugin. -->","yoast_head_json":{"title":"Om Zerust - Zerust","robots":{"index":"index","follow":"follow","max-snippet":"max-snippet:-1","max-image-preview":"max-image-preview:large","max-video-preview":"max-video-preview:-1"},"canonical":"https:\/\/zerust.se\/no\/om-zerust\/","og_locale":"nb_NO","og_type":"article","og_title":"Om Zerust - Zerust","og_description":"Zerust AB Vi har produserert og solgt rustbeskyttelse for det svenske, danske og norske markedet siden 1991. Vi l\u00f8ser korrosjonsproblemene P\u00e5 Zerust AB utvikler vi markedets fremste korrosjonsbeskyttelse. Vi har b\u00e5de store og sm\u00e5 kunder over hele verden og sammen med dem har vi forhindret korrosjon i over 30 \u00e5r. Vi har v\u00e6rt i virksomhet [&hellip;]","og_url":"https:\/\/zerust.se\/no\/om-zerust\/","og_site_name":"Zerust","article_modified_time":"2024-09-23T13:02:56+00:00","og_image":[{"url":"https:\/\/zerust.se\/wp-content\/uploads\/2023\/05\/service-bg.png-1022x1024.jpg","type":"","width":"","height":""}],"twitter_card":"summary_large_image","twitter_misc":{"Ansl. lesetid":"1 minutt"},"schema":{"@context":"https:\/\/schema.org","@graph":[{"@type":"WebPage","@id":"https:\/\/zerust.se\/no\/om-zerust\/","url":"https:\/\/zerust.se\/no\/om-zerust\/","name":"Om Zerust - Zerust","isPartOf":{"@id":"https:\/\/zerust.se\/no\/#website"},"primaryImageOfPage":{"@id":"https:\/\/zerust.se\/no\/om-zerust\/#primaryimage"},"image":{"@id":"https:\/\/zerust.se\/no\/om-zerust\/#primaryimage"},"thumbnailUrl":"https:\/\/zerust.se\/wp-content\/uploads\/2023\/05\/service-bg.png-1022x1024.jpg","datePublished":"2023-05-22T11:57:08+00:00","dateModified":"2024-09-23T13:02:56+00:00","breadcrumb":{"@id":"https:\/\/zerust.se\/no\/om-zerust\/#breadcrumb"},"inLanguage":"nb-NO","potentialAction":[{"@type":"ReadAction","target":["https:\/\/zerust.se\/no\/om-zerust\/"]}]},{"@type":"ImageObject","inLanguage":"nb-NO","@id":"https:\/\/zerust.se\/no\/om-zerust\/#primaryimage","url":"https:\/\/zerust.se\/wp-content\/uploads\/2023\/05\/service-bg.png-1022x1024.jpg","contentUrl":"https:\/\/zerust.se\/wp-content\/uploads\/2023\/05\/service-bg.png-1022x1024.jpg"},{"@type":"BreadcrumbList","@id":"https:\/\/zerust.se\/no\/om-zerust\/#breadcrumb","itemListElement":[{"@type":"ListItem","position":1,"name":"Hem","item":"https:\/\/zerust.se\/no\/"},{"@type":"ListItem","position":2,"name":"Om Zerust"}]},{"@type":"WebSite","@id":"https:\/\/zerust.se\/no\/#website","url":"https:\/\/zerust.se\/no\/","name":"Zerust","description":"Korrosjonsbeskyttelsesprodukter","potentialAction":[{"@type":"SearchAction","target":{"@type":"EntryPoint","urlTemplate":"https:\/\/zerust.se\/no\/?s={search_term_string}"},"query-input":{"@type":"PropertyValueSpecification","valueRequired":true,"valueName":"search_term_string"}}],"inLanguage":"nb-NO"}]}},"_links":{"self":[{"href":"https:\/\/zerust.se\/no\/wp-json\/wp\/v2\/pages\/1694","targetHints":{"allow":["GET"]}}],"collection":[{"href":"https:\/\/zerust.se\/no\/wp-json\/wp\/v2\/pages"}],"about":[{"href":"https:\/\/zerust.se\/no\/wp-json\/wp\/v2\/types\/page"}],"author":[{"embeddable":true,"href":"https:\/\/zerust.se\/no\/wp-json\/wp\/v2\/users\/1"}],"replies":[{"embeddable":true,"href":"https:\/\/zerust.se\/no\/wp-json\/wp\/v2\/comments?post=1694"}],"version-history":[{"count":6,"href":"https:\/\/zerust.se\/no\/wp-json\/wp\/v2\/pages\/1694\/revisions"}],"predecessor-version":[{"id":3058,"href":"https:\/\/zerust.se\/no\/wp-json\/wp\/v2\/pages\/1694\/revisions\/3058"}],"wp:attachment":[{"href":"https:\/\/zerust.se\/no\/wp-json\/wp\/v2\/media?parent=1694"}],"curies":[{"name":"wp","href":"https:\/\/api.w.org\/{rel}","templated":true}]}}