{"id":1523,"date":"2023-05-22T10:29:56","date_gmt":"2023-05-22T10:29:56","guid":{"rendered":"https:\/\/zerust.invistic-dev.com\/butik\/"},"modified":"2024-09-23T12:02:19","modified_gmt":"2024-09-23T12:02:19","slug":"korrosjonsbeskyttelsesprodukter","status":"publish","type":"page","link":"https:\/\/zerust.se\/no\/korrosjonsbeskyttelsesprodukter\/","title":{"rendered":"Korrosjonsbeskyttelsesprodukter"},"content":{"rendered":"\t\t<div data-elementor-type=\"wp-page\" data-elementor-id=\"1523\" class=\"elementor elementor-1523 elementor-44\" data-elementor-post-type=\"page\">\n\t\t\t\t<div class=\"elementor-element elementor-element-a281f4d e-flex e-con-boxed e-con e-parent\" data-id=\"a281f4d\" data-element_type=\"container\" data-e-type=\"container\" data-settings=\"{&quot;background_background&quot;:&quot;classic&quot;}\">\n\t\t\t\t\t<div class=\"e-con-inner\">\n\t\t\t\t<div class=\"elementor-element elementor-element-de90a22 elementor-widget elementor-widget-breadcrumbs\" data-id=\"de90a22\" data-element_type=\"widget\" data-e-type=\"widget\" data-widget_type=\"breadcrumbs.default\">\n\t\t\t\t<div class=\"elementor-widget-container\">\n\t\t\t\t\t<p id=\"breadcrumbs\"><span><span><a href=\"https:\/\/zerust.se\/no\/\">Hem<\/a><\/span><\/span><\/p>\t\t\t\t<\/div>\n\t\t\t\t<\/div>\n\t\t\t\t<div class=\"elementor-element elementor-element-d4d97c8 elementor-widget elementor-widget-heading\" data-id=\"d4d97c8\" data-element_type=\"widget\" data-e-type=\"widget\" data-widget_type=\"heading.default\">\n\t\t\t\t<div class=\"elementor-widget-container\">\n\t\t\t\t\t<h1 class=\"elementor-heading-title elementor-size-default\">Produktkategorier innen korrosjonsbeskyttelse<\/h1>\t\t\t\t<\/div>\n\t\t\t\t<\/div>\n\t\t\t\t\t<\/div>\n\t\t\t\t<\/div>\n\t\t<div class=\"elementor-element elementor-element-9e7339b row-grey-wave-on-top e-flex e-con-boxed e-con e-parent\" data-id=\"9e7339b\" data-element_type=\"container\" data-e-type=\"container\" data-settings=\"{&quot;background_background&quot;:&quot;classic&quot;}\">\n\t\t\t\t\t<div class=\"e-con-inner\">\n\t\t\t\t<div class=\"elementor-element elementor-element-238c48b elementor-widget elementor-widget-text-editor\" data-id=\"238c48b\" data-element_type=\"widget\" data-e-type=\"widget\" data-widget_type=\"text-editor.default\">\n\t\t\t\t<div class=\"elementor-widget-container\">\n\t\t\t\t\t\t\t\t\t<p>ZERUST\u00ae forst\u00e5r viktigheten av en rask behandlingstid og \u00e5 gi kundene v\u00e5re produktene de trenger og n\u00e5r de trenger dem. Det er derfor ZERUST\u00ae har et lager av 170+ anti-korrosjonsprodukter p\u00e5 lager og klare til \u00e5 sendes. Det er enkelt, raskt og enkelt!<br \/>Se v\u00e5r lagerlogo ved siden av et varenummer? Da er den p\u00e5 lager og klar til \u00e5 sendes umiddelbart fra et av v\u00e5re to sentralt beliggende varehus i Circle Pines, MN og Fort Wayne, IN. V\u00e5rt lager i Circle Pines lager prim\u00e6rt v\u00e5re antirustbelegg, rustfjernere, pulvertilsetningsstoffer og VCI-emittere og diffusorer. V\u00e5rt Fort Wayne-lager lagerf\u00f8rer v\u00e5re VCI-emballasjeprodukter, inkludert VCI-film, poser, ark og VCI-papirprodukter.<\/p>\n\t\t\t\t\t\t\t\t<\/div>\n\t\t\t\t<\/div>\n\t\t\t\t\t<\/div>\n\t\t\t\t<\/div>\n\t\t<div class=\"elementor-element elementor-element-d85cc27 e-flex e-con-boxed e-con e-parent\" data-id=\"d85cc27\" data-element_type=\"container\" data-e-type=\"container\">\n\t\t\t\t\t<div class=\"e-con-inner\">\n\t\t\t\t<div class=\"elementor-element elementor-element-222dd49 elementor-widget elementor-widget-template\" data-id=\"222dd49\" data-element_type=\"widget\" data-e-type=\"widget\" data-widget_type=\"template.default\">\n\t\t\t\t<div class=\"elementor-widget-container\">\n\t\t\t\t\t\t\t<div class=\"elementor-template\">\n\t\t\t\t\t<div data-elementor-type=\"container\" data-elementor-id=\"1999\" class=\"elementor elementor-1999 elementor-468 elementor-468\" data-elementor-post-type=\"elementor_library\">\n\t\t\t\t<div class=\"elementor-element elementor-element-959fd4b e-con-full e-flex e-con e-parent\" data-id=\"959fd4b\" data-element_type=\"container\" data-e-type=\"container\">\n\t\t\t\t<div class=\"elementor-element elementor-element-2b27c5c elementor-widget__width-initial category-cta elementor-widget-mobile__width-inherit elementor-cta--skin-classic elementor-animated-content elementor-bg-transform elementor-bg-transform-zoom-in elementor-widget elementor-widget-call-to-action\" data-id=\"2b27c5c\" data-element_type=\"widget\" data-e-type=\"widget\" data-widget_type=\"call-to-action.default\">\n\t\t\t\t<div class=\"elementor-widget-container\">\n\t\t\t\t\t\t\t<a class=\"elementor-cta\" href=\"https:\/\/zerust.se\/no\/produktkategori\/vci-kapslar-emitters\/\">\n\t\t\t\t\t<div class=\"elementor-cta__bg-wrapper\">\n\t\t\t\t<div class=\"elementor-cta__bg elementor-bg\" style=\"background-image: url(https:\/\/zerust.se\/wp-content\/uploads\/2023\/05\/vapor-capsule-img.jpg);\" role=\"img\" aria-label=\"vapor-capsule-img\"><\/div>\n\t\t\t\t<div class=\"elementor-cta__bg-overlay\"><\/div>\n\t\t\t<\/div>\n\t\t\t\t\t\t\t<div class=\"elementor-cta__content\">\n\t\t\t\t\n\t\t\t\t\n\t\t\t\t\n\t\t\t\t\t\t\t\t\t<div class=\"elementor-cta__button-wrapper elementor-cta__content-item elementor-content-item \">\n\t\t\t\t\t<span class=\"elementor-cta__button elementor-button elementor-size-\">\n\t\t\t\t\t\tVCI-Kapsler og Emittere\t\t\t\t\t<\/span>\n\t\t\t\t\t<\/div>\n\t\t\t\t\t\t\t<\/div>\n\t\t\t\t\t\t<\/a>\n\t\t\t\t\t\t<\/div>\n\t\t\t\t<\/div>\n\t\t\t\t<div class=\"elementor-element elementor-element-c7e8eaf elementor-widget__width-initial category-cta elementor-widget-mobile__width-inherit elementor-cta--skin-classic elementor-animated-content elementor-bg-transform elementor-bg-transform-zoom-in elementor-widget elementor-widget-call-to-action\" data-id=\"c7e8eaf\" data-element_type=\"widget\" data-e-type=\"widget\" data-widget_type=\"call-to-action.default\">\n\t\t\t\t<div class=\"elementor-widget-container\">\n\t\t\t\t\t\t\t<a class=\"elementor-cta\" href=\"https:\/\/zerust.se\/en\/category\/vci-films\/\">\n\t\t\t\t\t<div class=\"elementor-cta__bg-wrapper\">\n\t\t\t\t<div class=\"elementor-cta__bg elementor-bg\" style=\"background-image: url(https:\/\/zerust.se\/wp-content\/uploads\/2023\/05\/foil-zerust-img.jpg);\" role=\"img\" aria-label=\"foil zerust img\"><\/div>\n\t\t\t\t<div class=\"elementor-cta__bg-overlay\"><\/div>\n\t\t\t<\/div>\n\t\t\t\t\t\t\t<div class=\"elementor-cta__content\">\n\t\t\t\t\n\t\t\t\t\n\t\t\t\t\n\t\t\t\t\t\t\t\t\t<div class=\"elementor-cta__button-wrapper elementor-cta__content-item elementor-content-item \">\n\t\t\t\t\t<span class=\"elementor-cta__button elementor-button elementor-size-\">\n\t\t\t\t\t\tVCI-Emballasje\t\t\t\t\t<\/span>\n\t\t\t\t\t<\/div>\n\t\t\t\t\t\t\t<\/div>\n\t\t\t\t\t\t<\/a>\n\t\t\t\t\t\t<\/div>\n\t\t\t\t<\/div>\n\t\t\t\t<div class=\"elementor-element elementor-element-20ddbd9 elementor-widget__width-initial category-cta elementor-widget-mobile__width-inherit elementor-cta--skin-classic elementor-animated-content elementor-bg-transform elementor-bg-transform-zoom-in elementor-widget elementor-widget-call-to-action\" data-id=\"20ddbd9\" data-element_type=\"widget\" data-e-type=\"widget\" data-widget_type=\"call-to-action.default\">\n\t\t\t\t<div class=\"elementor-widget-container\">\n\t\t\t\t\t\t\t<a class=\"elementor-cta\" href=\"https:\/\/zerust.se\/en\/category\/vci-paper-inserts\/\">\n\t\t\t\t\t<div class=\"elementor-cta__bg-wrapper\">\n\t\t\t\t<div class=\"elementor-cta__bg elementor-bg\" style=\"background-image: url(https:\/\/zerust.se\/wp-content\/uploads\/2023\/05\/zerust-paper-img.jpg);\" role=\"img\" aria-label=\"zerust-paper img\"><\/div>\n\t\t\t\t<div class=\"elementor-cta__bg-overlay\"><\/div>\n\t\t\t<\/div>\n\t\t\t\t\t\t\t<div class=\"elementor-cta__content\">\n\t\t\t\t\n\t\t\t\t\n\t\t\t\t\n\t\t\t\t\t\t\t\t\t<div class=\"elementor-cta__button-wrapper elementor-cta__content-item elementor-content-item \">\n\t\t\t\t\t<span class=\"elementor-cta__button elementor-button elementor-size-\">\n\t\t\t\t\t\tVCI-Papir og -Innlegg\t\t\t\t\t<\/span>\n\t\t\t\t\t<\/div>\n\t\t\t\t\t\t\t<\/div>\n\t\t\t\t\t\t<\/a>\n\t\t\t\t\t\t<\/div>\n\t\t\t\t<\/div>\n\t\t\t\t<div class=\"elementor-element elementor-element-50212d6 elementor-widget__width-initial category-cta elementor-widget-mobile__width-inherit elementor-cta--skin-classic elementor-animated-content elementor-bg-transform elementor-bg-transform-zoom-in elementor-widget elementor-widget-call-to-action\" data-id=\"50212d6\" data-element_type=\"widget\" data-e-type=\"widget\" data-widget_type=\"call-to-action.default\">\n\t\t\t\t<div class=\"elementor-widget-container\">\n\t\t\t\t\t\t\t<a class=\"elementor-cta\" href=\"https:\/\/zerust.se\/en\/category\/oils-and-fluids\/\">\n\t\t\t\t\t<div class=\"elementor-cta__bg-wrapper\">\n\t\t\t\t<div class=\"elementor-cta__bg elementor-bg\" style=\"background-image: url(https:\/\/zerust.se\/wp-content\/uploads\/2024\/09\/Liquids-series.jpg);\" role=\"img\" aria-label=\"Liquids series\"><\/div>\n\t\t\t\t<div class=\"elementor-cta__bg-overlay\"><\/div>\n\t\t\t<\/div>\n\t\t\t\t\t\t\t<div class=\"elementor-cta__content\">\n\t\t\t\t\n\t\t\t\t\n\t\t\t\t\n\t\t\t\t\t\t\t\t\t<div class=\"elementor-cta__button-wrapper elementor-cta__content-item elementor-content-item \">\n\t\t\t\t\t<span class=\"elementor-cta__button elementor-button elementor-size-\">\n\t\t\t\t\t\tOljer og V\u00e6sker\t\t\t\t\t<\/span>\n\t\t\t\t\t<\/div>\n\t\t\t\t\t\t\t<\/div>\n\t\t\t\t\t\t<\/a>\n\t\t\t\t\t\t<\/div>\n\t\t\t\t<\/div>\n\t\t\t\t<div class=\"elementor-element elementor-element-c4c1e1d elementor-widget__width-initial category-cta elementor-widget-mobile__width-inherit elementor-cta--skin-classic elementor-animated-content elementor-bg-transform elementor-bg-transform-zoom-in elementor-widget elementor-widget-call-to-action\" data-id=\"c4c1e1d\" data-element_type=\"widget\" data-e-type=\"widget\" data-widget_type=\"call-to-action.default\">\n\t\t\t\t<div class=\"elementor-widget-container\">\n\t\t\t\t\t\t\t<a class=\"elementor-cta\" href=\"https:\/\/zerust.se\/en\/category\/oil-gas\/\">\n\t\t\t\t\t<div class=\"elementor-cta__bg-wrapper\">\n\t\t\t\t<div class=\"elementor-cta__bg elementor-bg\" style=\"background-image: url(https:\/\/zerust.se\/wp-content\/uploads\/2024\/09\/Zerios-SE-10-1.jpg);\" role=\"img\" aria-label=\"Zerios-SE-10-1\"><\/div>\n\t\t\t\t<div class=\"elementor-cta__bg-overlay\"><\/div>\n\t\t\t<\/div>\n\t\t\t\t\t\t\t<div class=\"elementor-cta__content\">\n\t\t\t\t\n\t\t\t\t\n\t\t\t\t\n\t\t\t\t\t\t\t\t\t<div class=\"elementor-cta__button-wrapper elementor-cta__content-item elementor-content-item \">\n\t\t\t\t\t<span class=\"elementor-cta__button elementor-button elementor-size-\">\n\t\t\t\t\t\tOil &amp; Gas\t\t\t\t\t<\/span>\n\t\t\t\t\t<\/div>\n\t\t\t\t\t\t\t<\/div>\n\t\t\t\t\t\t<\/a>\n\t\t\t\t\t\t<\/div>\n\t\t\t\t<\/div>\n\t\t\t\t<\/div>\n\t\t\t\t<\/div>\n\t\t\t\t<\/div>\n\t\t\t\t\t\t<\/div>\n\t\t\t\t<\/div>\n\t\t\t\t\t<\/div>\n\t\t\t\t<\/div>\n\t\t\t\t<\/div>\n\t\t","protected":false},"excerpt":{"rendered":"<p>Produktkategorier innen korrosjonsbeskyttelse ZERUST\u00ae forst\u00e5r viktigheten av en rask behandlingstid og \u00e5 gi kundene v\u00e5re produktene de trenger og n\u00e5r de trenger dem. Det er derfor ZERUST\u00ae har et lager av 170+ anti-korrosjonsprodukter p\u00e5 lager og klare til \u00e5 sendes. Det er enkelt, raskt og enkelt!Se v\u00e5r lagerlogo ved siden av et varenummer? Da er [&hellip;]<\/p>\n","protected":false},"author":1,"featured_media":0,"parent":0,"menu_order":0,"comment_status":"closed","ping_status":"closed","template":"","meta":{"_acf_changed":false,"footnotes":""},"class_list":["post-1523","page","type-page","status-publish","hentry"],"acf":[],"yoast_head":"<!-- This site is optimized with the Yoast SEO plugin v27.4 - https:\/\/yoast.com\/product\/yoast-seo-wordpress\/ -->\n<title>Korrosjonsbeskyttelsesprodukter - Zerust<\/title>\n<meta name=\"robots\" content=\"index, follow, max-snippet:-1, max-image-preview:large, max-video-preview:-1\" \/>\n<link rel=\"canonical\" href=\"https:\/\/zerust.se\/no\/korrosjonsbeskyttelsesprodukter\/\" \/>\n<meta property=\"og:locale\" content=\"nb_NO\" \/>\n<meta property=\"og:type\" content=\"article\" \/>\n<meta property=\"og:title\" content=\"Korrosjonsbeskyttelsesprodukter - Zerust\" \/>\n<meta property=\"og:description\" content=\"Produktkategorier innen korrosjonsbeskyttelse ZERUST\u00ae forst\u00e5r viktigheten av en rask behandlingstid og \u00e5 gi kundene v\u00e5re produktene de trenger og n\u00e5r de trenger dem. Det er derfor ZERUST\u00ae har et lager av 170+ anti-korrosjonsprodukter p\u00e5 lager og klare til \u00e5 sendes. Det er enkelt, raskt og enkelt!Se v\u00e5r lagerlogo ved siden av et varenummer? Da er [&hellip;]\" \/>\n<meta property=\"og:url\" content=\"https:\/\/zerust.se\/no\/korrosjonsbeskyttelsesprodukter\/\" \/>\n<meta property=\"og:site_name\" content=\"Zerust\" \/>\n<meta property=\"article:modified_time\" content=\"2024-09-23T12:02:19+00:00\" \/>\n<meta name=\"twitter:card\" content=\"summary_large_image\" \/>\n<meta name=\"twitter:label1\" content=\"Ansl. lesetid\" \/>\n\t<meta name=\"twitter:data1\" content=\"1 minutt\" \/>\n<script type=\"application\/ld+json\" class=\"yoast-schema-graph\">{\"@context\":\"https:\\\/\\\/schema.org\",\"@graph\":[{\"@type\":\"WebPage\",\"@id\":\"https:\\\/\\\/zerust.se\\\/no\\\/korrosjonsbeskyttelsesprodukter\\\/\",\"url\":\"https:\\\/\\\/zerust.se\\\/no\\\/korrosjonsbeskyttelsesprodukter\\\/\",\"name\":\"Korrosjonsbeskyttelsesprodukter - Zerust\",\"isPartOf\":{\"@id\":\"https:\\\/\\\/zerust.se\\\/no\\\/#website\"},\"datePublished\":\"2023-05-22T10:29:56+00:00\",\"dateModified\":\"2024-09-23T12:02:19+00:00\",\"breadcrumb\":{\"@id\":\"https:\\\/\\\/zerust.se\\\/no\\\/korrosjonsbeskyttelsesprodukter\\\/#breadcrumb\"},\"inLanguage\":\"nb-NO\",\"potentialAction\":[{\"@type\":\"ReadAction\",\"target\":[\"https:\\\/\\\/zerust.se\\\/no\\\/korrosjonsbeskyttelsesprodukter\\\/\"]}]},{\"@type\":\"BreadcrumbList\",\"@id\":\"https:\\\/\\\/zerust.se\\\/no\\\/korrosjonsbeskyttelsesprodukter\\\/#breadcrumb\",\"itemListElement\":[{\"@type\":\"ListItem\",\"position\":1,\"name\":\"Hem\",\"item\":\"https:\\\/\\\/zerust.se\\\/no\\\/\"},{\"@type\":\"ListItem\",\"position\":2,\"name\":\"Korrosjonsbeskyttelsesprodukter\"}]},{\"@type\":\"WebSite\",\"@id\":\"https:\\\/\\\/zerust.se\\\/no\\\/#website\",\"url\":\"https:\\\/\\\/zerust.se\\\/no\\\/\",\"name\":\"Zerust\",\"description\":\"Korrosjonsbeskyttelsesprodukter\",\"potentialAction\":[{\"@type\":\"SearchAction\",\"target\":{\"@type\":\"EntryPoint\",\"urlTemplate\":\"https:\\\/\\\/zerust.se\\\/no\\\/?s={search_term_string}\"},\"query-input\":{\"@type\":\"PropertyValueSpecification\",\"valueRequired\":true,\"valueName\":\"search_term_string\"}}],\"inLanguage\":\"nb-NO\"}]}<\/script>\n<!-- \/ Yoast SEO plugin. -->","yoast_head_json":{"title":"Korrosjonsbeskyttelsesprodukter - Zerust","robots":{"index":"index","follow":"follow","max-snippet":"max-snippet:-1","max-image-preview":"max-image-preview:large","max-video-preview":"max-video-preview:-1"},"canonical":"https:\/\/zerust.se\/no\/korrosjonsbeskyttelsesprodukter\/","og_locale":"nb_NO","og_type":"article","og_title":"Korrosjonsbeskyttelsesprodukter - Zerust","og_description":"Produktkategorier innen korrosjonsbeskyttelse ZERUST\u00ae forst\u00e5r viktigheten av en rask behandlingstid og \u00e5 gi kundene v\u00e5re produktene de trenger og n\u00e5r de trenger dem. Det er derfor ZERUST\u00ae har et lager av 170+ anti-korrosjonsprodukter p\u00e5 lager og klare til \u00e5 sendes. Det er enkelt, raskt og enkelt!Se v\u00e5r lagerlogo ved siden av et varenummer? Da er [&hellip;]","og_url":"https:\/\/zerust.se\/no\/korrosjonsbeskyttelsesprodukter\/","og_site_name":"Zerust","article_modified_time":"2024-09-23T12:02:19+00:00","twitter_card":"summary_large_image","twitter_misc":{"Ansl. lesetid":"1 minutt"},"schema":{"@context":"https:\/\/schema.org","@graph":[{"@type":"WebPage","@id":"https:\/\/zerust.se\/no\/korrosjonsbeskyttelsesprodukter\/","url":"https:\/\/zerust.se\/no\/korrosjonsbeskyttelsesprodukter\/","name":"Korrosjonsbeskyttelsesprodukter - Zerust","isPartOf":{"@id":"https:\/\/zerust.se\/no\/#website"},"datePublished":"2023-05-22T10:29:56+00:00","dateModified":"2024-09-23T12:02:19+00:00","breadcrumb":{"@id":"https:\/\/zerust.se\/no\/korrosjonsbeskyttelsesprodukter\/#breadcrumb"},"inLanguage":"nb-NO","potentialAction":[{"@type":"ReadAction","target":["https:\/\/zerust.se\/no\/korrosjonsbeskyttelsesprodukter\/"]}]},{"@type":"BreadcrumbList","@id":"https:\/\/zerust.se\/no\/korrosjonsbeskyttelsesprodukter\/#breadcrumb","itemListElement":[{"@type":"ListItem","position":1,"name":"Hem","item":"https:\/\/zerust.se\/no\/"},{"@type":"ListItem","position":2,"name":"Korrosjonsbeskyttelsesprodukter"}]},{"@type":"WebSite","@id":"https:\/\/zerust.se\/no\/#website","url":"https:\/\/zerust.se\/no\/","name":"Zerust","description":"Korrosjonsbeskyttelsesprodukter","potentialAction":[{"@type":"SearchAction","target":{"@type":"EntryPoint","urlTemplate":"https:\/\/zerust.se\/no\/?s={search_term_string}"},"query-input":{"@type":"PropertyValueSpecification","valueRequired":true,"valueName":"search_term_string"}}],"inLanguage":"nb-NO"}]}},"_links":{"self":[{"href":"https:\/\/zerust.se\/no\/wp-json\/wp\/v2\/pages\/1523","targetHints":{"allow":["GET"]}}],"collection":[{"href":"https:\/\/zerust.se\/no\/wp-json\/wp\/v2\/pages"}],"about":[{"href":"https:\/\/zerust.se\/no\/wp-json\/wp\/v2\/types\/page"}],"author":[{"embeddable":true,"href":"https:\/\/zerust.se\/no\/wp-json\/wp\/v2\/users\/1"}],"replies":[{"embeddable":true,"href":"https:\/\/zerust.se\/no\/wp-json\/wp\/v2\/comments?post=1523"}],"version-history":[{"count":2,"href":"https:\/\/zerust.se\/no\/wp-json\/wp\/v2\/pages\/1523\/revisions"}],"predecessor-version":[{"id":2941,"href":"https:\/\/zerust.se\/no\/wp-json\/wp\/v2\/pages\/1523\/revisions\/2941"}],"wp:attachment":[{"href":"https:\/\/zerust.se\/no\/wp-json\/wp\/v2\/media?parent=1523"}],"curies":[{"name":"wp","href":"https:\/\/api.w.org\/{rel}","templated":true}]}}