{"id":44,"date":"2023-05-22T10:29:56","date_gmt":"2023-05-22T10:29:56","guid":{"rendered":"https:\/\/zerust.invistic-dev.com\/?page_id=44"},"modified":"2024-09-23T11:11:07","modified_gmt":"2024-09-23T11:11:07","slug":"corrosion-protection-products","status":"publish","type":"page","link":"https:\/\/zerust.se\/en\/corrosion-protection-products\/","title":{"rendered":"Corrosion Protection Products"},"content":{"rendered":"\t\t<div data-elementor-type=\"wp-page\" data-elementor-id=\"44\" class=\"elementor elementor-44\" data-elementor-post-type=\"page\">\n\t\t\t\t<div class=\"elementor-element elementor-element-a281f4d e-flex e-con-boxed e-con e-parent\" data-id=\"a281f4d\" data-element_type=\"container\" data-e-type=\"container\" data-settings=\"{&quot;background_background&quot;:&quot;classic&quot;}\">\n\t\t\t\t\t<div class=\"e-con-inner\">\n\t\t\t\t<div class=\"elementor-element elementor-element-de90a22 elementor-widget elementor-widget-breadcrumbs\" data-id=\"de90a22\" data-element_type=\"widget\" data-e-type=\"widget\" data-widget_type=\"breadcrumbs.default\">\n\t\t\t\t<div class=\"elementor-widget-container\">\n\t\t\t\t\t<p id=\"breadcrumbs\"><span><span><a href=\"https:\/\/zerust.se\/en\/\">Hem<\/a><\/span><\/span><\/p>\t\t\t\t<\/div>\n\t\t\t\t<\/div>\n\t\t\t\t<div class=\"elementor-element elementor-element-d4d97c8 elementor-widget elementor-widget-heading\" data-id=\"d4d97c8\" data-element_type=\"widget\" data-e-type=\"widget\" data-widget_type=\"heading.default\">\n\t\t\t\t<div class=\"elementor-widget-container\">\n\t\t\t\t\t<h1 class=\"elementor-heading-title elementor-size-default\">Produktkategorier inom korrossionsskydd<\/h1>\t\t\t\t<\/div>\n\t\t\t\t<\/div>\n\t\t\t\t\t<\/div>\n\t\t\t\t<\/div>\n\t\t<div class=\"elementor-element elementor-element-9e7339b row-grey-wave-on-top e-flex e-con-boxed e-con e-parent\" data-id=\"9e7339b\" data-element_type=\"container\" data-e-type=\"container\" data-settings=\"{&quot;background_background&quot;:&quot;classic&quot;}\">\n\t\t\t\t\t<div class=\"e-con-inner\">\n\t\t\t\t<div class=\"elementor-element elementor-element-238c48b elementor-widget elementor-widget-text-editor\" data-id=\"238c48b\" data-element_type=\"widget\" data-e-type=\"widget\" data-widget_type=\"text-editor.default\">\n\t\t\t\t<div class=\"elementor-widget-container\">\n\t\t\t\t\t\t\t\t\t<p>ZERUST\u00ae f\u00f6rst\u00e5r vikten av en snabb v\u00e4ndning och att f\u00f6rse v\u00e5ra kunder med de produkter som de beh\u00f6ver och n\u00e4r de beh\u00f6ver dem. Det \u00e4r d\u00e4rf\u00f6r ZERUST\u00ae har ett lager av 170+ korrosionsskyddande produkter i lager och redo f\u00f6r leverans. Det \u00e4r enkelt, snabbt och l\u00e4tt!<br \/>Se v\u00e5r lagerlogotyp bredvid ett artikelnummer? D\u00e5 finns den i lager och redo att skickas omedelbart fr\u00e5n ett av v\u00e5ra tv\u00e5 centralt bel\u00e4gna lager i Circle Pines, MN och Fort Wayne, IN. V\u00e5rt lager i Circle Pines lagerf\u00f6r i f\u00f6rsta hand v\u00e5ra rostskyddande bel\u00e4ggningar, rostborttagare, pulvertillsatser och VCI-str\u00e5lare och diffusorer. V\u00e5rt Fort Wayne-lager lagerh\u00e5ller v\u00e5ra VCI-f\u00f6rpackningsprodukter, inklusive VCI-film, p\u00e5sar, ark och VCI-pappersprodukter.<\/p>\t\t\t\t\t\t\t\t<\/div>\n\t\t\t\t<\/div>\n\t\t\t\t\t<\/div>\n\t\t\t\t<\/div>\n\t\t<div class=\"elementor-element elementor-element-d85cc27 e-flex e-con-boxed e-con e-parent\" data-id=\"d85cc27\" data-element_type=\"container\" data-e-type=\"container\">\n\t\t\t\t\t<div class=\"e-con-inner\">\n\t\t\t\t<div class=\"elementor-element elementor-element-222dd49 elementor-widget elementor-widget-template\" data-id=\"222dd49\" data-element_type=\"widget\" data-e-type=\"widget\" data-widget_type=\"template.default\">\n\t\t\t\t<div class=\"elementor-widget-container\">\n\t\t\t\t\t\t\t<div class=\"elementor-template\">\n\t\t\t\t\t<div data-elementor-type=\"container\" data-elementor-id=\"468\" class=\"elementor elementor-468\" data-elementor-post-type=\"elementor_library\">\n\t\t\t\t<div class=\"elementor-element elementor-element-959fd4b e-con-full e-flex e-con e-parent\" data-id=\"959fd4b\" data-element_type=\"container\" data-e-type=\"container\">\n\t\t\t\t<div class=\"elementor-element elementor-element-2b27c5c elementor-widget__width-initial category-cta elementor-widget-mobile__width-inherit elementor-cta--skin-classic elementor-animated-content elementor-bg-transform elementor-bg-transform-zoom-in elementor-widget elementor-widget-call-to-action\" data-id=\"2b27c5c\" data-element_type=\"widget\" data-e-type=\"widget\" data-widget_type=\"call-to-action.default\">\n\t\t\t\t<div class=\"elementor-widget-container\">\n\t\t\t\t\t\t\t<a class=\"elementor-cta\" href=\"https:\/\/zerust.se\/en\/produktkategori\/vci-kapslar-emitters\/\">\n\t\t\t\t\t<div class=\"elementor-cta__bg-wrapper\">\n\t\t\t\t<div class=\"elementor-cta__bg elementor-bg\" style=\"background-image: url(https:\/\/zerust.se\/wp-content\/uploads\/2023\/05\/vapor-capsule-img.jpg);\" role=\"img\" aria-label=\"vapor-capsule-img\"><\/div>\n\t\t\t\t<div class=\"elementor-cta__bg-overlay\"><\/div>\n\t\t\t<\/div>\n\t\t\t\t\t\t\t<div class=\"elementor-cta__content\">\n\t\t\t\t\n\t\t\t\t\n\t\t\t\t\n\t\t\t\t\t\t\t\t\t<div class=\"elementor-cta__button-wrapper elementor-cta__content-item elementor-content-item \">\n\t\t\t\t\t<span class=\"elementor-cta__button elementor-button elementor-size-\">\n\t\t\t\t\t\tVCI Capsules &amp; Emitters\t\t\t\t\t<\/span>\n\t\t\t\t\t<\/div>\n\t\t\t\t\t\t\t<\/div>\n\t\t\t\t\t\t<\/a>\n\t\t\t\t\t\t<\/div>\n\t\t\t\t<\/div>\n\t\t\t\t<div class=\"elementor-element elementor-element-c7e8eaf elementor-widget__width-initial category-cta elementor-widget-mobile__width-inherit elementor-cta--skin-classic elementor-animated-content elementor-bg-transform elementor-bg-transform-zoom-in elementor-widget elementor-widget-call-to-action\" data-id=\"c7e8eaf\" data-element_type=\"widget\" data-e-type=\"widget\" data-widget_type=\"call-to-action.default\">\n\t\t\t\t<div class=\"elementor-widget-container\">\n\t\t\t\t\t\t\t<a class=\"elementor-cta\" href=\"https:\/\/zerust.se\/en\/category\/vci-films\/\">\n\t\t\t\t\t<div class=\"elementor-cta__bg-wrapper\">\n\t\t\t\t<div class=\"elementor-cta__bg elementor-bg\" style=\"background-image: url(https:\/\/zerust.se\/wp-content\/uploads\/2023\/05\/foil-zerust-img.jpg);\" role=\"img\" aria-label=\"foil zerust img\"><\/div>\n\t\t\t\t<div class=\"elementor-cta__bg-overlay\"><\/div>\n\t\t\t<\/div>\n\t\t\t\t\t\t\t<div class=\"elementor-cta__content\">\n\t\t\t\t\n\t\t\t\t\n\t\t\t\t\n\t\t\t\t\t\t\t\t\t<div class=\"elementor-cta__button-wrapper elementor-cta__content-item elementor-content-item \">\n\t\t\t\t\t<span class=\"elementor-cta__button elementor-button elementor-size-\">\n\t\t\t\t\t\tVCI Films\t\t\t\t\t<\/span>\n\t\t\t\t\t<\/div>\n\t\t\t\t\t\t\t<\/div>\n\t\t\t\t\t\t<\/a>\n\t\t\t\t\t\t<\/div>\n\t\t\t\t<\/div>\n\t\t\t\t<div class=\"elementor-element elementor-element-20ddbd9 elementor-widget__width-initial category-cta elementor-widget-mobile__width-inherit elementor-cta--skin-classic elementor-animated-content elementor-bg-transform elementor-bg-transform-zoom-in elementor-widget elementor-widget-call-to-action\" data-id=\"20ddbd9\" data-element_type=\"widget\" data-e-type=\"widget\" data-widget_type=\"call-to-action.default\">\n\t\t\t\t<div class=\"elementor-widget-container\">\n\t\t\t\t\t\t\t<a class=\"elementor-cta\" href=\"https:\/\/zerust.se\/en\/category\/vci-paper-inserts\/\">\n\t\t\t\t\t<div class=\"elementor-cta__bg-wrapper\">\n\t\t\t\t<div class=\"elementor-cta__bg elementor-bg\" style=\"background-image: url(https:\/\/zerust.se\/wp-content\/uploads\/2023\/05\/zerust-paper-img.jpg);\" role=\"img\" aria-label=\"zerust-paper img\"><\/div>\n\t\t\t\t<div class=\"elementor-cta__bg-overlay\"><\/div>\n\t\t\t<\/div>\n\t\t\t\t\t\t\t<div class=\"elementor-cta__content\">\n\t\t\t\t\n\t\t\t\t\n\t\t\t\t\n\t\t\t\t\t\t\t\t\t<div class=\"elementor-cta__button-wrapper elementor-cta__content-item elementor-content-item \">\n\t\t\t\t\t<span class=\"elementor-cta__button elementor-button elementor-size-\">\n\t\t\t\t\t\tVCI Paper &amp; Inserts\t\t\t\t\t<\/span>\n\t\t\t\t\t<\/div>\n\t\t\t\t\t\t\t<\/div>\n\t\t\t\t\t\t<\/a>\n\t\t\t\t\t\t<\/div>\n\t\t\t\t<\/div>\n\t\t\t\t<div class=\"elementor-element elementor-element-50212d6 elementor-widget__width-initial category-cta elementor-widget-mobile__width-inherit elementor-cta--skin-classic elementor-animated-content elementor-bg-transform elementor-bg-transform-zoom-in elementor-widget elementor-widget-call-to-action\" data-id=\"50212d6\" data-element_type=\"widget\" data-e-type=\"widget\" data-widget_type=\"call-to-action.default\">\n\t\t\t\t<div class=\"elementor-widget-container\">\n\t\t\t\t\t\t\t<a class=\"elementor-cta\" href=\"https:\/\/zerust.se\/en\/category\/oils-and-fluids\/\">\n\t\t\t\t\t<div class=\"elementor-cta__bg-wrapper\">\n\t\t\t\t<div class=\"elementor-cta__bg elementor-bg\" style=\"background-image: url(https:\/\/zerust.se\/wp-content\/uploads\/2024\/09\/Liquids-series.jpg);\" role=\"img\" aria-label=\"Liquids series\"><\/div>\n\t\t\t\t<div class=\"elementor-cta__bg-overlay\"><\/div>\n\t\t\t<\/div>\n\t\t\t\t\t\t\t<div class=\"elementor-cta__content\">\n\t\t\t\t\n\t\t\t\t\n\t\t\t\t\n\t\t\t\t\t\t\t\t\t<div class=\"elementor-cta__button-wrapper elementor-cta__content-item elementor-content-item \">\n\t\t\t\t\t<span class=\"elementor-cta__button elementor-button elementor-size-\">\n\t\t\t\t\t\tOils and Fluids\t\t\t\t\t<\/span>\n\t\t\t\t\t<\/div>\n\t\t\t\t\t\t\t<\/div>\n\t\t\t\t\t\t<\/a>\n\t\t\t\t\t\t<\/div>\n\t\t\t\t<\/div>\n\t\t\t\t<div class=\"elementor-element elementor-element-c4c1e1d elementor-widget__width-initial category-cta elementor-widget-mobile__width-inherit elementor-cta--skin-classic elementor-animated-content elementor-bg-transform elementor-bg-transform-zoom-in elementor-widget elementor-widget-call-to-action\" data-id=\"c4c1e1d\" data-element_type=\"widget\" data-e-type=\"widget\" data-widget_type=\"call-to-action.default\">\n\t\t\t\t<div class=\"elementor-widget-container\">\n\t\t\t\t\t\t\t<a class=\"elementor-cta\" href=\"https:\/\/zerust.se\/en\/category\/oil-gas\/\">\n\t\t\t\t\t<div class=\"elementor-cta__bg-wrapper\">\n\t\t\t\t<div class=\"elementor-cta__bg elementor-bg\" style=\"background-image: url(https:\/\/zerust.se\/wp-content\/uploads\/2024\/09\/Zerios-SE-10-1.jpg);\" role=\"img\" aria-label=\"Zerios-SE-10-1\"><\/div>\n\t\t\t\t<div class=\"elementor-cta__bg-overlay\"><\/div>\n\t\t\t<\/div>\n\t\t\t\t\t\t\t<div class=\"elementor-cta__content\">\n\t\t\t\t\n\t\t\t\t\n\t\t\t\t\n\t\t\t\t\t\t\t\t\t<div class=\"elementor-cta__button-wrapper elementor-cta__content-item elementor-content-item \">\n\t\t\t\t\t<span class=\"elementor-cta__button elementor-button elementor-size-\">\n\t\t\t\t\t\tOil &amp; Gas\t\t\t\t\t<\/span>\n\t\t\t\t\t<\/div>\n\t\t\t\t\t\t\t<\/div>\n\t\t\t\t\t\t<\/a>\n\t\t\t\t\t\t<\/div>\n\t\t\t\t<\/div>\n\t\t\t\t<\/div>\n\t\t\t\t<\/div>\n\t\t\t\t<\/div>\n\t\t\t\t\t\t<\/div>\n\t\t\t\t<\/div>\n\t\t\t\t\t<\/div>\n\t\t\t\t<\/div>\n\t\t\t\t<\/div>\n\t\t","protected":false},"excerpt":{"rendered":"<p>Produktkategorier inom korrossionsskydd ZERUST\u00ae f\u00f6rst\u00e5r vikten av en snabb v\u00e4ndning och att f\u00f6rse v\u00e5ra kunder med de produkter som de beh\u00f6ver och n\u00e4r de beh\u00f6ver dem. Det \u00e4r d\u00e4rf\u00f6r ZERUST\u00ae har ett lager av 170+ korrosionsskyddande produkter i lager och redo f\u00f6r leverans. Det \u00e4r enkelt, snabbt och l\u00e4tt!Se v\u00e5r lagerlogotyp bredvid ett artikelnummer? D\u00e5 [&hellip;]<\/p>\n","protected":false},"author":1,"featured_media":0,"parent":0,"menu_order":0,"comment_status":"closed","ping_status":"closed","template":"","meta":{"_acf_changed":false,"footnotes":""},"class_list":["post-44","page","type-page","status-publish","hentry"],"acf":[],"yoast_head":"<!-- This site is optimized with the Yoast SEO plugin v27.4 - https:\/\/yoast.com\/product\/yoast-seo-wordpress\/ -->\n<title>Corrosion Protection Products - Zerust<\/title>\n<meta name=\"robots\" content=\"index, follow, max-snippet:-1, max-image-preview:large, max-video-preview:-1\" \/>\n<link rel=\"canonical\" href=\"https:\/\/zerust.se\/en\/corrosion-protection-products\/\" \/>\n<meta property=\"og:locale\" content=\"en_US\" \/>\n<meta property=\"og:type\" content=\"article\" \/>\n<meta property=\"og:title\" content=\"Corrosion Protection Products - Zerust\" \/>\n<meta property=\"og:description\" content=\"Produktkategorier inom korrossionsskydd ZERUST\u00ae f\u00f6rst\u00e5r vikten av en snabb v\u00e4ndning och att f\u00f6rse v\u00e5ra kunder med de produkter som de beh\u00f6ver och n\u00e4r de beh\u00f6ver dem. Det \u00e4r d\u00e4rf\u00f6r ZERUST\u00ae har ett lager av 170+ korrosionsskyddande produkter i lager och redo f\u00f6r leverans. Det \u00e4r enkelt, snabbt och l\u00e4tt!Se v\u00e5r lagerlogotyp bredvid ett artikelnummer? D\u00e5 [&hellip;]\" \/>\n<meta property=\"og:url\" content=\"https:\/\/zerust.se\/en\/corrosion-protection-products\/\" \/>\n<meta property=\"og:site_name\" content=\"Zerust\" \/>\n<meta property=\"article:modified_time\" content=\"2024-09-23T11:11:07+00:00\" \/>\n<meta name=\"twitter:card\" content=\"summary_large_image\" \/>\n<meta name=\"twitter:label1\" content=\"Est. reading time\" \/>\n\t<meta name=\"twitter:data1\" content=\"2 minutes\" \/>\n<script type=\"application\/ld+json\" class=\"yoast-schema-graph\">{\"@context\":\"https:\\\/\\\/schema.org\",\"@graph\":[{\"@type\":\"WebPage\",\"@id\":\"https:\\\/\\\/zerust.se\\\/en\\\/corrosion-protection-products\\\/\",\"url\":\"https:\\\/\\\/zerust.se\\\/en\\\/corrosion-protection-products\\\/\",\"name\":\"Corrosion Protection Products - Zerust\",\"isPartOf\":{\"@id\":\"https:\\\/\\\/zerust.se\\\/en\\\/#website\"},\"datePublished\":\"2023-05-22T10:29:56+00:00\",\"dateModified\":\"2024-09-23T11:11:07+00:00\",\"breadcrumb\":{\"@id\":\"https:\\\/\\\/zerust.se\\\/en\\\/corrosion-protection-products\\\/#breadcrumb\"},\"inLanguage\":\"en-US\",\"potentialAction\":[{\"@type\":\"ReadAction\",\"target\":[\"https:\\\/\\\/zerust.se\\\/en\\\/corrosion-protection-products\\\/\"]}]},{\"@type\":\"BreadcrumbList\",\"@id\":\"https:\\\/\\\/zerust.se\\\/en\\\/corrosion-protection-products\\\/#breadcrumb\",\"itemListElement\":[{\"@type\":\"ListItem\",\"position\":1,\"name\":\"Hem\",\"item\":\"https:\\\/\\\/zerust.se\\\/en\\\/\"},{\"@type\":\"ListItem\",\"position\":2,\"name\":\"Corrosion Protection Products\"}]},{\"@type\":\"WebSite\",\"@id\":\"https:\\\/\\\/zerust.se\\\/en\\\/#website\",\"url\":\"https:\\\/\\\/zerust.se\\\/en\\\/\",\"name\":\"Zerust\",\"description\":\"Corrosion Protection Products\",\"potentialAction\":[{\"@type\":\"SearchAction\",\"target\":{\"@type\":\"EntryPoint\",\"urlTemplate\":\"https:\\\/\\\/zerust.se\\\/en\\\/?s={search_term_string}\"},\"query-input\":{\"@type\":\"PropertyValueSpecification\",\"valueRequired\":true,\"valueName\":\"search_term_string\"}}],\"inLanguage\":\"en-US\"}]}<\/script>\n<!-- \/ Yoast SEO plugin. -->","yoast_head_json":{"title":"Corrosion Protection Products - Zerust","robots":{"index":"index","follow":"follow","max-snippet":"max-snippet:-1","max-image-preview":"max-image-preview:large","max-video-preview":"max-video-preview:-1"},"canonical":"https:\/\/zerust.se\/en\/corrosion-protection-products\/","og_locale":"en_US","og_type":"article","og_title":"Corrosion Protection Products - Zerust","og_description":"Produktkategorier inom korrossionsskydd ZERUST\u00ae f\u00f6rst\u00e5r vikten av en snabb v\u00e4ndning och att f\u00f6rse v\u00e5ra kunder med de produkter som de beh\u00f6ver och n\u00e4r de beh\u00f6ver dem. Det \u00e4r d\u00e4rf\u00f6r ZERUST\u00ae har ett lager av 170+ korrosionsskyddande produkter i lager och redo f\u00f6r leverans. Det \u00e4r enkelt, snabbt och l\u00e4tt!Se v\u00e5r lagerlogotyp bredvid ett artikelnummer? D\u00e5 [&hellip;]","og_url":"https:\/\/zerust.se\/en\/corrosion-protection-products\/","og_site_name":"Zerust","article_modified_time":"2024-09-23T11:11:07+00:00","twitter_card":"summary_large_image","twitter_misc":{"Est. reading time":"2 minutes"},"schema":{"@context":"https:\/\/schema.org","@graph":[{"@type":"WebPage","@id":"https:\/\/zerust.se\/en\/corrosion-protection-products\/","url":"https:\/\/zerust.se\/en\/corrosion-protection-products\/","name":"Corrosion Protection Products - Zerust","isPartOf":{"@id":"https:\/\/zerust.se\/en\/#website"},"datePublished":"2023-05-22T10:29:56+00:00","dateModified":"2024-09-23T11:11:07+00:00","breadcrumb":{"@id":"https:\/\/zerust.se\/en\/corrosion-protection-products\/#breadcrumb"},"inLanguage":"en-US","potentialAction":[{"@type":"ReadAction","target":["https:\/\/zerust.se\/en\/corrosion-protection-products\/"]}]},{"@type":"BreadcrumbList","@id":"https:\/\/zerust.se\/en\/corrosion-protection-products\/#breadcrumb","itemListElement":[{"@type":"ListItem","position":1,"name":"Hem","item":"https:\/\/zerust.se\/en\/"},{"@type":"ListItem","position":2,"name":"Corrosion Protection Products"}]},{"@type":"WebSite","@id":"https:\/\/zerust.se\/en\/#website","url":"https:\/\/zerust.se\/en\/","name":"Zerust","description":"Corrosion Protection Products","potentialAction":[{"@type":"SearchAction","target":{"@type":"EntryPoint","urlTemplate":"https:\/\/zerust.se\/en\/?s={search_term_string}"},"query-input":{"@type":"PropertyValueSpecification","valueRequired":true,"valueName":"search_term_string"}}],"inLanguage":"en-US"}]}},"_links":{"self":[{"href":"https:\/\/zerust.se\/en\/wp-json\/wp\/v2\/pages\/44","targetHints":{"allow":["GET"]}}],"collection":[{"href":"https:\/\/zerust.se\/en\/wp-json\/wp\/v2\/pages"}],"about":[{"href":"https:\/\/zerust.se\/en\/wp-json\/wp\/v2\/types\/page"}],"author":[{"embeddable":true,"href":"https:\/\/zerust.se\/en\/wp-json\/wp\/v2\/users\/1"}],"replies":[{"embeddable":true,"href":"https:\/\/zerust.se\/en\/wp-json\/wp\/v2\/comments?post=44"}],"version-history":[{"count":44,"href":"https:\/\/zerust.se\/en\/wp-json\/wp\/v2\/pages\/44\/revisions"}],"predecessor-version":[{"id":2990,"href":"https:\/\/zerust.se\/en\/wp-json\/wp\/v2\/pages\/44\/revisions\/2990"}],"wp:attachment":[{"href":"https:\/\/zerust.se\/en\/wp-json\/wp\/v2\/media?parent=44"}],"curies":[{"name":"wp","href":"https:\/\/api.w.org\/{rel}","templated":true}]}}