{"id":2554,"date":"2023-05-30T12:15:40","date_gmt":"2023-05-30T12:15:40","guid":{"rendered":"https:\/\/zerust.invistic-dev.com\/produkt\/axxanol-spray-g\/"},"modified":"2024-09-16T13:22:58","modified_gmt":"2024-09-16T13:22:58","slug":"axxanol-spray-g","status":"publish","type":"product","link":"https:\/\/zerust.se\/da\/vare\/axxanol-spray-g\/","title":{"rendered":"Axxanol Spray-G"},"content":{"rendered":"<p>ZERUST\u00ae\/EXCOR\u00ae Axxanol\u2122 Spray-G er et spraybart rustbeskyttelsesfedt. Det er designet til at beskytte metaldele, udstyr og montering under langvarig indend\u00f8rs- og udend\u00f8rsopbevaring samt kr\u00e6vende s\u00f8fragt, hvor en aftagelig bel\u00e6gning er vigtig.<\/p>\n<p><strong>Egenskaber<\/strong><\/p>\n<ul>\n<li>Spraybart multimetal rustbeskyttelsesfedt<\/li>\n<li>Beskytter under ekstreme udend\u00f8rsforhold<\/li>\n<li>Sikkert for maling og plast<\/li>\n<li>Ikke-farlig fjernelse<\/li>\n<li>Let at anvende og fjerne<\/li>\n<\/ul>\n","protected":false},"excerpt":{"rendered":"<p>Brug Zerust Axxanol Spray-G til f\u00f8rsteklasses korrosionsbeskyttelse i et spraybart fedt.<\/p>\n","protected":false},"featured_media":1833,"comment_status":"closed","ping_status":"closed","template":"","meta":{"_acf_changed":false},"product_brand":[],"product_cat":[81],"product_tag":[],"class_list":{"0":"post-2554","1":"product","2":"type-product","3":"status-publish","4":"has-post-thumbnail","6":"product_cat-olier-og-vaesker","8":"first","9":"instock","10":"shipping-taxable","11":"product-type-simple"},"acf":[],"gallery_images":[],"yoast_head":"<!-- This site is optimized with the Yoast SEO plugin v27.4 - https:\/\/yoast.com\/product\/yoast-seo-wordpress\/ -->\n<title>Axxanol Spray-G - Zerust<\/title>\n<meta name=\"robots\" content=\"index, follow, max-snippet:-1, max-image-preview:large, max-video-preview:-1\" \/>\n<link rel=\"canonical\" href=\"https:\/\/zerust.se\/da\/vare\/axxanol-spray-g\/\" \/>\n<meta property=\"og:locale\" content=\"da_DK\" \/>\n<meta property=\"og:type\" content=\"article\" \/>\n<meta property=\"og:title\" content=\"Axxanol Spray-G - Zerust\" \/>\n<meta property=\"og:description\" content=\"Brug Zerust Axxanol Spray-G til f\u00f8rsteklasses korrosionsbeskyttelse i et spraybart fedt.\" \/>\n<meta property=\"og:url\" content=\"https:\/\/zerust.se\/da\/vare\/axxanol-spray-g\/\" \/>\n<meta property=\"og:site_name\" content=\"Zerust\" \/>\n<meta property=\"article:modified_time\" content=\"2024-09-16T13:22:58+00:00\" \/>\n<meta property=\"og:image\" content=\"https:\/\/zerust.se\/wp-content\/uploads\/2023\/05\/Axxenol-Spray-G-img.jpeg\" \/>\n\t<meta property=\"og:image:width\" content=\"540\" \/>\n\t<meta property=\"og:image:height\" content=\"500\" \/>\n\t<meta property=\"og:image:type\" content=\"image\/jpeg\" \/>\n<meta name=\"twitter:card\" content=\"summary_large_image\" \/>\n<meta name=\"twitter:label1\" content=\"Estimeret l\u00e6setid\" \/>\n\t<meta name=\"twitter:data1\" content=\"1 minut\" \/>\n<script type=\"application\/ld+json\" class=\"yoast-schema-graph\">{\"@context\":\"https:\\\/\\\/schema.org\",\"@graph\":[{\"@type\":\"WebPage\",\"@id\":\"https:\\\/\\\/zerust.se\\\/da\\\/vare\\\/axxanol-spray-g\\\/\",\"url\":\"https:\\\/\\\/zerust.se\\\/da\\\/vare\\\/axxanol-spray-g\\\/\",\"name\":\"Axxanol Spray-G - Zerust\",\"isPartOf\":{\"@id\":\"https:\\\/\\\/zerust.se\\\/da\\\/#website\"},\"primaryImageOfPage\":{\"@id\":\"https:\\\/\\\/zerust.se\\\/da\\\/vare\\\/axxanol-spray-g\\\/#primaryimage\"},\"image\":{\"@id\":\"https:\\\/\\\/zerust.se\\\/da\\\/vare\\\/axxanol-spray-g\\\/#primaryimage\"},\"thumbnailUrl\":\"https:\\\/\\\/zerust.se\\\/wp-content\\\/uploads\\\/2023\\\/05\\\/Axxenol-Spray-G-img.jpeg\",\"datePublished\":\"2023-05-30T12:15:40+00:00\",\"dateModified\":\"2024-09-16T13:22:58+00:00\",\"breadcrumb\":{\"@id\":\"https:\\\/\\\/zerust.se\\\/da\\\/vare\\\/axxanol-spray-g\\\/#breadcrumb\"},\"inLanguage\":\"da-DK\",\"potentialAction\":[{\"@type\":\"ReadAction\",\"target\":[\"https:\\\/\\\/zerust.se\\\/da\\\/vare\\\/axxanol-spray-g\\\/\"]}]},{\"@type\":\"ImageObject\",\"inLanguage\":\"da-DK\",\"@id\":\"https:\\\/\\\/zerust.se\\\/da\\\/vare\\\/axxanol-spray-g\\\/#primaryimage\",\"url\":\"https:\\\/\\\/zerust.se\\\/wp-content\\\/uploads\\\/2023\\\/05\\\/Axxenol-Spray-G-img.jpeg\",\"contentUrl\":\"https:\\\/\\\/zerust.se\\\/wp-content\\\/uploads\\\/2023\\\/05\\\/Axxenol-Spray-G-img.jpeg\",\"width\":540,\"height\":500},{\"@type\":\"BreadcrumbList\",\"@id\":\"https:\\\/\\\/zerust.se\\\/da\\\/vare\\\/axxanol-spray-g\\\/#breadcrumb\",\"itemListElement\":[{\"@type\":\"ListItem\",\"position\":1,\"name\":\"Hem\",\"item\":\"https:\\\/\\\/zerust.se\\\/da\\\/\"},{\"@type\":\"ListItem\",\"position\":2,\"name\":\"Corrosion Protection Products\",\"item\":\"https:\\\/\\\/zerust.se\\\/korrosionsskyddande-produkter\\\/\"},{\"@type\":\"ListItem\",\"position\":3,\"name\":\"Olier og V\u00e6sker\",\"item\":\"https:\\\/\\\/zerust.se\\\/da\\\/produktkategori\\\/olier-og-vaesker\\\/\"},{\"@type\":\"ListItem\",\"position\":4,\"name\":\"Axxanol Spray-G\"}]},{\"@type\":\"WebSite\",\"@id\":\"https:\\\/\\\/zerust.se\\\/da\\\/#website\",\"url\":\"https:\\\/\\\/zerust.se\\\/da\\\/\",\"name\":\"Zerust\",\"description\":\"Korrosionsbeskyttelsesprodukter\",\"potentialAction\":[{\"@type\":\"SearchAction\",\"target\":{\"@type\":\"EntryPoint\",\"urlTemplate\":\"https:\\\/\\\/zerust.se\\\/da\\\/?s={search_term_string}\"},\"query-input\":{\"@type\":\"PropertyValueSpecification\",\"valueRequired\":true,\"valueName\":\"search_term_string\"}}],\"inLanguage\":\"da-DK\"}]}<\/script>\n<!-- \/ Yoast SEO plugin. -->","yoast_head_json":{"title":"Axxanol Spray-G - Zerust","robots":{"index":"index","follow":"follow","max-snippet":"max-snippet:-1","max-image-preview":"max-image-preview:large","max-video-preview":"max-video-preview:-1"},"canonical":"https:\/\/zerust.se\/da\/vare\/axxanol-spray-g\/","og_locale":"da_DK","og_type":"article","og_title":"Axxanol Spray-G - Zerust","og_description":"Brug Zerust Axxanol Spray-G til f\u00f8rsteklasses korrosionsbeskyttelse i et spraybart fedt.","og_url":"https:\/\/zerust.se\/da\/vare\/axxanol-spray-g\/","og_site_name":"Zerust","article_modified_time":"2024-09-16T13:22:58+00:00","og_image":[{"width":540,"height":500,"url":"https:\/\/zerust.se\/wp-content\/uploads\/2023\/05\/Axxenol-Spray-G-img.jpeg","type":"image\/jpeg"}],"twitter_card":"summary_large_image","twitter_misc":{"Estimeret l\u00e6setid":"1 minut"},"schema":{"@context":"https:\/\/schema.org","@graph":[{"@type":"WebPage","@id":"https:\/\/zerust.se\/da\/vare\/axxanol-spray-g\/","url":"https:\/\/zerust.se\/da\/vare\/axxanol-spray-g\/","name":"Axxanol Spray-G - Zerust","isPartOf":{"@id":"https:\/\/zerust.se\/da\/#website"},"primaryImageOfPage":{"@id":"https:\/\/zerust.se\/da\/vare\/axxanol-spray-g\/#primaryimage"},"image":{"@id":"https:\/\/zerust.se\/da\/vare\/axxanol-spray-g\/#primaryimage"},"thumbnailUrl":"https:\/\/zerust.se\/wp-content\/uploads\/2023\/05\/Axxenol-Spray-G-img.jpeg","datePublished":"2023-05-30T12:15:40+00:00","dateModified":"2024-09-16T13:22:58+00:00","breadcrumb":{"@id":"https:\/\/zerust.se\/da\/vare\/axxanol-spray-g\/#breadcrumb"},"inLanguage":"da-DK","potentialAction":[{"@type":"ReadAction","target":["https:\/\/zerust.se\/da\/vare\/axxanol-spray-g\/"]}]},{"@type":"ImageObject","inLanguage":"da-DK","@id":"https:\/\/zerust.se\/da\/vare\/axxanol-spray-g\/#primaryimage","url":"https:\/\/zerust.se\/wp-content\/uploads\/2023\/05\/Axxenol-Spray-G-img.jpeg","contentUrl":"https:\/\/zerust.se\/wp-content\/uploads\/2023\/05\/Axxenol-Spray-G-img.jpeg","width":540,"height":500},{"@type":"BreadcrumbList","@id":"https:\/\/zerust.se\/da\/vare\/axxanol-spray-g\/#breadcrumb","itemListElement":[{"@type":"ListItem","position":1,"name":"Hem","item":"https:\/\/zerust.se\/da\/"},{"@type":"ListItem","position":2,"name":"Corrosion Protection Products","item":"https:\/\/zerust.se\/korrosionsskyddande-produkter\/"},{"@type":"ListItem","position":3,"name":"Olier og V\u00e6sker","item":"https:\/\/zerust.se\/da\/produktkategori\/olier-og-vaesker\/"},{"@type":"ListItem","position":4,"name":"Axxanol Spray-G"}]},{"@type":"WebSite","@id":"https:\/\/zerust.se\/da\/#website","url":"https:\/\/zerust.se\/da\/","name":"Zerust","description":"Korrosionsbeskyttelsesprodukter","potentialAction":[{"@type":"SearchAction","target":{"@type":"EntryPoint","urlTemplate":"https:\/\/zerust.se\/da\/?s={search_term_string}"},"query-input":{"@type":"PropertyValueSpecification","valueRequired":true,"valueName":"search_term_string"}}],"inLanguage":"da-DK"}]}},"_links":{"self":[{"href":"https:\/\/zerust.se\/da\/wp-json\/wp\/v2\/product\/2554","targetHints":{"allow":["GET"]}}],"collection":[{"href":"https:\/\/zerust.se\/da\/wp-json\/wp\/v2\/product"}],"about":[{"href":"https:\/\/zerust.se\/da\/wp-json\/wp\/v2\/types\/product"}],"replies":[{"embeddable":true,"href":"https:\/\/zerust.se\/da\/wp-json\/wp\/v2\/comments?post=2554"}],"wp:featuredmedia":[{"embeddable":true,"href":"https:\/\/zerust.se\/da\/wp-json\/wp\/v2\/media\/1833"}],"wp:attachment":[{"href":"https:\/\/zerust.se\/da\/wp-json\/wp\/v2\/media?parent=2554"}],"wp:term":[{"taxonomy":"product_brand","embeddable":true,"href":"https:\/\/zerust.se\/da\/wp-json\/wp\/v2\/product_brand?post=2554"},{"taxonomy":"product_cat","embeddable":true,"href":"https:\/\/zerust.se\/da\/wp-json\/wp\/v2\/product_cat?post=2554"},{"taxonomy":"product_tag","embeddable":true,"href":"https:\/\/zerust.se\/da\/wp-json\/wp\/v2\/product_tag?post=2554"}],"curies":[{"name":"wp","href":"https:\/\/api.w.org\/{rel}","templated":true}]}}