{"id":2550,"date":"2023-05-30T12:18:04","date_gmt":"2023-05-30T12:18:04","guid":{"rendered":"https:\/\/zerust.invistic-dev.com\/produkt\/axxatec-87-m\/"},"modified":"2024-09-16T13:16:46","modified_gmt":"2024-09-16T13:16:46","slug":"axxatec-87-m","status":"publish","type":"product","link":"https:\/\/zerust.se\/da\/vare\/axxatec-87-m\/","title":{"rendered":"Axxatec 87-M"},"content":{"rendered":"<p>ZERUST\u00ae\/EXCOR\u00ae Axxatec\u2122 87-M er en brugsklar t\u00e5gelig vandbaseret rustbeskyttelsesv\u00e6ske designet til t\u00e5ge- og sprayapplikationer. Axxatec\u2122 87-M beskytter jernholdige metaller ved hj\u00e6lp af ZERUST\u00ae kontaktinhibitorer og den gennempr\u00f8vede VCI og er multimetalkompatibel.<\/p>\n<p><strong>Egenskaber<\/strong><\/p>\n<ul>\n<li>T\u00e5gelig vandbaseret rustbeskyttelse med VCI<\/li>\n<li>Brugsklar og let at anvende<\/li>\n<li>T\u00e5gelig VCI beskytter sv\u00e6rt tilg\u00e6ngelige overflader i spr\u00e6kker og hulrum<\/li>\n<li>Skaber en klar, t\u00f8r-til-ber\u00f8ring beskyttelsesfilm<\/li>\n<li>Sikker for malede overflader<\/li>\n<li>Kan anvendes med flere metaltyper<\/li>\n<\/ul>\n","protected":false},"excerpt":{"rendered":"<p>Zerust Axxatec 87-M er en vandbaseret rusth\u00e6mmer med Zerust Mist Corrosion Inhibitors (VCI&#8217;er).<\/p>\n","protected":false},"featured_media":1851,"comment_status":"closed","ping_status":"closed","template":"","meta":{"_acf_changed":false},"product_brand":[],"product_cat":[81],"product_tag":[],"class_list":{"0":"post-2550","1":"product","2":"type-product","3":"status-publish","4":"has-post-thumbnail","6":"product_cat-olier-og-vaesker","8":"first","9":"instock","10":"shipping-taxable","11":"product-type-simple"},"acf":[],"gallery_images":[],"yoast_head":"<!-- This site is optimized with the Yoast SEO plugin v27.4 - https:\/\/yoast.com\/product\/yoast-seo-wordpress\/ -->\n<title>Axxatec 87-M - Zerust<\/title>\n<meta name=\"robots\" content=\"index, follow, max-snippet:-1, max-image-preview:large, max-video-preview:-1\" \/>\n<link rel=\"canonical\" href=\"https:\/\/zerust.se\/da\/vare\/axxatec-87-m\/\" \/>\n<meta property=\"og:locale\" content=\"da_DK\" \/>\n<meta property=\"og:type\" content=\"article\" \/>\n<meta property=\"og:title\" content=\"Axxatec 87-M - Zerust\" \/>\n<meta property=\"og:description\" content=\"Zerust Axxatec 87-M er en vandbaseret rusth\u00e6mmer med Zerust Mist Corrosion Inhibitors (VCI&#039;er).\" \/>\n<meta property=\"og:url\" content=\"https:\/\/zerust.se\/da\/vare\/axxatec-87-m\/\" \/>\n<meta property=\"og:site_name\" content=\"Zerust\" \/>\n<meta property=\"article:modified_time\" content=\"2024-09-16T13:16:46+00:00\" \/>\n<meta property=\"og:image\" content=\"https:\/\/zerust.se\/wp-content\/uploads\/2023\/05\/Axxatec-87-M-img.jpeg\" \/>\n\t<meta property=\"og:image:width\" content=\"540\" \/>\n\t<meta property=\"og:image:height\" content=\"500\" \/>\n\t<meta property=\"og:image:type\" content=\"image\/jpeg\" \/>\n<meta name=\"twitter:card\" content=\"summary_large_image\" \/>\n<meta name=\"twitter:label1\" content=\"Estimeret l\u00e6setid\" \/>\n\t<meta name=\"twitter:data1\" content=\"1 minut\" \/>\n<script type=\"application\/ld+json\" class=\"yoast-schema-graph\">{\"@context\":\"https:\\\/\\\/schema.org\",\"@graph\":[{\"@type\":\"WebPage\",\"@id\":\"https:\\\/\\\/zerust.se\\\/da\\\/vare\\\/axxatec-87-m\\\/\",\"url\":\"https:\\\/\\\/zerust.se\\\/da\\\/vare\\\/axxatec-87-m\\\/\",\"name\":\"Axxatec 87-M - Zerust\",\"isPartOf\":{\"@id\":\"https:\\\/\\\/zerust.se\\\/da\\\/#website\"},\"primaryImageOfPage\":{\"@id\":\"https:\\\/\\\/zerust.se\\\/da\\\/vare\\\/axxatec-87-m\\\/#primaryimage\"},\"image\":{\"@id\":\"https:\\\/\\\/zerust.se\\\/da\\\/vare\\\/axxatec-87-m\\\/#primaryimage\"},\"thumbnailUrl\":\"https:\\\/\\\/zerust.se\\\/wp-content\\\/uploads\\\/2023\\\/05\\\/Axxatec-87-M-img.jpeg\",\"datePublished\":\"2023-05-30T12:18:04+00:00\",\"dateModified\":\"2024-09-16T13:16:46+00:00\",\"breadcrumb\":{\"@id\":\"https:\\\/\\\/zerust.se\\\/da\\\/vare\\\/axxatec-87-m\\\/#breadcrumb\"},\"inLanguage\":\"da-DK\",\"potentialAction\":[{\"@type\":\"ReadAction\",\"target\":[\"https:\\\/\\\/zerust.se\\\/da\\\/vare\\\/axxatec-87-m\\\/\"]}]},{\"@type\":\"ImageObject\",\"inLanguage\":\"da-DK\",\"@id\":\"https:\\\/\\\/zerust.se\\\/da\\\/vare\\\/axxatec-87-m\\\/#primaryimage\",\"url\":\"https:\\\/\\\/zerust.se\\\/wp-content\\\/uploads\\\/2023\\\/05\\\/Axxatec-87-M-img.jpeg\",\"contentUrl\":\"https:\\\/\\\/zerust.se\\\/wp-content\\\/uploads\\\/2023\\\/05\\\/Axxatec-87-M-img.jpeg\",\"width\":540,\"height\":500},{\"@type\":\"BreadcrumbList\",\"@id\":\"https:\\\/\\\/zerust.se\\\/da\\\/vare\\\/axxatec-87-m\\\/#breadcrumb\",\"itemListElement\":[{\"@type\":\"ListItem\",\"position\":1,\"name\":\"Hem\",\"item\":\"https:\\\/\\\/zerust.se\\\/da\\\/\"},{\"@type\":\"ListItem\",\"position\":2,\"name\":\"Corrosion Protection Products\",\"item\":\"https:\\\/\\\/zerust.se\\\/korrosionsskyddande-produkter\\\/\"},{\"@type\":\"ListItem\",\"position\":3,\"name\":\"Olier og V\u00e6sker\",\"item\":\"https:\\\/\\\/zerust.se\\\/da\\\/produktkategori\\\/olier-og-vaesker\\\/\"},{\"@type\":\"ListItem\",\"position\":4,\"name\":\"Axxatec 87-M\"}]},{\"@type\":\"WebSite\",\"@id\":\"https:\\\/\\\/zerust.se\\\/da\\\/#website\",\"url\":\"https:\\\/\\\/zerust.se\\\/da\\\/\",\"name\":\"Zerust\",\"description\":\"Korrosionsbeskyttelsesprodukter\",\"potentialAction\":[{\"@type\":\"SearchAction\",\"target\":{\"@type\":\"EntryPoint\",\"urlTemplate\":\"https:\\\/\\\/zerust.se\\\/da\\\/?s={search_term_string}\"},\"query-input\":{\"@type\":\"PropertyValueSpecification\",\"valueRequired\":true,\"valueName\":\"search_term_string\"}}],\"inLanguage\":\"da-DK\"}]}<\/script>\n<!-- \/ Yoast SEO plugin. -->","yoast_head_json":{"title":"Axxatec 87-M - Zerust","robots":{"index":"index","follow":"follow","max-snippet":"max-snippet:-1","max-image-preview":"max-image-preview:large","max-video-preview":"max-video-preview:-1"},"canonical":"https:\/\/zerust.se\/da\/vare\/axxatec-87-m\/","og_locale":"da_DK","og_type":"article","og_title":"Axxatec 87-M - Zerust","og_description":"Zerust Axxatec 87-M er en vandbaseret rusth\u00e6mmer med Zerust Mist Corrosion Inhibitors (VCI'er).","og_url":"https:\/\/zerust.se\/da\/vare\/axxatec-87-m\/","og_site_name":"Zerust","article_modified_time":"2024-09-16T13:16:46+00:00","og_image":[{"width":540,"height":500,"url":"https:\/\/zerust.se\/wp-content\/uploads\/2023\/05\/Axxatec-87-M-img.jpeg","type":"image\/jpeg"}],"twitter_card":"summary_large_image","twitter_misc":{"Estimeret l\u00e6setid":"1 minut"},"schema":{"@context":"https:\/\/schema.org","@graph":[{"@type":"WebPage","@id":"https:\/\/zerust.se\/da\/vare\/axxatec-87-m\/","url":"https:\/\/zerust.se\/da\/vare\/axxatec-87-m\/","name":"Axxatec 87-M - Zerust","isPartOf":{"@id":"https:\/\/zerust.se\/da\/#website"},"primaryImageOfPage":{"@id":"https:\/\/zerust.se\/da\/vare\/axxatec-87-m\/#primaryimage"},"image":{"@id":"https:\/\/zerust.se\/da\/vare\/axxatec-87-m\/#primaryimage"},"thumbnailUrl":"https:\/\/zerust.se\/wp-content\/uploads\/2023\/05\/Axxatec-87-M-img.jpeg","datePublished":"2023-05-30T12:18:04+00:00","dateModified":"2024-09-16T13:16:46+00:00","breadcrumb":{"@id":"https:\/\/zerust.se\/da\/vare\/axxatec-87-m\/#breadcrumb"},"inLanguage":"da-DK","potentialAction":[{"@type":"ReadAction","target":["https:\/\/zerust.se\/da\/vare\/axxatec-87-m\/"]}]},{"@type":"ImageObject","inLanguage":"da-DK","@id":"https:\/\/zerust.se\/da\/vare\/axxatec-87-m\/#primaryimage","url":"https:\/\/zerust.se\/wp-content\/uploads\/2023\/05\/Axxatec-87-M-img.jpeg","contentUrl":"https:\/\/zerust.se\/wp-content\/uploads\/2023\/05\/Axxatec-87-M-img.jpeg","width":540,"height":500},{"@type":"BreadcrumbList","@id":"https:\/\/zerust.se\/da\/vare\/axxatec-87-m\/#breadcrumb","itemListElement":[{"@type":"ListItem","position":1,"name":"Hem","item":"https:\/\/zerust.se\/da\/"},{"@type":"ListItem","position":2,"name":"Corrosion Protection Products","item":"https:\/\/zerust.se\/korrosionsskyddande-produkter\/"},{"@type":"ListItem","position":3,"name":"Olier og V\u00e6sker","item":"https:\/\/zerust.se\/da\/produktkategori\/olier-og-vaesker\/"},{"@type":"ListItem","position":4,"name":"Axxatec 87-M"}]},{"@type":"WebSite","@id":"https:\/\/zerust.se\/da\/#website","url":"https:\/\/zerust.se\/da\/","name":"Zerust","description":"Korrosionsbeskyttelsesprodukter","potentialAction":[{"@type":"SearchAction","target":{"@type":"EntryPoint","urlTemplate":"https:\/\/zerust.se\/da\/?s={search_term_string}"},"query-input":{"@type":"PropertyValueSpecification","valueRequired":true,"valueName":"search_term_string"}}],"inLanguage":"da-DK"}]}},"_links":{"self":[{"href":"https:\/\/zerust.se\/da\/wp-json\/wp\/v2\/product\/2550","targetHints":{"allow":["GET"]}}],"collection":[{"href":"https:\/\/zerust.se\/da\/wp-json\/wp\/v2\/product"}],"about":[{"href":"https:\/\/zerust.se\/da\/wp-json\/wp\/v2\/types\/product"}],"replies":[{"embeddable":true,"href":"https:\/\/zerust.se\/da\/wp-json\/wp\/v2\/comments?post=2550"}],"wp:featuredmedia":[{"embeddable":true,"href":"https:\/\/zerust.se\/da\/wp-json\/wp\/v2\/media\/1851"}],"wp:attachment":[{"href":"https:\/\/zerust.se\/da\/wp-json\/wp\/v2\/media?parent=2550"}],"wp:term":[{"taxonomy":"product_brand","embeddable":true,"href":"https:\/\/zerust.se\/da\/wp-json\/wp\/v2\/product_brand?post=2550"},{"taxonomy":"product_cat","embeddable":true,"href":"https:\/\/zerust.se\/da\/wp-json\/wp\/v2\/product_cat?post=2550"},{"taxonomy":"product_tag","embeddable":true,"href":"https:\/\/zerust.se\/da\/wp-json\/wp\/v2\/product_tag?post=2550"}],"curies":[{"name":"wp","href":"https:\/\/api.w.org\/{rel}","templated":true}]}}