{"id":2547,"date":"2023-05-30T12:19:29","date_gmt":"2023-05-30T12:19:29","guid":{"rendered":"https:\/\/zerust.invistic-dev.com\/produkt\/axxatec-80c\/"},"modified":"2024-09-16T13:10:16","modified_gmt":"2024-09-16T13:10:16","slug":"axxatec-80c","status":"publish","type":"product","link":"https:\/\/zerust.se\/da\/vare\/axxatec-80c\/","title":{"rendered":"Axxatec 80C"},"content":{"rendered":"<p>ZERUST\u00ae Axxatec\u2122 80C er et langtidsholdbart vandbaseret rustbeskyttelsesmiddel, der beskytter jernholdige metaller som st\u00f8bejern, st\u00e5l og dets legeringer i op til 6 m\u00e5neder\u2021 under opbevaring, transport og montering indend\u00f8rs. Desuden er det ogs\u00e5 multimetal- og zinkkompatibelt. Vi anbefaler dog, at du tester det f\u00f8r brug<\/p>\n<p><strong>Egenskaber<\/strong><\/p>\n<ul>\n<li>Danner en klar, t\u00f8r-til-ber\u00f8ring, hydrofob film<\/li>\n<li>Den koncentrerede formel reducerer fragtomkostninger og muligg\u00f8r tilpasselig fortyndbar beskyttelse<\/li>\n<li>Sikker for malede, gummi- og plastmaterialer<\/li>\n<li>Let at anvende og fjerne<\/li>\n<li>Ikke-farlig<\/li>\n<\/ul>\n","protected":false},"excerpt":{"rendered":"<p>Axxatec 80C beskytter jernholdige metaller som jern, st\u00e5l og st\u00f8bejern i op til et \u00e5r, hvis metallet er under l\u00e6.<\/p>\n","protected":false},"featured_media":2544,"comment_status":"closed","ping_status":"closed","template":"","meta":{"_acf_changed":false},"product_brand":[],"product_cat":[81],"product_tag":[],"class_list":{"0":"post-2547","1":"product","2":"type-product","3":"status-publish","4":"has-post-thumbnail","6":"product_cat-olier-og-vaesker","8":"first","9":"instock","10":"shipping-taxable","11":"product-type-simple"},"acf":[],"gallery_images":[],"yoast_head":"<!-- This site is optimized with the Yoast SEO plugin v27.4 - https:\/\/yoast.com\/product\/yoast-seo-wordpress\/ -->\n<title>Axxatec 80C - Zerust<\/title>\n<meta name=\"robots\" content=\"index, follow, max-snippet:-1, max-image-preview:large, max-video-preview:-1\" \/>\n<link rel=\"canonical\" href=\"https:\/\/zerust.se\/da\/vare\/axxatec-80c\/\" \/>\n<meta property=\"og:locale\" content=\"da_DK\" \/>\n<meta property=\"og:type\" content=\"article\" \/>\n<meta property=\"og:title\" content=\"Axxatec 80C - Zerust\" \/>\n<meta property=\"og:description\" content=\"Axxatec 80C beskytter jernholdige metaller som jern, st\u00e5l og st\u00f8bejern i op til et \u00e5r, hvis metallet er under l\u00e6.\" \/>\n<meta property=\"og:url\" content=\"https:\/\/zerust.se\/da\/vare\/axxatec-80c\/\" \/>\n<meta property=\"og:site_name\" content=\"Zerust\" \/>\n<meta property=\"article:modified_time\" content=\"2024-09-16T13:10:16+00:00\" \/>\n<meta property=\"og:image\" content=\"https:\/\/zerust.se\/wp-content\/uploads\/2023\/05\/Axxatec80C_350-F-00005PL.jpg\" \/>\n\t<meta property=\"og:image:width\" content=\"1500\" \/>\n\t<meta property=\"og:image:height\" content=\"999\" \/>\n\t<meta property=\"og:image:type\" content=\"image\/jpeg\" \/>\n<meta name=\"twitter:card\" content=\"summary_large_image\" \/>\n<meta name=\"twitter:label1\" content=\"Estimeret l\u00e6setid\" \/>\n\t<meta name=\"twitter:data1\" content=\"1 minut\" \/>\n<script type=\"application\/ld+json\" class=\"yoast-schema-graph\">{\"@context\":\"https:\\\/\\\/schema.org\",\"@graph\":[{\"@type\":\"WebPage\",\"@id\":\"https:\\\/\\\/zerust.se\\\/da\\\/vare\\\/axxatec-80c\\\/\",\"url\":\"https:\\\/\\\/zerust.se\\\/da\\\/vare\\\/axxatec-80c\\\/\",\"name\":\"Axxatec 80C - Zerust\",\"isPartOf\":{\"@id\":\"https:\\\/\\\/zerust.se\\\/da\\\/#website\"},\"primaryImageOfPage\":{\"@id\":\"https:\\\/\\\/zerust.se\\\/da\\\/vare\\\/axxatec-80c\\\/#primaryimage\"},\"image\":{\"@id\":\"https:\\\/\\\/zerust.se\\\/da\\\/vare\\\/axxatec-80c\\\/#primaryimage\"},\"thumbnailUrl\":\"https:\\\/\\\/zerust.se\\\/wp-content\\\/uploads\\\/2023\\\/05\\\/Axxatec80C_350-F-00005PL.jpg\",\"datePublished\":\"2023-05-30T12:19:29+00:00\",\"dateModified\":\"2024-09-16T13:10:16+00:00\",\"breadcrumb\":{\"@id\":\"https:\\\/\\\/zerust.se\\\/da\\\/vare\\\/axxatec-80c\\\/#breadcrumb\"},\"inLanguage\":\"da-DK\",\"potentialAction\":[{\"@type\":\"ReadAction\",\"target\":[\"https:\\\/\\\/zerust.se\\\/da\\\/vare\\\/axxatec-80c\\\/\"]}]},{\"@type\":\"ImageObject\",\"inLanguage\":\"da-DK\",\"@id\":\"https:\\\/\\\/zerust.se\\\/da\\\/vare\\\/axxatec-80c\\\/#primaryimage\",\"url\":\"https:\\\/\\\/zerust.se\\\/wp-content\\\/uploads\\\/2023\\\/05\\\/Axxatec80C_350-F-00005PL.jpg\",\"contentUrl\":\"https:\\\/\\\/zerust.se\\\/wp-content\\\/uploads\\\/2023\\\/05\\\/Axxatec80C_350-F-00005PL.jpg\",\"width\":1500,\"height\":999},{\"@type\":\"BreadcrumbList\",\"@id\":\"https:\\\/\\\/zerust.se\\\/da\\\/vare\\\/axxatec-80c\\\/#breadcrumb\",\"itemListElement\":[{\"@type\":\"ListItem\",\"position\":1,\"name\":\"Hem\",\"item\":\"https:\\\/\\\/zerust.se\\\/da\\\/\"},{\"@type\":\"ListItem\",\"position\":2,\"name\":\"Corrosion Protection Products\",\"item\":\"https:\\\/\\\/zerust.se\\\/korrosionsskyddande-produkter\\\/\"},{\"@type\":\"ListItem\",\"position\":3,\"name\":\"Olier og V\u00e6sker\",\"item\":\"https:\\\/\\\/zerust.se\\\/da\\\/produktkategori\\\/olier-og-vaesker\\\/\"},{\"@type\":\"ListItem\",\"position\":4,\"name\":\"Axxatec 80C\"}]},{\"@type\":\"WebSite\",\"@id\":\"https:\\\/\\\/zerust.se\\\/da\\\/#website\",\"url\":\"https:\\\/\\\/zerust.se\\\/da\\\/\",\"name\":\"Zerust\",\"description\":\"Korrosionsbeskyttelsesprodukter\",\"potentialAction\":[{\"@type\":\"SearchAction\",\"target\":{\"@type\":\"EntryPoint\",\"urlTemplate\":\"https:\\\/\\\/zerust.se\\\/da\\\/?s={search_term_string}\"},\"query-input\":{\"@type\":\"PropertyValueSpecification\",\"valueRequired\":true,\"valueName\":\"search_term_string\"}}],\"inLanguage\":\"da-DK\"}]}<\/script>\n<!-- \/ Yoast SEO plugin. -->","yoast_head_json":{"title":"Axxatec 80C - Zerust","robots":{"index":"index","follow":"follow","max-snippet":"max-snippet:-1","max-image-preview":"max-image-preview:large","max-video-preview":"max-video-preview:-1"},"canonical":"https:\/\/zerust.se\/da\/vare\/axxatec-80c\/","og_locale":"da_DK","og_type":"article","og_title":"Axxatec 80C - Zerust","og_description":"Axxatec 80C beskytter jernholdige metaller som jern, st\u00e5l og st\u00f8bejern i op til et \u00e5r, hvis metallet er under l\u00e6.","og_url":"https:\/\/zerust.se\/da\/vare\/axxatec-80c\/","og_site_name":"Zerust","article_modified_time":"2024-09-16T13:10:16+00:00","og_image":[{"width":1500,"height":999,"url":"https:\/\/zerust.se\/wp-content\/uploads\/2023\/05\/Axxatec80C_350-F-00005PL.jpg","type":"image\/jpeg"}],"twitter_card":"summary_large_image","twitter_misc":{"Estimeret l\u00e6setid":"1 minut"},"schema":{"@context":"https:\/\/schema.org","@graph":[{"@type":"WebPage","@id":"https:\/\/zerust.se\/da\/vare\/axxatec-80c\/","url":"https:\/\/zerust.se\/da\/vare\/axxatec-80c\/","name":"Axxatec 80C - Zerust","isPartOf":{"@id":"https:\/\/zerust.se\/da\/#website"},"primaryImageOfPage":{"@id":"https:\/\/zerust.se\/da\/vare\/axxatec-80c\/#primaryimage"},"image":{"@id":"https:\/\/zerust.se\/da\/vare\/axxatec-80c\/#primaryimage"},"thumbnailUrl":"https:\/\/zerust.se\/wp-content\/uploads\/2023\/05\/Axxatec80C_350-F-00005PL.jpg","datePublished":"2023-05-30T12:19:29+00:00","dateModified":"2024-09-16T13:10:16+00:00","breadcrumb":{"@id":"https:\/\/zerust.se\/da\/vare\/axxatec-80c\/#breadcrumb"},"inLanguage":"da-DK","potentialAction":[{"@type":"ReadAction","target":["https:\/\/zerust.se\/da\/vare\/axxatec-80c\/"]}]},{"@type":"ImageObject","inLanguage":"da-DK","@id":"https:\/\/zerust.se\/da\/vare\/axxatec-80c\/#primaryimage","url":"https:\/\/zerust.se\/wp-content\/uploads\/2023\/05\/Axxatec80C_350-F-00005PL.jpg","contentUrl":"https:\/\/zerust.se\/wp-content\/uploads\/2023\/05\/Axxatec80C_350-F-00005PL.jpg","width":1500,"height":999},{"@type":"BreadcrumbList","@id":"https:\/\/zerust.se\/da\/vare\/axxatec-80c\/#breadcrumb","itemListElement":[{"@type":"ListItem","position":1,"name":"Hem","item":"https:\/\/zerust.se\/da\/"},{"@type":"ListItem","position":2,"name":"Corrosion Protection Products","item":"https:\/\/zerust.se\/korrosionsskyddande-produkter\/"},{"@type":"ListItem","position":3,"name":"Olier og V\u00e6sker","item":"https:\/\/zerust.se\/da\/produktkategori\/olier-og-vaesker\/"},{"@type":"ListItem","position":4,"name":"Axxatec 80C"}]},{"@type":"WebSite","@id":"https:\/\/zerust.se\/da\/#website","url":"https:\/\/zerust.se\/da\/","name":"Zerust","description":"Korrosionsbeskyttelsesprodukter","potentialAction":[{"@type":"SearchAction","target":{"@type":"EntryPoint","urlTemplate":"https:\/\/zerust.se\/da\/?s={search_term_string}"},"query-input":{"@type":"PropertyValueSpecification","valueRequired":true,"valueName":"search_term_string"}}],"inLanguage":"da-DK"}]}},"_links":{"self":[{"href":"https:\/\/zerust.se\/da\/wp-json\/wp\/v2\/product\/2547","targetHints":{"allow":["GET"]}}],"collection":[{"href":"https:\/\/zerust.se\/da\/wp-json\/wp\/v2\/product"}],"about":[{"href":"https:\/\/zerust.se\/da\/wp-json\/wp\/v2\/types\/product"}],"replies":[{"embeddable":true,"href":"https:\/\/zerust.se\/da\/wp-json\/wp\/v2\/comments?post=2547"}],"wp:featuredmedia":[{"embeddable":true,"href":"https:\/\/zerust.se\/da\/wp-json\/wp\/v2\/media\/2544"}],"wp:attachment":[{"href":"https:\/\/zerust.se\/da\/wp-json\/wp\/v2\/media?parent=2547"}],"wp:term":[{"taxonomy":"product_brand","embeddable":true,"href":"https:\/\/zerust.se\/da\/wp-json\/wp\/v2\/product_brand?post=2547"},{"taxonomy":"product_cat","embeddable":true,"href":"https:\/\/zerust.se\/da\/wp-json\/wp\/v2\/product_cat?post=2547"},{"taxonomy":"product_tag","embeddable":true,"href":"https:\/\/zerust.se\/da\/wp-json\/wp\/v2\/product_tag?post=2547"}],"curies":[{"name":"wp","href":"https:\/\/api.w.org\/{rel}","templated":true}]}}