{"id":2540,"date":"2023-05-30T12:19:57","date_gmt":"2023-05-30T12:19:57","guid":{"rendered":"https:\/\/zerust.invistic-dev.com\/produkt\/axxaclean-2048\/"},"modified":"2024-09-16T13:01:41","modified_gmt":"2024-09-16T13:01:41","slug":"axxaclean-2048","status":"publish","type":"product","link":"https:\/\/zerust.se\/da\/vare\/axxaclean-2048\/","title":{"rendered":"AxxaClean 2048"},"content":{"rendered":"<p>ZERUST\u00ae\/EXCOR\u00ae AxxaClean\u2122 2048 er en moderatvirkende (ikke-farlig) og sikker rustfjerner designet til at eliminere mellem rust og misfarvning, selv i de mest sv\u00e6rt tilg\u00e6ngelige spr\u00e6kker og kroge. Derudover str\u00e6kker kraften hos AxxaClean\u2122 2048 sig ud over fjernelsen af rust fra jernmetaller, da den ogs\u00e5 udm\u00e6rker sig i at deoxidere og lysne forskellige materialer, s\u00e5som r\u00f8dmetaller, aluminiumslegeringer, magnesiumlegeringer og galvaniserede overflader. Med en pH-v\u00e6rdi p\u00e5 ca. 2,5, svarende til sodavand, minimerer AxxaClean\u2122 2048 udfordringen med bortskaffelse, hvilket g\u00f8r den til en ideel sikker rustfjerner.<\/p>\n<p><strong>Egenskaber<\/strong><\/p>\n<ul>\n<li>Fjerner hurtigt rust og misfarvning \u2022 Indeholder ingen VOC, CFC, silikoner eller tungmetaller, hvilket g\u00f8r det til en sikker rustfjerner<\/li>\n<li>Sikker rustfjerner kompatibel med de fleste metaller, malede overflader, gummi og elastomerer<\/li>\n<li>Efterlader ingen pletter eller m\u00f8rke kulstofforbindelser<\/li>\n<li>Rengjorte metaller er klar til at blive malet eller svejset<\/li>\n<\/ul>\n","protected":false},"excerpt":{"rendered":"<p>ZERUST\u00ae\/EXCOR\u00ae AxxaClean\u2122 2048 er en moderatvirkende (ikke-farlig) og sikker rustfjerner designet til at eliminere mellem rust og misfarvning, selv i de mest sv\u00e6rt tilg\u00e6ngelige spr\u00e6kker og kroge. Derudover str\u00e6kker kraften hos AxxaClean\u2122 2048 sig ud over fjernelsen af rust fra jernmetaller, da den ogs\u00e5 udm\u00e6rker sig i at deoxidere og lysne forskellige materialer, s\u00e5som r\u00f8dmetaller, [&hellip;]<\/p>\n","protected":false},"featured_media":1760,"comment_status":"closed","ping_status":"closed","template":"","meta":{"_acf_changed":false},"product_brand":[],"product_cat":[81],"product_tag":[],"class_list":{"0":"post-2540","1":"product","2":"type-product","3":"status-publish","4":"has-post-thumbnail","6":"product_cat-olier-og-vaesker","8":"first","9":"instock","10":"shipping-taxable","11":"product-type-simple"},"acf":[],"gallery_images":[],"yoast_head":"<!-- This site is optimized with the Yoast SEO plugin v27.4 - https:\/\/yoast.com\/product\/yoast-seo-wordpress\/ -->\n<title>AxxaClean 2048 - Zerust<\/title>\n<meta name=\"robots\" content=\"index, follow, max-snippet:-1, max-image-preview:large, max-video-preview:-1\" \/>\n<link rel=\"canonical\" href=\"https:\/\/zerust.se\/da\/vare\/axxaclean-2048\/\" \/>\n<meta property=\"og:locale\" content=\"da_DK\" \/>\n<meta property=\"og:type\" content=\"article\" \/>\n<meta property=\"og:title\" content=\"AxxaClean 2048 - Zerust\" \/>\n<meta property=\"og:description\" content=\"ZERUST\u00ae\/EXCOR\u00ae AxxaClean\u2122 2048 er en moderatvirkende (ikke-farlig) og sikker rustfjerner designet til at eliminere mellem rust og misfarvning, selv i de mest sv\u00e6rt tilg\u00e6ngelige spr\u00e6kker og kroge. Derudover str\u00e6kker kraften hos AxxaClean\u2122 2048 sig ud over fjernelsen af rust fra jernmetaller, da den ogs\u00e5 udm\u00e6rker sig i at deoxidere og lysne forskellige materialer, s\u00e5som r\u00f8dmetaller, [&hellip;]\" \/>\n<meta property=\"og:url\" content=\"https:\/\/zerust.se\/da\/vare\/axxaclean-2048\/\" \/>\n<meta property=\"og:site_name\" content=\"Zerust\" \/>\n<meta property=\"article:modified_time\" content=\"2024-09-16T13:01:41+00:00\" \/>\n<meta property=\"og:image\" content=\"https:\/\/zerust.se\/wp-content\/uploads\/2023\/05\/AxxaClean-2048-IMG.jpeg\" \/>\n\t<meta property=\"og:image:width\" content=\"540\" \/>\n\t<meta property=\"og:image:height\" content=\"500\" \/>\n\t<meta property=\"og:image:type\" content=\"image\/jpeg\" \/>\n<meta name=\"twitter:card\" content=\"summary_large_image\" \/>\n<meta name=\"twitter:label1\" content=\"Estimeret l\u00e6setid\" \/>\n\t<meta name=\"twitter:data1\" content=\"1 minut\" \/>\n<script type=\"application\/ld+json\" class=\"yoast-schema-graph\">{\"@context\":\"https:\\\/\\\/schema.org\",\"@graph\":[{\"@type\":\"WebPage\",\"@id\":\"https:\\\/\\\/zerust.se\\\/da\\\/vare\\\/axxaclean-2048\\\/\",\"url\":\"https:\\\/\\\/zerust.se\\\/da\\\/vare\\\/axxaclean-2048\\\/\",\"name\":\"AxxaClean 2048 - Zerust\",\"isPartOf\":{\"@id\":\"https:\\\/\\\/zerust.se\\\/da\\\/#website\"},\"primaryImageOfPage\":{\"@id\":\"https:\\\/\\\/zerust.se\\\/da\\\/vare\\\/axxaclean-2048\\\/#primaryimage\"},\"image\":{\"@id\":\"https:\\\/\\\/zerust.se\\\/da\\\/vare\\\/axxaclean-2048\\\/#primaryimage\"},\"thumbnailUrl\":\"https:\\\/\\\/zerust.se\\\/wp-content\\\/uploads\\\/2023\\\/05\\\/AxxaClean-2048-IMG.jpeg\",\"datePublished\":\"2023-05-30T12:19:57+00:00\",\"dateModified\":\"2024-09-16T13:01:41+00:00\",\"breadcrumb\":{\"@id\":\"https:\\\/\\\/zerust.se\\\/da\\\/vare\\\/axxaclean-2048\\\/#breadcrumb\"},\"inLanguage\":\"da-DK\",\"potentialAction\":[{\"@type\":\"ReadAction\",\"target\":[\"https:\\\/\\\/zerust.se\\\/da\\\/vare\\\/axxaclean-2048\\\/\"]}]},{\"@type\":\"ImageObject\",\"inLanguage\":\"da-DK\",\"@id\":\"https:\\\/\\\/zerust.se\\\/da\\\/vare\\\/axxaclean-2048\\\/#primaryimage\",\"url\":\"https:\\\/\\\/zerust.se\\\/wp-content\\\/uploads\\\/2023\\\/05\\\/AxxaClean-2048-IMG.jpeg\",\"contentUrl\":\"https:\\\/\\\/zerust.se\\\/wp-content\\\/uploads\\\/2023\\\/05\\\/AxxaClean-2048-IMG.jpeg\",\"width\":540,\"height\":500},{\"@type\":\"BreadcrumbList\",\"@id\":\"https:\\\/\\\/zerust.se\\\/da\\\/vare\\\/axxaclean-2048\\\/#breadcrumb\",\"itemListElement\":[{\"@type\":\"ListItem\",\"position\":1,\"name\":\"Hem\",\"item\":\"https:\\\/\\\/zerust.se\\\/da\\\/\"},{\"@type\":\"ListItem\",\"position\":2,\"name\":\"Corrosion Protection Products\",\"item\":\"https:\\\/\\\/zerust.se\\\/korrosionsskyddande-produkter\\\/\"},{\"@type\":\"ListItem\",\"position\":3,\"name\":\"Olier og V\u00e6sker\",\"item\":\"https:\\\/\\\/zerust.se\\\/da\\\/produktkategori\\\/olier-og-vaesker\\\/\"},{\"@type\":\"ListItem\",\"position\":4,\"name\":\"AxxaClean 2048\"}]},{\"@type\":\"WebSite\",\"@id\":\"https:\\\/\\\/zerust.se\\\/da\\\/#website\",\"url\":\"https:\\\/\\\/zerust.se\\\/da\\\/\",\"name\":\"Zerust\",\"description\":\"Korrosionsbeskyttelsesprodukter\",\"potentialAction\":[{\"@type\":\"SearchAction\",\"target\":{\"@type\":\"EntryPoint\",\"urlTemplate\":\"https:\\\/\\\/zerust.se\\\/da\\\/?s={search_term_string}\"},\"query-input\":{\"@type\":\"PropertyValueSpecification\",\"valueRequired\":true,\"valueName\":\"search_term_string\"}}],\"inLanguage\":\"da-DK\"}]}<\/script>\n<!-- \/ Yoast SEO plugin. -->","yoast_head_json":{"title":"AxxaClean 2048 - Zerust","robots":{"index":"index","follow":"follow","max-snippet":"max-snippet:-1","max-image-preview":"max-image-preview:large","max-video-preview":"max-video-preview:-1"},"canonical":"https:\/\/zerust.se\/da\/vare\/axxaclean-2048\/","og_locale":"da_DK","og_type":"article","og_title":"AxxaClean 2048 - Zerust","og_description":"ZERUST\u00ae\/EXCOR\u00ae AxxaClean\u2122 2048 er en moderatvirkende (ikke-farlig) og sikker rustfjerner designet til at eliminere mellem rust og misfarvning, selv i de mest sv\u00e6rt tilg\u00e6ngelige spr\u00e6kker og kroge. Derudover str\u00e6kker kraften hos AxxaClean\u2122 2048 sig ud over fjernelsen af rust fra jernmetaller, da den ogs\u00e5 udm\u00e6rker sig i at deoxidere og lysne forskellige materialer, s\u00e5som r\u00f8dmetaller, [&hellip;]","og_url":"https:\/\/zerust.se\/da\/vare\/axxaclean-2048\/","og_site_name":"Zerust","article_modified_time":"2024-09-16T13:01:41+00:00","og_image":[{"width":540,"height":500,"url":"https:\/\/zerust.se\/wp-content\/uploads\/2023\/05\/AxxaClean-2048-IMG.jpeg","type":"image\/jpeg"}],"twitter_card":"summary_large_image","twitter_misc":{"Estimeret l\u00e6setid":"1 minut"},"schema":{"@context":"https:\/\/schema.org","@graph":[{"@type":"WebPage","@id":"https:\/\/zerust.se\/da\/vare\/axxaclean-2048\/","url":"https:\/\/zerust.se\/da\/vare\/axxaclean-2048\/","name":"AxxaClean 2048 - Zerust","isPartOf":{"@id":"https:\/\/zerust.se\/da\/#website"},"primaryImageOfPage":{"@id":"https:\/\/zerust.se\/da\/vare\/axxaclean-2048\/#primaryimage"},"image":{"@id":"https:\/\/zerust.se\/da\/vare\/axxaclean-2048\/#primaryimage"},"thumbnailUrl":"https:\/\/zerust.se\/wp-content\/uploads\/2023\/05\/AxxaClean-2048-IMG.jpeg","datePublished":"2023-05-30T12:19:57+00:00","dateModified":"2024-09-16T13:01:41+00:00","breadcrumb":{"@id":"https:\/\/zerust.se\/da\/vare\/axxaclean-2048\/#breadcrumb"},"inLanguage":"da-DK","potentialAction":[{"@type":"ReadAction","target":["https:\/\/zerust.se\/da\/vare\/axxaclean-2048\/"]}]},{"@type":"ImageObject","inLanguage":"da-DK","@id":"https:\/\/zerust.se\/da\/vare\/axxaclean-2048\/#primaryimage","url":"https:\/\/zerust.se\/wp-content\/uploads\/2023\/05\/AxxaClean-2048-IMG.jpeg","contentUrl":"https:\/\/zerust.se\/wp-content\/uploads\/2023\/05\/AxxaClean-2048-IMG.jpeg","width":540,"height":500},{"@type":"BreadcrumbList","@id":"https:\/\/zerust.se\/da\/vare\/axxaclean-2048\/#breadcrumb","itemListElement":[{"@type":"ListItem","position":1,"name":"Hem","item":"https:\/\/zerust.se\/da\/"},{"@type":"ListItem","position":2,"name":"Corrosion Protection Products","item":"https:\/\/zerust.se\/korrosionsskyddande-produkter\/"},{"@type":"ListItem","position":3,"name":"Olier og V\u00e6sker","item":"https:\/\/zerust.se\/da\/produktkategori\/olier-og-vaesker\/"},{"@type":"ListItem","position":4,"name":"AxxaClean 2048"}]},{"@type":"WebSite","@id":"https:\/\/zerust.se\/da\/#website","url":"https:\/\/zerust.se\/da\/","name":"Zerust","description":"Korrosionsbeskyttelsesprodukter","potentialAction":[{"@type":"SearchAction","target":{"@type":"EntryPoint","urlTemplate":"https:\/\/zerust.se\/da\/?s={search_term_string}"},"query-input":{"@type":"PropertyValueSpecification","valueRequired":true,"valueName":"search_term_string"}}],"inLanguage":"da-DK"}]}},"_links":{"self":[{"href":"https:\/\/zerust.se\/da\/wp-json\/wp\/v2\/product\/2540","targetHints":{"allow":["GET"]}}],"collection":[{"href":"https:\/\/zerust.se\/da\/wp-json\/wp\/v2\/product"}],"about":[{"href":"https:\/\/zerust.se\/da\/wp-json\/wp\/v2\/types\/product"}],"replies":[{"embeddable":true,"href":"https:\/\/zerust.se\/da\/wp-json\/wp\/v2\/comments?post=2540"}],"wp:featuredmedia":[{"embeddable":true,"href":"https:\/\/zerust.se\/da\/wp-json\/wp\/v2\/media\/1760"}],"wp:attachment":[{"href":"https:\/\/zerust.se\/da\/wp-json\/wp\/v2\/media?parent=2540"}],"wp:term":[{"taxonomy":"product_brand","embeddable":true,"href":"https:\/\/zerust.se\/da\/wp-json\/wp\/v2\/product_brand?post=2540"},{"taxonomy":"product_cat","embeddable":true,"href":"https:\/\/zerust.se\/da\/wp-json\/wp\/v2\/product_cat?post=2540"},{"taxonomy":"product_tag","embeddable":true,"href":"https:\/\/zerust.se\/da\/wp-json\/wp\/v2\/product_tag?post=2540"}],"curies":[{"name":"wp","href":"https:\/\/api.w.org\/{rel}","templated":true}]}}