{"id":2406,"date":"2024-09-16T08:58:09","date_gmt":"2024-09-16T08:58:09","guid":{"rendered":"https:\/\/zerust.invistic-dev.com\/produkt\/vci-kanalplast\/"},"modified":"2024-09-16T08:58:09","modified_gmt":"2024-09-16T08:58:09","slug":"vci-kanalplast","status":"publish","type":"product","link":"https:\/\/zerust.se\/da\/vare\/vci-kanalplast\/","title":{"rendered":"VCI Kanalplast"},"content":{"rendered":"<p>Zerust VCI Kanalplast kan fremstilles efter \u00f8nsket m\u00e5l og beskytter dine f\u00f8lsomme metaldele effektivt mod korrosion, samtidig med at den tilf\u00f8jer d\u00e6mpning og stabilitet. Desuden indeholder vores kanalplast en h\u00f8j m\u00e6ngde VCI, s\u00e5 du kan f\u00f8le dig tryg og sikker under l\u00e6ngere transportperioder eller opbevaring. <\/p>\n","protected":false},"excerpt":{"rendered":"<p>Zerust VCI Kanalplast kan fremstilles efter \u00f8nsket m\u00e5l og beskytter dine f\u00f8lsomme metaldele effektivt mod korrosion, samtidig med at den tilf\u00f8jer d\u00e6mpning og stabilitet. Desuden indeholder vores kanalplast en h\u00f8j m\u00e6ngde VCI, s\u00e5 du kan f\u00f8le dig tryg og sikker under l\u00e6ngere transportperioder eller opbevaring.<\/p>\n","protected":false},"featured_media":2398,"comment_status":"closed","ping_status":"closed","template":"","meta":{"_acf_changed":false},"product_brand":[],"product_cat":[75],"product_tag":[],"class_list":{"0":"post-2406","1":"product","2":"type-product","3":"status-publish","4":"has-post-thumbnail","6":"product_cat-vci-papir-og-indlaeg","8":"first","9":"instock","10":"shipping-taxable","11":"product-type-simple"},"acf":[],"gallery_images":[2401],"yoast_head":"<!-- This site is optimized with the Yoast SEO plugin v27.4 - https:\/\/yoast.com\/product\/yoast-seo-wordpress\/ -->\n<title>VCI Kanalplast - Zerust<\/title>\n<meta name=\"robots\" content=\"index, follow, max-snippet:-1, max-image-preview:large, max-video-preview:-1\" \/>\n<link rel=\"canonical\" href=\"https:\/\/zerust.se\/da\/vare\/vci-kanalplast\/\" \/>\n<meta property=\"og:locale\" content=\"da_DK\" \/>\n<meta property=\"og:type\" content=\"article\" \/>\n<meta property=\"og:title\" content=\"VCI Kanalplast - Zerust\" \/>\n<meta property=\"og:description\" content=\"Zerust VCI Kanalplast kan fremstilles efter \u00f8nsket m\u00e5l og beskytter dine f\u00f8lsomme metaldele effektivt mod korrosion, samtidig med at den tilf\u00f8jer d\u00e6mpning og stabilitet. Desuden indeholder vores kanalplast en h\u00f8j m\u00e6ngde VCI, s\u00e5 du kan f\u00f8le dig tryg og sikker under l\u00e6ngere transportperioder eller opbevaring.\" \/>\n<meta property=\"og:url\" content=\"https:\/\/zerust.se\/da\/vare\/vci-kanalplast\/\" \/>\n<meta property=\"og:site_name\" content=\"Zerust\" \/>\n<meta property=\"og:image\" content=\"https:\/\/zerust.se\/wp-content\/uploads\/2024\/09\/Kanalplast-VCI-2-scaled.jpg\" \/>\n\t<meta property=\"og:image:width\" content=\"2560\" \/>\n\t<meta property=\"og:image:height\" content=\"1702\" \/>\n\t<meta property=\"og:image:type\" content=\"image\/jpeg\" \/>\n<meta name=\"twitter:card\" content=\"summary_large_image\" \/>\n<script type=\"application\/ld+json\" class=\"yoast-schema-graph\">{\"@context\":\"https:\\\/\\\/schema.org\",\"@graph\":[{\"@type\":\"WebPage\",\"@id\":\"https:\\\/\\\/zerust.se\\\/da\\\/vare\\\/vci-kanalplast\\\/\",\"url\":\"https:\\\/\\\/zerust.se\\\/da\\\/vare\\\/vci-kanalplast\\\/\",\"name\":\"VCI Kanalplast - Zerust\",\"isPartOf\":{\"@id\":\"https:\\\/\\\/zerust.se\\\/da\\\/#website\"},\"primaryImageOfPage\":{\"@id\":\"https:\\\/\\\/zerust.se\\\/da\\\/vare\\\/vci-kanalplast\\\/#primaryimage\"},\"image\":{\"@id\":\"https:\\\/\\\/zerust.se\\\/da\\\/vare\\\/vci-kanalplast\\\/#primaryimage\"},\"thumbnailUrl\":\"https:\\\/\\\/zerust.se\\\/wp-content\\\/uploads\\\/2024\\\/09\\\/Kanalplast-VCI-2-scaled.jpg\",\"datePublished\":\"2024-09-16T08:58:09+00:00\",\"breadcrumb\":{\"@id\":\"https:\\\/\\\/zerust.se\\\/da\\\/vare\\\/vci-kanalplast\\\/#breadcrumb\"},\"inLanguage\":\"da-DK\",\"potentialAction\":[{\"@type\":\"ReadAction\",\"target\":[\"https:\\\/\\\/zerust.se\\\/da\\\/vare\\\/vci-kanalplast\\\/\"]}]},{\"@type\":\"ImageObject\",\"inLanguage\":\"da-DK\",\"@id\":\"https:\\\/\\\/zerust.se\\\/da\\\/vare\\\/vci-kanalplast\\\/#primaryimage\",\"url\":\"https:\\\/\\\/zerust.se\\\/wp-content\\\/uploads\\\/2024\\\/09\\\/Kanalplast-VCI-2-scaled.jpg\",\"contentUrl\":\"https:\\\/\\\/zerust.se\\\/wp-content\\\/uploads\\\/2024\\\/09\\\/Kanalplast-VCI-2-scaled.jpg\",\"width\":2560,\"height\":1702},{\"@type\":\"BreadcrumbList\",\"@id\":\"https:\\\/\\\/zerust.se\\\/da\\\/vare\\\/vci-kanalplast\\\/#breadcrumb\",\"itemListElement\":[{\"@type\":\"ListItem\",\"position\":1,\"name\":\"Hem\",\"item\":\"https:\\\/\\\/zerust.se\\\/da\\\/\"},{\"@type\":\"ListItem\",\"position\":2,\"name\":\"Corrosion Protection Products\",\"item\":\"https:\\\/\\\/zerust.se\\\/korrosionsskyddande-produkter\\\/\"},{\"@type\":\"ListItem\",\"position\":3,\"name\":\"VCI Papir og Indl\u00e6g\",\"item\":\"https:\\\/\\\/zerust.se\\\/da\\\/produktkategori\\\/vci-papir-og-indlaeg\\\/\"},{\"@type\":\"ListItem\",\"position\":4,\"name\":\"VCI Kanalplast\"}]},{\"@type\":\"WebSite\",\"@id\":\"https:\\\/\\\/zerust.se\\\/da\\\/#website\",\"url\":\"https:\\\/\\\/zerust.se\\\/da\\\/\",\"name\":\"Zerust\",\"description\":\"Korrosionsbeskyttelsesprodukter\",\"potentialAction\":[{\"@type\":\"SearchAction\",\"target\":{\"@type\":\"EntryPoint\",\"urlTemplate\":\"https:\\\/\\\/zerust.se\\\/da\\\/?s={search_term_string}\"},\"query-input\":{\"@type\":\"PropertyValueSpecification\",\"valueRequired\":true,\"valueName\":\"search_term_string\"}}],\"inLanguage\":\"da-DK\"}]}<\/script>\n<!-- \/ Yoast SEO plugin. -->","yoast_head_json":{"title":"VCI Kanalplast - Zerust","robots":{"index":"index","follow":"follow","max-snippet":"max-snippet:-1","max-image-preview":"max-image-preview:large","max-video-preview":"max-video-preview:-1"},"canonical":"https:\/\/zerust.se\/da\/vare\/vci-kanalplast\/","og_locale":"da_DK","og_type":"article","og_title":"VCI Kanalplast - Zerust","og_description":"Zerust VCI Kanalplast kan fremstilles efter \u00f8nsket m\u00e5l og beskytter dine f\u00f8lsomme metaldele effektivt mod korrosion, samtidig med at den tilf\u00f8jer d\u00e6mpning og stabilitet. Desuden indeholder vores kanalplast en h\u00f8j m\u00e6ngde VCI, s\u00e5 du kan f\u00f8le dig tryg og sikker under l\u00e6ngere transportperioder eller opbevaring.","og_url":"https:\/\/zerust.se\/da\/vare\/vci-kanalplast\/","og_site_name":"Zerust","og_image":[{"width":2560,"height":1702,"url":"https:\/\/zerust.se\/wp-content\/uploads\/2024\/09\/Kanalplast-VCI-2-scaled.jpg","type":"image\/jpeg"}],"twitter_card":"summary_large_image","schema":{"@context":"https:\/\/schema.org","@graph":[{"@type":"WebPage","@id":"https:\/\/zerust.se\/da\/vare\/vci-kanalplast\/","url":"https:\/\/zerust.se\/da\/vare\/vci-kanalplast\/","name":"VCI Kanalplast - Zerust","isPartOf":{"@id":"https:\/\/zerust.se\/da\/#website"},"primaryImageOfPage":{"@id":"https:\/\/zerust.se\/da\/vare\/vci-kanalplast\/#primaryimage"},"image":{"@id":"https:\/\/zerust.se\/da\/vare\/vci-kanalplast\/#primaryimage"},"thumbnailUrl":"https:\/\/zerust.se\/wp-content\/uploads\/2024\/09\/Kanalplast-VCI-2-scaled.jpg","datePublished":"2024-09-16T08:58:09+00:00","breadcrumb":{"@id":"https:\/\/zerust.se\/da\/vare\/vci-kanalplast\/#breadcrumb"},"inLanguage":"da-DK","potentialAction":[{"@type":"ReadAction","target":["https:\/\/zerust.se\/da\/vare\/vci-kanalplast\/"]}]},{"@type":"ImageObject","inLanguage":"da-DK","@id":"https:\/\/zerust.se\/da\/vare\/vci-kanalplast\/#primaryimage","url":"https:\/\/zerust.se\/wp-content\/uploads\/2024\/09\/Kanalplast-VCI-2-scaled.jpg","contentUrl":"https:\/\/zerust.se\/wp-content\/uploads\/2024\/09\/Kanalplast-VCI-2-scaled.jpg","width":2560,"height":1702},{"@type":"BreadcrumbList","@id":"https:\/\/zerust.se\/da\/vare\/vci-kanalplast\/#breadcrumb","itemListElement":[{"@type":"ListItem","position":1,"name":"Hem","item":"https:\/\/zerust.se\/da\/"},{"@type":"ListItem","position":2,"name":"Corrosion Protection Products","item":"https:\/\/zerust.se\/korrosionsskyddande-produkter\/"},{"@type":"ListItem","position":3,"name":"VCI Papir og Indl\u00e6g","item":"https:\/\/zerust.se\/da\/produktkategori\/vci-papir-og-indlaeg\/"},{"@type":"ListItem","position":4,"name":"VCI Kanalplast"}]},{"@type":"WebSite","@id":"https:\/\/zerust.se\/da\/#website","url":"https:\/\/zerust.se\/da\/","name":"Zerust","description":"Korrosionsbeskyttelsesprodukter","potentialAction":[{"@type":"SearchAction","target":{"@type":"EntryPoint","urlTemplate":"https:\/\/zerust.se\/da\/?s={search_term_string}"},"query-input":{"@type":"PropertyValueSpecification","valueRequired":true,"valueName":"search_term_string"}}],"inLanguage":"da-DK"}]}},"_links":{"self":[{"href":"https:\/\/zerust.se\/da\/wp-json\/wp\/v2\/product\/2406","targetHints":{"allow":["GET"]}}],"collection":[{"href":"https:\/\/zerust.se\/da\/wp-json\/wp\/v2\/product"}],"about":[{"href":"https:\/\/zerust.se\/da\/wp-json\/wp\/v2\/types\/product"}],"replies":[{"embeddable":true,"href":"https:\/\/zerust.se\/da\/wp-json\/wp\/v2\/comments?post=2406"}],"wp:featuredmedia":[{"embeddable":true,"href":"https:\/\/zerust.se\/da\/wp-json\/wp\/v2\/media\/2398"}],"wp:attachment":[{"href":"https:\/\/zerust.se\/da\/wp-json\/wp\/v2\/media?parent=2406"}],"wp:term":[{"taxonomy":"product_brand","embeddable":true,"href":"https:\/\/zerust.se\/da\/wp-json\/wp\/v2\/product_brand?post=2406"},{"taxonomy":"product_cat","embeddable":true,"href":"https:\/\/zerust.se\/da\/wp-json\/wp\/v2\/product_cat?post=2406"},{"taxonomy":"product_tag","embeddable":true,"href":"https:\/\/zerust.se\/da\/wp-json\/wp\/v2\/product_tag?post=2406"}],"curies":[{"name":"wp","href":"https:\/\/api.w.org\/{rel}","templated":true}]}}