{"id":2376,"date":"2024-09-16T08:41:48","date_gmt":"2024-09-16T08:41:48","guid":{"rendered":"https:\/\/zerust.invistic-dev.com\/produkt\/superdry\/"},"modified":"2024-09-23T11:06:13","modified_gmt":"2024-09-23T11:06:13","slug":"superdry","status":"publish","type":"product","link":"https:\/\/zerust.se\/da\/vare\/superdry\/","title":{"rendered":"Super Dry"},"content":{"rendered":"<p>Superdry T\u00f8rremiddel bruges til at indkapsle fugt i et lukket milj\u00f8 og er et effektivt og milj\u00f8venligt alternativ for dig, der vil beskytte produkter mod fugt og korrosion.<\/p>\n","protected":false},"excerpt":{"rendered":"<p>Superdry T\u00f8rremiddel bruges til at indkapsle fugt i et lukket milj\u00f8 og er et effektivt og milj\u00f8venligt alternativ for dig, der vil beskytte produkter mod fugt og korrosion.<\/p>\n","protected":false},"featured_media":2746,"comment_status":"closed","ping_status":"closed","template":"","meta":{"_acf_changed":false},"product_brand":[],"product_cat":[60],"product_tag":[],"class_list":{"0":"post-2376","1":"product","2":"type-product","3":"status-publish","4":"has-post-thumbnail","6":"product_cat-vci-kapsler-og-emitters","8":"first","9":"instock","10":"shipping-taxable","11":"product-type-simple"},"acf":[],"gallery_images":[],"yoast_head":"<!-- This site is optimized with the Yoast SEO plugin v27.4 - https:\/\/yoast.com\/product\/yoast-seo-wordpress\/ -->\n<title>Super Dry - Zerust<\/title>\n<meta name=\"robots\" content=\"index, follow, max-snippet:-1, max-image-preview:large, max-video-preview:-1\" \/>\n<link rel=\"canonical\" href=\"https:\/\/zerust.se\/da\/vare\/superdry\/\" \/>\n<meta property=\"og:locale\" content=\"da_DK\" \/>\n<meta property=\"og:type\" content=\"article\" \/>\n<meta property=\"og:title\" content=\"Super Dry - Zerust\" \/>\n<meta property=\"og:description\" content=\"Superdry T\u00f8rremiddel bruges til at indkapsle fugt i et lukket milj\u00f8 og er et effektivt og milj\u00f8venligt alternativ for dig, der vil beskytte produkter mod fugt og korrosion.\" \/>\n<meta property=\"og:url\" content=\"https:\/\/zerust.se\/da\/vare\/superdry\/\" \/>\n<meta property=\"og:site_name\" content=\"Zerust\" \/>\n<meta property=\"article:modified_time\" content=\"2024-09-23T11:06:13+00:00\" \/>\n<meta property=\"og:image\" content=\"https:\/\/zerust.se\/wp-content\/uploads\/2024\/09\/superdry2.jpg\" \/>\n\t<meta property=\"og:image:width\" content=\"500\" \/>\n\t<meta property=\"og:image:height\" content=\"542\" \/>\n\t<meta property=\"og:image:type\" content=\"image\/jpeg\" \/>\n<meta name=\"twitter:card\" content=\"summary_large_image\" \/>\n<meta name=\"twitter:label1\" content=\"Estimeret l\u00e6setid\" \/>\n\t<meta name=\"twitter:data1\" content=\"1 minut\" \/>\n<script type=\"application\/ld+json\" class=\"yoast-schema-graph\">{\"@context\":\"https:\\\/\\\/schema.org\",\"@graph\":[{\"@type\":\"WebPage\",\"@id\":\"https:\\\/\\\/zerust.se\\\/da\\\/vare\\\/superdry\\\/\",\"url\":\"https:\\\/\\\/zerust.se\\\/da\\\/vare\\\/superdry\\\/\",\"name\":\"Super Dry - Zerust\",\"isPartOf\":{\"@id\":\"https:\\\/\\\/zerust.se\\\/da\\\/#website\"},\"primaryImageOfPage\":{\"@id\":\"https:\\\/\\\/zerust.se\\\/da\\\/vare\\\/superdry\\\/#primaryimage\"},\"image\":{\"@id\":\"https:\\\/\\\/zerust.se\\\/da\\\/vare\\\/superdry\\\/#primaryimage\"},\"thumbnailUrl\":\"https:\\\/\\\/zerust.se\\\/wp-content\\\/uploads\\\/2024\\\/09\\\/superdry2.jpg\",\"datePublished\":\"2024-09-16T08:41:48+00:00\",\"dateModified\":\"2024-09-23T11:06:13+00:00\",\"breadcrumb\":{\"@id\":\"https:\\\/\\\/zerust.se\\\/da\\\/vare\\\/superdry\\\/#breadcrumb\"},\"inLanguage\":\"da-DK\",\"potentialAction\":[{\"@type\":\"ReadAction\",\"target\":[\"https:\\\/\\\/zerust.se\\\/da\\\/vare\\\/superdry\\\/\"]}]},{\"@type\":\"ImageObject\",\"inLanguage\":\"da-DK\",\"@id\":\"https:\\\/\\\/zerust.se\\\/da\\\/vare\\\/superdry\\\/#primaryimage\",\"url\":\"https:\\\/\\\/zerust.se\\\/wp-content\\\/uploads\\\/2024\\\/09\\\/superdry2.jpg\",\"contentUrl\":\"https:\\\/\\\/zerust.se\\\/wp-content\\\/uploads\\\/2024\\\/09\\\/superdry2.jpg\",\"width\":500,\"height\":542},{\"@type\":\"BreadcrumbList\",\"@id\":\"https:\\\/\\\/zerust.se\\\/da\\\/vare\\\/superdry\\\/#breadcrumb\",\"itemListElement\":[{\"@type\":\"ListItem\",\"position\":1,\"name\":\"Hem\",\"item\":\"https:\\\/\\\/zerust.se\\\/da\\\/\"},{\"@type\":\"ListItem\",\"position\":2,\"name\":\"Corrosion Protection Products\",\"item\":\"https:\\\/\\\/zerust.se\\\/korrosionsskyddande-produkter\\\/\"},{\"@type\":\"ListItem\",\"position\":3,\"name\":\"VCI Kapsler og Emitters\",\"item\":\"https:\\\/\\\/zerust.se\\\/da\\\/produktkategori\\\/vci-kapsler-og-emitters\\\/\"},{\"@type\":\"ListItem\",\"position\":4,\"name\":\"Super Dry\"}]},{\"@type\":\"WebSite\",\"@id\":\"https:\\\/\\\/zerust.se\\\/da\\\/#website\",\"url\":\"https:\\\/\\\/zerust.se\\\/da\\\/\",\"name\":\"Zerust\",\"description\":\"Korrosionsbeskyttelsesprodukter\",\"potentialAction\":[{\"@type\":\"SearchAction\",\"target\":{\"@type\":\"EntryPoint\",\"urlTemplate\":\"https:\\\/\\\/zerust.se\\\/da\\\/?s={search_term_string}\"},\"query-input\":{\"@type\":\"PropertyValueSpecification\",\"valueRequired\":true,\"valueName\":\"search_term_string\"}}],\"inLanguage\":\"da-DK\"}]}<\/script>\n<!-- \/ Yoast SEO plugin. -->","yoast_head_json":{"title":"Super Dry - Zerust","robots":{"index":"index","follow":"follow","max-snippet":"max-snippet:-1","max-image-preview":"max-image-preview:large","max-video-preview":"max-video-preview:-1"},"canonical":"https:\/\/zerust.se\/da\/vare\/superdry\/","og_locale":"da_DK","og_type":"article","og_title":"Super Dry - Zerust","og_description":"Superdry T\u00f8rremiddel bruges til at indkapsle fugt i et lukket milj\u00f8 og er et effektivt og milj\u00f8venligt alternativ for dig, der vil beskytte produkter mod fugt og korrosion.","og_url":"https:\/\/zerust.se\/da\/vare\/superdry\/","og_site_name":"Zerust","article_modified_time":"2024-09-23T11:06:13+00:00","og_image":[{"width":500,"height":542,"url":"https:\/\/zerust.se\/wp-content\/uploads\/2024\/09\/superdry2.jpg","type":"image\/jpeg"}],"twitter_card":"summary_large_image","twitter_misc":{"Estimeret l\u00e6setid":"1 minut"},"schema":{"@context":"https:\/\/schema.org","@graph":[{"@type":"WebPage","@id":"https:\/\/zerust.se\/da\/vare\/superdry\/","url":"https:\/\/zerust.se\/da\/vare\/superdry\/","name":"Super Dry - Zerust","isPartOf":{"@id":"https:\/\/zerust.se\/da\/#website"},"primaryImageOfPage":{"@id":"https:\/\/zerust.se\/da\/vare\/superdry\/#primaryimage"},"image":{"@id":"https:\/\/zerust.se\/da\/vare\/superdry\/#primaryimage"},"thumbnailUrl":"https:\/\/zerust.se\/wp-content\/uploads\/2024\/09\/superdry2.jpg","datePublished":"2024-09-16T08:41:48+00:00","dateModified":"2024-09-23T11:06:13+00:00","breadcrumb":{"@id":"https:\/\/zerust.se\/da\/vare\/superdry\/#breadcrumb"},"inLanguage":"da-DK","potentialAction":[{"@type":"ReadAction","target":["https:\/\/zerust.se\/da\/vare\/superdry\/"]}]},{"@type":"ImageObject","inLanguage":"da-DK","@id":"https:\/\/zerust.se\/da\/vare\/superdry\/#primaryimage","url":"https:\/\/zerust.se\/wp-content\/uploads\/2024\/09\/superdry2.jpg","contentUrl":"https:\/\/zerust.se\/wp-content\/uploads\/2024\/09\/superdry2.jpg","width":500,"height":542},{"@type":"BreadcrumbList","@id":"https:\/\/zerust.se\/da\/vare\/superdry\/#breadcrumb","itemListElement":[{"@type":"ListItem","position":1,"name":"Hem","item":"https:\/\/zerust.se\/da\/"},{"@type":"ListItem","position":2,"name":"Corrosion Protection Products","item":"https:\/\/zerust.se\/korrosionsskyddande-produkter\/"},{"@type":"ListItem","position":3,"name":"VCI Kapsler og Emitters","item":"https:\/\/zerust.se\/da\/produktkategori\/vci-kapsler-og-emitters\/"},{"@type":"ListItem","position":4,"name":"Super Dry"}]},{"@type":"WebSite","@id":"https:\/\/zerust.se\/da\/#website","url":"https:\/\/zerust.se\/da\/","name":"Zerust","description":"Korrosionsbeskyttelsesprodukter","potentialAction":[{"@type":"SearchAction","target":{"@type":"EntryPoint","urlTemplate":"https:\/\/zerust.se\/da\/?s={search_term_string}"},"query-input":{"@type":"PropertyValueSpecification","valueRequired":true,"valueName":"search_term_string"}}],"inLanguage":"da-DK"}]}},"_links":{"self":[{"href":"https:\/\/zerust.se\/da\/wp-json\/wp\/v2\/product\/2376","targetHints":{"allow":["GET"]}}],"collection":[{"href":"https:\/\/zerust.se\/da\/wp-json\/wp\/v2\/product"}],"about":[{"href":"https:\/\/zerust.se\/da\/wp-json\/wp\/v2\/types\/product"}],"replies":[{"embeddable":true,"href":"https:\/\/zerust.se\/da\/wp-json\/wp\/v2\/comments?post=2376"}],"wp:featuredmedia":[{"embeddable":true,"href":"https:\/\/zerust.se\/da\/wp-json\/wp\/v2\/media\/2746"}],"wp:attachment":[{"href":"https:\/\/zerust.se\/da\/wp-json\/wp\/v2\/media?parent=2376"}],"wp:term":[{"taxonomy":"product_brand","embeddable":true,"href":"https:\/\/zerust.se\/da\/wp-json\/wp\/v2\/product_brand?post=2376"},{"taxonomy":"product_cat","embeddable":true,"href":"https:\/\/zerust.se\/da\/wp-json\/wp\/v2\/product_cat?post=2376"},{"taxonomy":"product_tag","embeddable":true,"href":"https:\/\/zerust.se\/da\/wp-json\/wp\/v2\/product_tag?post=2376"}],"curies":[{"name":"wp","href":"https:\/\/api.w.org\/{rel}","templated":true}]}}