{"id":2355,"date":"2024-09-16T08:26:05","date_gmt":"2024-09-16T08:26:05","guid":{"rendered":"https:\/\/zerust.invistic-dev.com\/produkt\/zerust-vci-foam-unico\/"},"modified":"2024-09-16T08:26:05","modified_gmt":"2024-09-16T08:26:05","slug":"zerust-vci-foam-unico","status":"publish","type":"product","link":"https:\/\/zerust.se\/da\/vare\/zerust-vci-foam-unico\/","title":{"rendered":"ZERUST\u00ae VCI Foam UNICO"},"content":{"rendered":"<p>Er modstandsdygtig over for fugt og st\u00f8v, t\u00e5ler ekstreme temperatur\u00e6ndringer og kan bruges til at beskytte produkter og dele mod korrosion.<\/p>\n","protected":false},"excerpt":{"rendered":"<p>Er modstandsdygtig over for fugt og st\u00f8v, t\u00e5ler ekstreme temperatur\u00e6ndringer og kan bruges til at beskytte produkter og dele mod korrosion.<\/p>\n","protected":false},"featured_media":2352,"comment_status":"closed","ping_status":"closed","template":"","meta":{"_acf_changed":false},"product_brand":[],"product_cat":[60],"product_tag":[],"class_list":{"0":"post-2355","1":"product","2":"type-product","3":"status-publish","4":"has-post-thumbnail","6":"product_cat-vci-kapsler-og-emitters","8":"first","9":"instock","10":"shipping-taxable","11":"product-type-simple"},"acf":[],"gallery_images":[],"yoast_head":"<!-- This site is optimized with the Yoast SEO plugin v27.4 - https:\/\/yoast.com\/product\/yoast-seo-wordpress\/ -->\n<title>ZERUST\u00ae VCI Foam UNICO - Zerust<\/title>\n<meta name=\"robots\" content=\"index, follow, max-snippet:-1, max-image-preview:large, max-video-preview:-1\" \/>\n<link rel=\"canonical\" href=\"https:\/\/zerust.se\/da\/vare\/zerust-vci-foam-unico\/\" \/>\n<meta property=\"og:locale\" content=\"da_DK\" \/>\n<meta property=\"og:type\" content=\"article\" \/>\n<meta property=\"og:title\" content=\"ZERUST\u00ae VCI Foam UNICO - Zerust\" \/>\n<meta property=\"og:description\" content=\"Er modstandsdygtig over for fugt og st\u00f8v, t\u00e5ler ekstreme temperatur\u00e6ndringer og kan bruges til at beskytte produkter og dele mod korrosion.\" \/>\n<meta property=\"og:url\" content=\"https:\/\/zerust.se\/da\/vare\/zerust-vci-foam-unico\/\" \/>\n<meta property=\"og:site_name\" content=\"Zerust\" \/>\n<meta property=\"og:image\" content=\"https:\/\/zerust.se\/wp-content\/uploads\/2024\/09\/VCI-Foam-Unico-scaled.jpg\" \/>\n\t<meta property=\"og:image:width\" content=\"2560\" \/>\n\t<meta property=\"og:image:height\" content=\"1920\" \/>\n\t<meta property=\"og:image:type\" content=\"image\/jpeg\" \/>\n<meta name=\"twitter:card\" content=\"summary_large_image\" \/>\n<script type=\"application\/ld+json\" class=\"yoast-schema-graph\">{\"@context\":\"https:\\\/\\\/schema.org\",\"@graph\":[{\"@type\":\"WebPage\",\"@id\":\"https:\\\/\\\/zerust.se\\\/da\\\/vare\\\/zerust-vci-foam-unico\\\/\",\"url\":\"https:\\\/\\\/zerust.se\\\/da\\\/vare\\\/zerust-vci-foam-unico\\\/\",\"name\":\"ZERUST\u00ae VCI Foam UNICO - Zerust\",\"isPartOf\":{\"@id\":\"https:\\\/\\\/zerust.se\\\/da\\\/#website\"},\"primaryImageOfPage\":{\"@id\":\"https:\\\/\\\/zerust.se\\\/da\\\/vare\\\/zerust-vci-foam-unico\\\/#primaryimage\"},\"image\":{\"@id\":\"https:\\\/\\\/zerust.se\\\/da\\\/vare\\\/zerust-vci-foam-unico\\\/#primaryimage\"},\"thumbnailUrl\":\"https:\\\/\\\/zerust.se\\\/wp-content\\\/uploads\\\/2024\\\/09\\\/VCI-Foam-Unico-scaled.jpg\",\"datePublished\":\"2024-09-16T08:26:05+00:00\",\"breadcrumb\":{\"@id\":\"https:\\\/\\\/zerust.se\\\/da\\\/vare\\\/zerust-vci-foam-unico\\\/#breadcrumb\"},\"inLanguage\":\"da-DK\",\"potentialAction\":[{\"@type\":\"ReadAction\",\"target\":[\"https:\\\/\\\/zerust.se\\\/da\\\/vare\\\/zerust-vci-foam-unico\\\/\"]}]},{\"@type\":\"ImageObject\",\"inLanguage\":\"da-DK\",\"@id\":\"https:\\\/\\\/zerust.se\\\/da\\\/vare\\\/zerust-vci-foam-unico\\\/#primaryimage\",\"url\":\"https:\\\/\\\/zerust.se\\\/wp-content\\\/uploads\\\/2024\\\/09\\\/VCI-Foam-Unico-scaled.jpg\",\"contentUrl\":\"https:\\\/\\\/zerust.se\\\/wp-content\\\/uploads\\\/2024\\\/09\\\/VCI-Foam-Unico-scaled.jpg\",\"width\":2560,\"height\":1920},{\"@type\":\"BreadcrumbList\",\"@id\":\"https:\\\/\\\/zerust.se\\\/da\\\/vare\\\/zerust-vci-foam-unico\\\/#breadcrumb\",\"itemListElement\":[{\"@type\":\"ListItem\",\"position\":1,\"name\":\"Hem\",\"item\":\"https:\\\/\\\/zerust.se\\\/da\\\/\"},{\"@type\":\"ListItem\",\"position\":2,\"name\":\"Corrosion Protection Products\",\"item\":\"https:\\\/\\\/zerust.se\\\/korrosionsskyddande-produkter\\\/\"},{\"@type\":\"ListItem\",\"position\":3,\"name\":\"VCI Kapsler og Emitters\",\"item\":\"https:\\\/\\\/zerust.se\\\/da\\\/produktkategori\\\/vci-kapsler-og-emitters\\\/\"},{\"@type\":\"ListItem\",\"position\":4,\"name\":\"ZERUST\u00ae VCI Foam UNICO\"}]},{\"@type\":\"WebSite\",\"@id\":\"https:\\\/\\\/zerust.se\\\/da\\\/#website\",\"url\":\"https:\\\/\\\/zerust.se\\\/da\\\/\",\"name\":\"Zerust\",\"description\":\"Korrosionsbeskyttelsesprodukter\",\"potentialAction\":[{\"@type\":\"SearchAction\",\"target\":{\"@type\":\"EntryPoint\",\"urlTemplate\":\"https:\\\/\\\/zerust.se\\\/da\\\/?s={search_term_string}\"},\"query-input\":{\"@type\":\"PropertyValueSpecification\",\"valueRequired\":true,\"valueName\":\"search_term_string\"}}],\"inLanguage\":\"da-DK\"}]}<\/script>\n<!-- \/ Yoast SEO plugin. -->","yoast_head_json":{"title":"ZERUST\u00ae VCI Foam UNICO - Zerust","robots":{"index":"index","follow":"follow","max-snippet":"max-snippet:-1","max-image-preview":"max-image-preview:large","max-video-preview":"max-video-preview:-1"},"canonical":"https:\/\/zerust.se\/da\/vare\/zerust-vci-foam-unico\/","og_locale":"da_DK","og_type":"article","og_title":"ZERUST\u00ae VCI Foam UNICO - Zerust","og_description":"Er modstandsdygtig over for fugt og st\u00f8v, t\u00e5ler ekstreme temperatur\u00e6ndringer og kan bruges til at beskytte produkter og dele mod korrosion.","og_url":"https:\/\/zerust.se\/da\/vare\/zerust-vci-foam-unico\/","og_site_name":"Zerust","og_image":[{"width":2560,"height":1920,"url":"https:\/\/zerust.se\/wp-content\/uploads\/2024\/09\/VCI-Foam-Unico-scaled.jpg","type":"image\/jpeg"}],"twitter_card":"summary_large_image","schema":{"@context":"https:\/\/schema.org","@graph":[{"@type":"WebPage","@id":"https:\/\/zerust.se\/da\/vare\/zerust-vci-foam-unico\/","url":"https:\/\/zerust.se\/da\/vare\/zerust-vci-foam-unico\/","name":"ZERUST\u00ae VCI Foam UNICO - Zerust","isPartOf":{"@id":"https:\/\/zerust.se\/da\/#website"},"primaryImageOfPage":{"@id":"https:\/\/zerust.se\/da\/vare\/zerust-vci-foam-unico\/#primaryimage"},"image":{"@id":"https:\/\/zerust.se\/da\/vare\/zerust-vci-foam-unico\/#primaryimage"},"thumbnailUrl":"https:\/\/zerust.se\/wp-content\/uploads\/2024\/09\/VCI-Foam-Unico-scaled.jpg","datePublished":"2024-09-16T08:26:05+00:00","breadcrumb":{"@id":"https:\/\/zerust.se\/da\/vare\/zerust-vci-foam-unico\/#breadcrumb"},"inLanguage":"da-DK","potentialAction":[{"@type":"ReadAction","target":["https:\/\/zerust.se\/da\/vare\/zerust-vci-foam-unico\/"]}]},{"@type":"ImageObject","inLanguage":"da-DK","@id":"https:\/\/zerust.se\/da\/vare\/zerust-vci-foam-unico\/#primaryimage","url":"https:\/\/zerust.se\/wp-content\/uploads\/2024\/09\/VCI-Foam-Unico-scaled.jpg","contentUrl":"https:\/\/zerust.se\/wp-content\/uploads\/2024\/09\/VCI-Foam-Unico-scaled.jpg","width":2560,"height":1920},{"@type":"BreadcrumbList","@id":"https:\/\/zerust.se\/da\/vare\/zerust-vci-foam-unico\/#breadcrumb","itemListElement":[{"@type":"ListItem","position":1,"name":"Hem","item":"https:\/\/zerust.se\/da\/"},{"@type":"ListItem","position":2,"name":"Corrosion Protection Products","item":"https:\/\/zerust.se\/korrosionsskyddande-produkter\/"},{"@type":"ListItem","position":3,"name":"VCI Kapsler og Emitters","item":"https:\/\/zerust.se\/da\/produktkategori\/vci-kapsler-og-emitters\/"},{"@type":"ListItem","position":4,"name":"ZERUST\u00ae VCI Foam UNICO"}]},{"@type":"WebSite","@id":"https:\/\/zerust.se\/da\/#website","url":"https:\/\/zerust.se\/da\/","name":"Zerust","description":"Korrosionsbeskyttelsesprodukter","potentialAction":[{"@type":"SearchAction","target":{"@type":"EntryPoint","urlTemplate":"https:\/\/zerust.se\/da\/?s={search_term_string}"},"query-input":{"@type":"PropertyValueSpecification","valueRequired":true,"valueName":"search_term_string"}}],"inLanguage":"da-DK"}]}},"_links":{"self":[{"href":"https:\/\/zerust.se\/da\/wp-json\/wp\/v2\/product\/2355","targetHints":{"allow":["GET"]}}],"collection":[{"href":"https:\/\/zerust.se\/da\/wp-json\/wp\/v2\/product"}],"about":[{"href":"https:\/\/zerust.se\/da\/wp-json\/wp\/v2\/types\/product"}],"replies":[{"embeddable":true,"href":"https:\/\/zerust.se\/da\/wp-json\/wp\/v2\/comments?post=2355"}],"wp:featuredmedia":[{"embeddable":true,"href":"https:\/\/zerust.se\/da\/wp-json\/wp\/v2\/media\/2352"}],"wp:attachment":[{"href":"https:\/\/zerust.se\/da\/wp-json\/wp\/v2\/media?parent=2355"}],"wp:term":[{"taxonomy":"product_brand","embeddable":true,"href":"https:\/\/zerust.se\/da\/wp-json\/wp\/v2\/product_brand?post=2355"},{"taxonomy":"product_cat","embeddable":true,"href":"https:\/\/zerust.se\/da\/wp-json\/wp\/v2\/product_cat?post=2355"},{"taxonomy":"product_tag","embeddable":true,"href":"https:\/\/zerust.se\/da\/wp-json\/wp\/v2\/product_tag?post=2355"}],"curies":[{"name":"wp","href":"https:\/\/api.w.org\/{rel}","templated":true}]}}