{"id":1740,"date":"2023-05-22T11:27:58","date_gmt":"2023-05-22T11:27:58","guid":{"rendered":"https:\/\/zerust.invistic-dev.com\/product\/spillefilm\/"},"modified":"2024-09-20T09:54:24","modified_gmt":"2024-09-20T09:54:24","slug":"straekfilm","status":"publish","type":"product","link":"https:\/\/zerust.se\/da\/vare\/straekfilm\/","title":{"rendered":"Str\u00e6kfilm"},"content":{"rendered":"<p>Vores str\u00e6kfilm tilbyder sikker og nem at h\u00e5ndtere korrosionsbeskyttelse til b\u00e5de manuel og mekanisk str\u00e6kning. Str\u00e6kfolien kan bestilles efter tilpassede m\u00e5l<\/p>\n<ul>\n<li>450 mm, tykkelse: 35 \u00b5m (3 kg\/rulle h\u00e5ndstr\u00e6k)<\/li>\n<li>125 mm, tykkelse: 23 \u00b5m (0,5 kg\/h\u00e5ndstr\u00e6k)<\/li>\n<li>500 mm, tykkelse: 30 \u00b5m (16 kg\/rullemaskinestr\u00e6k)<\/li>\n<\/ul>\n<p>Nu er det ogs\u00e5 muligt at f\u00e5 vores VCI folier med 30% genbrugsplast. Kontakt os eller vores forhandlere, s\u00e5 fort\u00e6ller vi dig mere.<\/p>\n","protected":false},"excerpt":{"rendered":"<p>Leth\u00e5ndterlig str\u00e6kfilm til b\u00e5de manuel og mekanisk str\u00e6kning.<\/p>\n","protected":false},"featured_media":1143,"comment_status":"closed","ping_status":"closed","template":"","meta":{"_acf_changed":false},"product_brand":[],"product_cat":[76],"product_tag":[],"class_list":{"0":"post-1740","1":"product","2":"type-product","3":"status-publish","4":"has-post-thumbnail","6":"product_cat-vci-folie","8":"first","9":"instock","10":"shipping-taxable","11":"product-type-simple"},"acf":[],"gallery_images":[658],"yoast_head":"<!-- This site is optimized with the Yoast SEO plugin v27.5 - https:\/\/yoast.com\/product\/yoast-seo-wordpress\/ -->\n<title>Str\u00e6kfilm - Zerust<\/title>\n<meta name=\"robots\" content=\"index, follow, max-snippet:-1, max-image-preview:large, max-video-preview:-1\" \/>\n<link rel=\"canonical\" href=\"https:\/\/zerust.se\/da\/vare\/straekfilm\/\" \/>\n<meta property=\"og:locale\" content=\"da_DK\" \/>\n<meta property=\"og:type\" content=\"article\" \/>\n<meta property=\"og:title\" content=\"Str\u00e6kfilm - Zerust\" \/>\n<meta property=\"og:description\" content=\"Leth\u00e5ndterlig str\u00e6kfilm til b\u00e5de manuel og mekanisk str\u00e6kning.\" \/>\n<meta property=\"og:url\" content=\"https:\/\/zerust.se\/da\/vare\/straekfilm\/\" \/>\n<meta property=\"og:site_name\" content=\"Zerust\" \/>\n<meta property=\"article:modified_time\" content=\"2024-09-20T09:54:24+00:00\" \/>\n<meta property=\"og:image\" content=\"https:\/\/zerust.se\/wp-content\/uploads\/2023\/05\/Strackfilm-img.jpg\" \/>\n\t<meta property=\"og:image:width\" content=\"540\" \/>\n\t<meta property=\"og:image:height\" content=\"500\" \/>\n\t<meta property=\"og:image:type\" content=\"image\/jpeg\" \/>\n<meta name=\"twitter:card\" content=\"summary_large_image\" \/>\n<meta name=\"twitter:label1\" content=\"Estimeret l\u00e6setid\" \/>\n\t<meta name=\"twitter:data1\" content=\"1 minut\" \/>\n<script type=\"application\/ld+json\" class=\"yoast-schema-graph\">{\"@context\":\"https:\\\/\\\/schema.org\",\"@graph\":[{\"@type\":\"WebPage\",\"@id\":\"https:\\\/\\\/zerust.se\\\/da\\\/vare\\\/straekfilm\\\/\",\"url\":\"https:\\\/\\\/zerust.se\\\/da\\\/vare\\\/straekfilm\\\/\",\"name\":\"Str\u00e6kfilm - Zerust\",\"isPartOf\":{\"@id\":\"https:\\\/\\\/zerust.se\\\/da\\\/#website\"},\"primaryImageOfPage\":{\"@id\":\"https:\\\/\\\/zerust.se\\\/da\\\/vare\\\/straekfilm\\\/#primaryimage\"},\"image\":{\"@id\":\"https:\\\/\\\/zerust.se\\\/da\\\/vare\\\/straekfilm\\\/#primaryimage\"},\"thumbnailUrl\":\"https:\\\/\\\/zerust.se\\\/wp-content\\\/uploads\\\/2023\\\/05\\\/Strackfilm-img.jpg\",\"datePublished\":\"2023-05-22T11:27:58+00:00\",\"dateModified\":\"2024-09-20T09:54:24+00:00\",\"breadcrumb\":{\"@id\":\"https:\\\/\\\/zerust.se\\\/da\\\/vare\\\/straekfilm\\\/#breadcrumb\"},\"inLanguage\":\"da-DK\",\"potentialAction\":[{\"@type\":\"ReadAction\",\"target\":[\"https:\\\/\\\/zerust.se\\\/da\\\/vare\\\/straekfilm\\\/\"]}]},{\"@type\":\"ImageObject\",\"inLanguage\":\"da-DK\",\"@id\":\"https:\\\/\\\/zerust.se\\\/da\\\/vare\\\/straekfilm\\\/#primaryimage\",\"url\":\"https:\\\/\\\/zerust.se\\\/wp-content\\\/uploads\\\/2023\\\/05\\\/Strackfilm-img.jpg\",\"contentUrl\":\"https:\\\/\\\/zerust.se\\\/wp-content\\\/uploads\\\/2023\\\/05\\\/Strackfilm-img.jpg\",\"width\":540,\"height\":500},{\"@type\":\"BreadcrumbList\",\"@id\":\"https:\\\/\\\/zerust.se\\\/da\\\/vare\\\/straekfilm\\\/#breadcrumb\",\"itemListElement\":[{\"@type\":\"ListItem\",\"position\":1,\"name\":\"Hem\",\"item\":\"https:\\\/\\\/zerust.se\\\/da\\\/\"},{\"@type\":\"ListItem\",\"position\":2,\"name\":\"Corrosion Protection Products\",\"item\":\"https:\\\/\\\/zerust.se\\\/korrosionsskyddande-produkter\\\/\"},{\"@type\":\"ListItem\",\"position\":3,\"name\":\"VCI Folie\",\"item\":\"https:\\\/\\\/zerust.se\\\/da\\\/produktkategori\\\/vci-folie\\\/\"},{\"@type\":\"ListItem\",\"position\":4,\"name\":\"Str\u00e6kfilm\"}]},{\"@type\":\"WebSite\",\"@id\":\"https:\\\/\\\/zerust.se\\\/da\\\/#website\",\"url\":\"https:\\\/\\\/zerust.se\\\/da\\\/\",\"name\":\"Zerust\",\"description\":\"Korrosionsbeskyttelsesprodukter\",\"potentialAction\":[{\"@type\":\"SearchAction\",\"target\":{\"@type\":\"EntryPoint\",\"urlTemplate\":\"https:\\\/\\\/zerust.se\\\/da\\\/?s={search_term_string}\"},\"query-input\":{\"@type\":\"PropertyValueSpecification\",\"valueRequired\":true,\"valueName\":\"search_term_string\"}}],\"inLanguage\":\"da-DK\"}]}<\/script>\n<!-- \/ Yoast SEO plugin. -->","yoast_head_json":{"title":"Str\u00e6kfilm - Zerust","robots":{"index":"index","follow":"follow","max-snippet":"max-snippet:-1","max-image-preview":"max-image-preview:large","max-video-preview":"max-video-preview:-1"},"canonical":"https:\/\/zerust.se\/da\/vare\/straekfilm\/","og_locale":"da_DK","og_type":"article","og_title":"Str\u00e6kfilm - Zerust","og_description":"Leth\u00e5ndterlig str\u00e6kfilm til b\u00e5de manuel og mekanisk str\u00e6kning.","og_url":"https:\/\/zerust.se\/da\/vare\/straekfilm\/","og_site_name":"Zerust","article_modified_time":"2024-09-20T09:54:24+00:00","og_image":[{"width":540,"height":500,"url":"https:\/\/zerust.se\/wp-content\/uploads\/2023\/05\/Strackfilm-img.jpg","type":"image\/jpeg"}],"twitter_card":"summary_large_image","twitter_misc":{"Estimeret l\u00e6setid":"1 minut"},"schema":{"@context":"https:\/\/schema.org","@graph":[{"@type":"WebPage","@id":"https:\/\/zerust.se\/da\/vare\/straekfilm\/","url":"https:\/\/zerust.se\/da\/vare\/straekfilm\/","name":"Str\u00e6kfilm - Zerust","isPartOf":{"@id":"https:\/\/zerust.se\/da\/#website"},"primaryImageOfPage":{"@id":"https:\/\/zerust.se\/da\/vare\/straekfilm\/#primaryimage"},"image":{"@id":"https:\/\/zerust.se\/da\/vare\/straekfilm\/#primaryimage"},"thumbnailUrl":"https:\/\/zerust.se\/wp-content\/uploads\/2023\/05\/Strackfilm-img.jpg","datePublished":"2023-05-22T11:27:58+00:00","dateModified":"2024-09-20T09:54:24+00:00","breadcrumb":{"@id":"https:\/\/zerust.se\/da\/vare\/straekfilm\/#breadcrumb"},"inLanguage":"da-DK","potentialAction":[{"@type":"ReadAction","target":["https:\/\/zerust.se\/da\/vare\/straekfilm\/"]}]},{"@type":"ImageObject","inLanguage":"da-DK","@id":"https:\/\/zerust.se\/da\/vare\/straekfilm\/#primaryimage","url":"https:\/\/zerust.se\/wp-content\/uploads\/2023\/05\/Strackfilm-img.jpg","contentUrl":"https:\/\/zerust.se\/wp-content\/uploads\/2023\/05\/Strackfilm-img.jpg","width":540,"height":500},{"@type":"BreadcrumbList","@id":"https:\/\/zerust.se\/da\/vare\/straekfilm\/#breadcrumb","itemListElement":[{"@type":"ListItem","position":1,"name":"Hem","item":"https:\/\/zerust.se\/da\/"},{"@type":"ListItem","position":2,"name":"Corrosion Protection Products","item":"https:\/\/zerust.se\/korrosionsskyddande-produkter\/"},{"@type":"ListItem","position":3,"name":"VCI Folie","item":"https:\/\/zerust.se\/da\/produktkategori\/vci-folie\/"},{"@type":"ListItem","position":4,"name":"Str\u00e6kfilm"}]},{"@type":"WebSite","@id":"https:\/\/zerust.se\/da\/#website","url":"https:\/\/zerust.se\/da\/","name":"Zerust","description":"Korrosionsbeskyttelsesprodukter","potentialAction":[{"@type":"SearchAction","target":{"@type":"EntryPoint","urlTemplate":"https:\/\/zerust.se\/da\/?s={search_term_string}"},"query-input":{"@type":"PropertyValueSpecification","valueRequired":true,"valueName":"search_term_string"}}],"inLanguage":"da-DK"}]}},"_links":{"self":[{"href":"https:\/\/zerust.se\/da\/wp-json\/wp\/v2\/product\/1740","targetHints":{"allow":["GET"]}}],"collection":[{"href":"https:\/\/zerust.se\/da\/wp-json\/wp\/v2\/product"}],"about":[{"href":"https:\/\/zerust.se\/da\/wp-json\/wp\/v2\/types\/product"}],"replies":[{"embeddable":true,"href":"https:\/\/zerust.se\/da\/wp-json\/wp\/v2\/comments?post=1740"}],"wp:featuredmedia":[{"embeddable":true,"href":"https:\/\/zerust.se\/da\/wp-json\/wp\/v2\/media\/1143"}],"wp:attachment":[{"href":"https:\/\/zerust.se\/da\/wp-json\/wp\/v2\/media?parent=1740"}],"wp:term":[{"taxonomy":"product_brand","embeddable":true,"href":"https:\/\/zerust.se\/da\/wp-json\/wp\/v2\/product_brand?post=1740"},{"taxonomy":"product_cat","embeddable":true,"href":"https:\/\/zerust.se\/da\/wp-json\/wp\/v2\/product_cat?post=1740"},{"taxonomy":"product_tag","embeddable":true,"href":"https:\/\/zerust.se\/da\/wp-json\/wp\/v2\/product_tag?post=1740"}],"curies":[{"name":"wp","href":"https:\/\/api.w.org\/{rel}","templated":true}]}}