{"id":1736,"date":"2023-05-29T11:21:46","date_gmt":"2023-05-29T11:21:46","guid":{"rendered":"https:\/\/zerust.invistic-dev.com\/product\/vci-mellemliggende\/"},"modified":"2024-09-23T11:06:41","modified_gmt":"2024-09-23T11:06:41","slug":"vci-mellemliggende","status":"publish","type":"product","link":"https:\/\/zerust.se\/da\/vare\/vci-mellemliggende\/","title":{"rendered":"VCI Mellemliggende"},"content":{"rendered":"<p>Polyethylen-belagt mellemlag i papir, der giver \u00f8get rivestyrke, fugtbestandighed og kraftig korrosionsbeskyttelse. Specifikation: 90 g\/m\u00b2 (70 g\/m\u00b2 papir + 20 g\/m\u00b2 PE-lag)<\/p>\n<h3><strong>Polyetenbelagt mellanl\u00e4gg i papper som erbjuder \u00f6kad rivstyrka, fuktmotst\u00e5nd och ett kraftfullt korrosionsskydd. Specifikation: 90 g\/m\u00b2 (70 g\/m\u00b2 papper + 20 g\/m\u00b2 PE-skikt)<\/strong><\/h3>\n<hr>\n<ul>\n<li>E \u2013 beskytter lavlegerede jernholdige metaller; s\u00e5som jern, st\u00e5l og st\u00f8bejern.<\/li>\n<li>A \u2013 beskytter stort set alle metaller.<\/li>\n<\/ul>\n","protected":false},"excerpt":{"rendered":"<p>Polyethylen-belagt mellemlag i papir, der giver \u00f8get rivestyrke, fugtbestandighed og kraftig korrosionsbeskyttelse.<\/p>\n","protected":false},"featured_media":1423,"comment_status":"closed","ping_status":"closed","template":"","meta":{"_acf_changed":false},"product_brand":[],"product_cat":[60],"product_tag":[],"class_list":{"0":"post-1736","1":"product","2":"type-product","3":"status-publish","4":"has-post-thumbnail","6":"product_cat-vci-kapsler-og-emitters","8":"first","9":"instock","10":"shipping-taxable","11":"product-type-simple"},"acf":[],"gallery_images":[1422],"yoast_head":"<!-- This site is optimized with the Yoast SEO plugin v27.4 - https:\/\/yoast.com\/product\/yoast-seo-wordpress\/ -->\n<title>VCI Mellemliggende - Zerust<\/title>\n<meta name=\"robots\" content=\"index, follow, max-snippet:-1, max-image-preview:large, max-video-preview:-1\" \/>\n<link rel=\"canonical\" href=\"https:\/\/zerust.se\/da\/vare\/vci-mellemliggende\/\" \/>\n<meta property=\"og:locale\" content=\"da_DK\" \/>\n<meta property=\"og:type\" content=\"article\" \/>\n<meta property=\"og:title\" content=\"VCI Mellemliggende - Zerust\" \/>\n<meta property=\"og:description\" content=\"Polyethylen-belagt mellemlag i papir, der giver \u00f8get rivestyrke, fugtbestandighed og kraftig korrosionsbeskyttelse.\" \/>\n<meta property=\"og:url\" content=\"https:\/\/zerust.se\/da\/vare\/vci-mellemliggende\/\" \/>\n<meta property=\"og:site_name\" content=\"Zerust\" \/>\n<meta property=\"article:modified_time\" content=\"2024-09-23T11:06:41+00:00\" \/>\n<meta property=\"og:image\" content=\"https:\/\/zerust.se\/wp-content\/uploads\/2023\/05\/pe_layer.png\" \/>\n\t<meta property=\"og:image:width\" content=\"540\" \/>\n\t<meta property=\"og:image:height\" content=\"500\" \/>\n\t<meta property=\"og:image:type\" content=\"image\/png\" \/>\n<meta name=\"twitter:card\" content=\"summary_large_image\" \/>\n<script type=\"application\/ld+json\" class=\"yoast-schema-graph\">{\"@context\":\"https:\\\/\\\/schema.org\",\"@graph\":[{\"@type\":\"WebPage\",\"@id\":\"https:\\\/\\\/zerust.se\\\/da\\\/vare\\\/vci-mellemliggende\\\/\",\"url\":\"https:\\\/\\\/zerust.se\\\/da\\\/vare\\\/vci-mellemliggende\\\/\",\"name\":\"VCI Mellemliggende - Zerust\",\"isPartOf\":{\"@id\":\"https:\\\/\\\/zerust.se\\\/da\\\/#website\"},\"primaryImageOfPage\":{\"@id\":\"https:\\\/\\\/zerust.se\\\/da\\\/vare\\\/vci-mellemliggende\\\/#primaryimage\"},\"image\":{\"@id\":\"https:\\\/\\\/zerust.se\\\/da\\\/vare\\\/vci-mellemliggende\\\/#primaryimage\"},\"thumbnailUrl\":\"https:\\\/\\\/zerust.se\\\/wp-content\\\/uploads\\\/2023\\\/05\\\/pe_layer.png\",\"datePublished\":\"2023-05-29T11:21:46+00:00\",\"dateModified\":\"2024-09-23T11:06:41+00:00\",\"breadcrumb\":{\"@id\":\"https:\\\/\\\/zerust.se\\\/da\\\/vare\\\/vci-mellemliggende\\\/#breadcrumb\"},\"inLanguage\":\"da-DK\",\"potentialAction\":[{\"@type\":\"ReadAction\",\"target\":[\"https:\\\/\\\/zerust.se\\\/da\\\/vare\\\/vci-mellemliggende\\\/\"]}]},{\"@type\":\"ImageObject\",\"inLanguage\":\"da-DK\",\"@id\":\"https:\\\/\\\/zerust.se\\\/da\\\/vare\\\/vci-mellemliggende\\\/#primaryimage\",\"url\":\"https:\\\/\\\/zerust.se\\\/wp-content\\\/uploads\\\/2023\\\/05\\\/pe_layer.png\",\"contentUrl\":\"https:\\\/\\\/zerust.se\\\/wp-content\\\/uploads\\\/2023\\\/05\\\/pe_layer.png\",\"width\":540,\"height\":500},{\"@type\":\"BreadcrumbList\",\"@id\":\"https:\\\/\\\/zerust.se\\\/da\\\/vare\\\/vci-mellemliggende\\\/#breadcrumb\",\"itemListElement\":[{\"@type\":\"ListItem\",\"position\":1,\"name\":\"Hem\",\"item\":\"https:\\\/\\\/zerust.se\\\/da\\\/\"},{\"@type\":\"ListItem\",\"position\":2,\"name\":\"Corrosion Protection Products\",\"item\":\"https:\\\/\\\/zerust.se\\\/korrosionsskyddande-produkter\\\/\"},{\"@type\":\"ListItem\",\"position\":3,\"name\":\"VCI Kapsler og Emitters\",\"item\":\"https:\\\/\\\/zerust.se\\\/da\\\/produktkategori\\\/vci-kapsler-og-emitters\\\/\"},{\"@type\":\"ListItem\",\"position\":4,\"name\":\"VCI Mellemliggende\"}]},{\"@type\":\"WebSite\",\"@id\":\"https:\\\/\\\/zerust.se\\\/da\\\/#website\",\"url\":\"https:\\\/\\\/zerust.se\\\/da\\\/\",\"name\":\"Zerust\",\"description\":\"Korrosionsbeskyttelsesprodukter\",\"potentialAction\":[{\"@type\":\"SearchAction\",\"target\":{\"@type\":\"EntryPoint\",\"urlTemplate\":\"https:\\\/\\\/zerust.se\\\/da\\\/?s={search_term_string}\"},\"query-input\":{\"@type\":\"PropertyValueSpecification\",\"valueRequired\":true,\"valueName\":\"search_term_string\"}}],\"inLanguage\":\"da-DK\"}]}<\/script>\n<!-- \/ Yoast SEO plugin. -->","yoast_head_json":{"title":"VCI Mellemliggende - Zerust","robots":{"index":"index","follow":"follow","max-snippet":"max-snippet:-1","max-image-preview":"max-image-preview:large","max-video-preview":"max-video-preview:-1"},"canonical":"https:\/\/zerust.se\/da\/vare\/vci-mellemliggende\/","og_locale":"da_DK","og_type":"article","og_title":"VCI Mellemliggende - Zerust","og_description":"Polyethylen-belagt mellemlag i papir, der giver \u00f8get rivestyrke, fugtbestandighed og kraftig korrosionsbeskyttelse.","og_url":"https:\/\/zerust.se\/da\/vare\/vci-mellemliggende\/","og_site_name":"Zerust","article_modified_time":"2024-09-23T11:06:41+00:00","og_image":[{"width":540,"height":500,"url":"https:\/\/zerust.se\/wp-content\/uploads\/2023\/05\/pe_layer.png","type":"image\/png"}],"twitter_card":"summary_large_image","schema":{"@context":"https:\/\/schema.org","@graph":[{"@type":"WebPage","@id":"https:\/\/zerust.se\/da\/vare\/vci-mellemliggende\/","url":"https:\/\/zerust.se\/da\/vare\/vci-mellemliggende\/","name":"VCI Mellemliggende - Zerust","isPartOf":{"@id":"https:\/\/zerust.se\/da\/#website"},"primaryImageOfPage":{"@id":"https:\/\/zerust.se\/da\/vare\/vci-mellemliggende\/#primaryimage"},"image":{"@id":"https:\/\/zerust.se\/da\/vare\/vci-mellemliggende\/#primaryimage"},"thumbnailUrl":"https:\/\/zerust.se\/wp-content\/uploads\/2023\/05\/pe_layer.png","datePublished":"2023-05-29T11:21:46+00:00","dateModified":"2024-09-23T11:06:41+00:00","breadcrumb":{"@id":"https:\/\/zerust.se\/da\/vare\/vci-mellemliggende\/#breadcrumb"},"inLanguage":"da-DK","potentialAction":[{"@type":"ReadAction","target":["https:\/\/zerust.se\/da\/vare\/vci-mellemliggende\/"]}]},{"@type":"ImageObject","inLanguage":"da-DK","@id":"https:\/\/zerust.se\/da\/vare\/vci-mellemliggende\/#primaryimage","url":"https:\/\/zerust.se\/wp-content\/uploads\/2023\/05\/pe_layer.png","contentUrl":"https:\/\/zerust.se\/wp-content\/uploads\/2023\/05\/pe_layer.png","width":540,"height":500},{"@type":"BreadcrumbList","@id":"https:\/\/zerust.se\/da\/vare\/vci-mellemliggende\/#breadcrumb","itemListElement":[{"@type":"ListItem","position":1,"name":"Hem","item":"https:\/\/zerust.se\/da\/"},{"@type":"ListItem","position":2,"name":"Corrosion Protection Products","item":"https:\/\/zerust.se\/korrosionsskyddande-produkter\/"},{"@type":"ListItem","position":3,"name":"VCI Kapsler og Emitters","item":"https:\/\/zerust.se\/da\/produktkategori\/vci-kapsler-og-emitters\/"},{"@type":"ListItem","position":4,"name":"VCI Mellemliggende"}]},{"@type":"WebSite","@id":"https:\/\/zerust.se\/da\/#website","url":"https:\/\/zerust.se\/da\/","name":"Zerust","description":"Korrosionsbeskyttelsesprodukter","potentialAction":[{"@type":"SearchAction","target":{"@type":"EntryPoint","urlTemplate":"https:\/\/zerust.se\/da\/?s={search_term_string}"},"query-input":{"@type":"PropertyValueSpecification","valueRequired":true,"valueName":"search_term_string"}}],"inLanguage":"da-DK"}]}},"_links":{"self":[{"href":"https:\/\/zerust.se\/da\/wp-json\/wp\/v2\/product\/1736","targetHints":{"allow":["GET"]}}],"collection":[{"href":"https:\/\/zerust.se\/da\/wp-json\/wp\/v2\/product"}],"about":[{"href":"https:\/\/zerust.se\/da\/wp-json\/wp\/v2\/types\/product"}],"replies":[{"embeddable":true,"href":"https:\/\/zerust.se\/da\/wp-json\/wp\/v2\/comments?post=1736"}],"wp:featuredmedia":[{"embeddable":true,"href":"https:\/\/zerust.se\/da\/wp-json\/wp\/v2\/media\/1423"}],"wp:attachment":[{"href":"https:\/\/zerust.se\/da\/wp-json\/wp\/v2\/media?parent=1736"}],"wp:term":[{"taxonomy":"product_brand","embeddable":true,"href":"https:\/\/zerust.se\/da\/wp-json\/wp\/v2\/product_brand?post=1736"},{"taxonomy":"product_cat","embeddable":true,"href":"https:\/\/zerust.se\/da\/wp-json\/wp\/v2\/product_cat?post=1736"},{"taxonomy":"product_tag","embeddable":true,"href":"https:\/\/zerust.se\/da\/wp-json\/wp\/v2\/product_tag?post=1736"}],"curies":[{"name":"wp","href":"https:\/\/api.w.org\/{rel}","templated":true}]}}