{"id":1707,"date":"2023-05-22T11:57:57","date_gmt":"2023-05-22T11:57:57","guid":{"rendered":"https:\/\/zerust.invistic-dev.com\/service\/"},"modified":"2024-09-23T13:05:45","modified_gmt":"2024-09-23T13:05:45","slug":"service","status":"publish","type":"page","link":"https:\/\/zerust.se\/da\/service\/","title":{"rendered":"Service"},"content":{"rendered":"\t\t<div data-elementor-type=\"wp-page\" data-elementor-id=\"1707\" class=\"elementor elementor-1707 elementor-86\" data-elementor-post-type=\"page\">\n\t\t\t\t<div class=\"elementor-element elementor-element-7e33089 e-flex e-con-boxed e-con e-parent\" data-id=\"7e33089\" data-element_type=\"container\" data-e-type=\"container\" data-settings=\"{&quot;background_background&quot;:&quot;classic&quot;}\">\n\t\t\t\t\t<div class=\"e-con-inner\">\n\t\t\t\t<div class=\"elementor-element elementor-element-b9eb279 hide elementor-hidden-desktop elementor-hidden-tablet elementor-hidden-mobile elementor-widget elementor-widget-breadcrumbs\" data-id=\"b9eb279\" data-element_type=\"widget\" data-e-type=\"widget\" data-widget_type=\"breadcrumbs.default\">\n\t\t\t\t<div class=\"elementor-widget-container\">\n\t\t\t\t\t<p id=\"breadcrumbs\"><span><span><a href=\"https:\/\/zerust.se\/da\/\">Hem<\/a><\/span><\/span><\/p>\t\t\t\t<\/div>\n\t\t\t\t<\/div>\n\t\t\t\t<div class=\"elementor-element elementor-element-7f05875 elementor-widget elementor-widget-woocommerce-breadcrumb\" data-id=\"7f05875\" data-element_type=\"widget\" data-e-type=\"widget\" id=\"breadcrumbs\" data-widget_type=\"woocommerce-breadcrumb.default\">\n\t\t\t\t<div class=\"elementor-widget-container\">\n\t\t\t\t\t<nav class=\"woocommerce-breadcrumb\" aria-label=\"Breadcrumb\">Hjem<\/nav>\t\t\t\t<\/div>\n\t\t\t\t<\/div>\n\t\t\t\t<div class=\"elementor-element elementor-element-f0c9f46 elementor-widget elementor-widget-heading\" data-id=\"f0c9f46\" data-element_type=\"widget\" data-e-type=\"widget\" data-widget_type=\"heading.default\">\n\t\t\t\t<div class=\"elementor-widget-container\">\n\t\t\t\t\t<h1 class=\"elementor-heading-title elementor-size-default\">Tjenester<\/h1>\t\t\t\t<\/div>\n\t\t\t\t<\/div>\n\t\t\t\t<div class=\"elementor-element elementor-element-e2dddc9 elementor-widget elementor-widget-text-editor\" data-id=\"e2dddc9\" data-element_type=\"widget\" data-e-type=\"widget\" data-widget_type=\"text-editor.default\">\n\t\t\t\t<div class=\"elementor-widget-container\">\n\t\t\t\t\t\t\t\t\t<p>ZERUST<sup>\u00ae <\/sup>sammenslutningen af virksomheder tilbyder et virkeligt globalt niveau af support.<\/p>\n\t\t\t\t\t\t\t\t<\/div>\n\t\t\t\t<\/div>\n\t\t\t\t\t<\/div>\n\t\t\t\t<\/div>\n\t\t<div class=\"elementor-element elementor-element-893db08 row-grey-wave-on-top e-flex e-con-boxed elementor-invisible e-con e-parent\" data-id=\"893db08\" data-element_type=\"container\" data-e-type=\"container\" data-settings=\"{&quot;animation&quot;:&quot;fadeIn&quot;}\">\n\t\t\t\t\t<div class=\"e-con-inner\">\n\t\t<div class=\"elementor-element elementor-element-7f3b9ae e-con-full e-flex e-con e-child\" data-id=\"7f3b9ae\" data-element_type=\"container\" data-e-type=\"container\">\n\t\t\t\t<div class=\"elementor-element elementor-element-5aad5d5 yellow-square-bg position-right elementor-widget__width-inherit elementor-widget elementor-widget-image\" data-id=\"5aad5d5\" data-element_type=\"widget\" data-e-type=\"widget\" data-widget_type=\"image.default\">\n\t\t\t\t<div class=\"elementor-widget-container\">\n\t\t\t\t\t\t\t\t\t\t\t\t\t\t\t<img fetchpriority=\"high\" decoding=\"async\" width=\"484\" height=\"305\" src=\"https:\/\/zerust.se\/wp-content\/uploads\/2023\/05\/lab-1.png\" class=\"attachment-large size-large wp-image-1377\" alt=\"\" srcset=\"https:\/\/zerust.se\/wp-content\/uploads\/2023\/05\/lab-1.png 484w, https:\/\/zerust.se\/wp-content\/uploads\/2023\/05\/lab-1-300x189.png 300w, https:\/\/zerust.se\/wp-content\/uploads\/2023\/05\/lab-1-80x50.png 80w\" sizes=\"(max-width: 484px) 100vw, 484px\" \/>\t\t\t\t\t\t\t\t\t\t\t\t\t\t\t<\/div>\n\t\t\t\t<\/div>\n\t\t\t\t<\/div>\n\t\t<div class=\"elementor-element elementor-element-2824201 e-con-full e-flex e-con e-child\" data-id=\"2824201\" data-element_type=\"container\" data-e-type=\"container\">\n\t\t\t\t<div class=\"elementor-element elementor-element-4fb1fa7 elementor-widget elementor-widget-heading\" data-id=\"4fb1fa7\" data-element_type=\"widget\" data-e-type=\"widget\" data-widget_type=\"heading.default\">\n\t\t\t\t<div class=\"elementor-widget-container\">\n\t\t\t\t\t<h2 class=\"elementor-heading-title elementor-size-default\">Verdensomsp\u00e6ndende ZERUST\u00ae\/EXCOR\u00ae teknisk support<\/h2>\t\t\t\t<\/div>\n\t\t\t\t<\/div>\n\t\t\t\t<div class=\"elementor-element elementor-element-9b4df3f no-ident-list elementor-widget elementor-widget-text-editor\" data-id=\"9b4df3f\" data-element_type=\"widget\" data-e-type=\"widget\" data-widget_type=\"text-editor.default\">\n\t\t\t\t<div class=\"elementor-widget-container\">\n\t\t\t\t\t\t\t\t\t<p>Vores internationalt anerkendte videnskabsm\u00e6nd og feltingeni\u00f8rer samarbejder t\u00e6t med kunderne for at designe omfattende korrosionsl\u00f8sninger. Efter udviklingsfasen guider vores feltrepr\u00e6sentanter kunderne, mens de anvender produkterne. <\/p>\n<p>Som sammenslutning af virksomheder opererer vi med netv\u00e6rk af lokale partnere i mere end 70 lande i verden. Dette letter teknisk support og inspektion af forsendelser p\u00e5 leveringsstedet overalt i verden. Takket v\u00e6re vores globale applikationsdatabase er vi i stand til at overf\u00f8re erfaringerne fra et land til et andet, og det giver os mulighed for hurtigt at finde den optimale rustforebyggende l\u00f8sning til hver forsendelse.<\/p>\n\t\t\t\t\t\t\t\t<\/div>\n\t\t\t\t<\/div>\n\t\t\t\t<\/div>\n\t\t\t\t\t<\/div>\n\t\t\t\t<\/div>\n\t\t<div class=\"elementor-element elementor-element-62b158a e-flex e-con-boxed elementor-invisible e-con e-parent\" data-id=\"62b158a\" data-element_type=\"container\" data-e-type=\"container\" data-settings=\"{&quot;animation&quot;:&quot;fadeIn&quot;}\">\n\t\t\t\t\t<div class=\"e-con-inner\">\n\t\t<div class=\"elementor-element elementor-element-105ff17 e-con-full e-flex e-con e-child\" data-id=\"105ff17\" data-element_type=\"container\" data-e-type=\"container\">\n\t\t\t\t<div class=\"elementor-element elementor-element-f9b5191 elementor-widget elementor-widget-heading\" data-id=\"f9b5191\" data-element_type=\"widget\" data-e-type=\"widget\" data-widget_type=\"heading.default\">\n\t\t\t\t<div class=\"elementor-widget-container\">\n\t\t\t\t\t<h2 class=\"elementor-heading-title elementor-size-default\">Supporttjenester<\/h2>\t\t\t\t<\/div>\n\t\t\t\t<\/div>\n\t\t\t\t<div class=\"elementor-element elementor-element-c92f224 elementor-widget elementor-widget-text-editor\" data-id=\"c92f224\" data-element_type=\"widget\" data-e-type=\"widget\" data-widget_type=\"text-editor.default\">\n\t\t\t\t<div class=\"elementor-widget-container\">\n\t\t\t\t\t\t\t\t\t<p>ZERUST<sup>\u00ae<\/sup>-folkene har akkumuleret \u00e5rtiers ekspertise inden for korrosionsforebyggelse og tilbyder omfattende design, anvendelse og eftersalgssupport for at sikre, at vores kunders krav til korrosionsbeskyttelse opfyldes.<\/p>\n<p><strong>Klimakammertest<\/strong><\/p>\n<p>Effektiviteten af forskellige foresl\u00e5ede l\u00f8sninger kan vurderes i test udf\u00f8rt i klimatiske kamre i vores perfekt udstyrede laboratorier i USA, Tyskland, Japan og Indien i henhold til DIN EN IEC 60068-2-30.<\/p>\n<p><strong>Pr\u00f8veforsendelser<\/strong><\/p>\n<p>ZERUST<sup>\u00ae<\/sup> applikationsingeni\u00f8rer er klar til at hj\u00e6lpe med forberedelse og pakning af testforsendelser p\u00e5 stedet. Efter anmodning kan en dataoptager inkorporeres i testforsendelser for at spore faktiske klimatiske forhold under hele fors\u00f8get. P\u00e5 sin destination kan forsendelsen inspiceres og evalueres af en global ZERUST-repr\u00e6sentant.  <\/p>\n\t\t\t\t\t\t\t\t<\/div>\n\t\t\t\t<\/div>\n\t\t\t\t<\/div>\n\t\t<div class=\"elementor-element elementor-element-20207a2 e-con-full e-flex e-con e-child\" data-id=\"20207a2\" data-element_type=\"container\" data-e-type=\"container\">\n\t\t\t\t<div class=\"elementor-element elementor-element-20403f9 yellow-square-bg drop-shadow elementor-widget elementor-widget-image\" data-id=\"20403f9\" data-element_type=\"widget\" data-e-type=\"widget\" data-widget_type=\"image.default\">\n\t\t\t\t<div class=\"elementor-widget-container\">\n\t\t\t\t\t\t\t\t\t\t\t\t\t\t\t<img decoding=\"async\" width=\"485\" height=\"536\" src=\"https:\/\/zerust.se\/wp-content\/uploads\/2023\/05\/servis2.png\" class=\"attachment-large size-large wp-image-1381\" alt=\"\" srcset=\"https:\/\/zerust.se\/wp-content\/uploads\/2023\/05\/servis2.png 485w, https:\/\/zerust.se\/wp-content\/uploads\/2023\/05\/servis2-271x300.png 271w, https:\/\/zerust.se\/wp-content\/uploads\/2023\/05\/servis2-300x332.png 300w, https:\/\/zerust.se\/wp-content\/uploads\/2023\/05\/servis2-80x88.png 80w\" sizes=\"(max-width: 485px) 100vw, 485px\" \/>\t\t\t\t\t\t\t\t\t\t\t\t\t\t\t<\/div>\n\t\t\t\t<\/div>\n\t\t\t\t<\/div>\n\t\t\t\t\t<\/div>\n\t\t\t\t<\/div>\n\t\t\t\t<\/div>\n\t\t","protected":false},"excerpt":{"rendered":"<p>Tjenester ZERUST\u00ae sammenslutningen af virksomheder tilbyder et virkeligt globalt niveau af support. Verdensomsp\u00e6ndende ZERUST\u00ae\/EXCOR\u00ae teknisk support Vores internationalt anerkendte videnskabsm\u00e6nd og feltingeni\u00f8rer samarbejder t\u00e6t med kunderne for at designe omfattende korrosionsl\u00f8sninger. Efter udviklingsfasen guider vores feltrepr\u00e6sentanter kunderne, mens de anvender produkterne. Som sammenslutning af virksomheder opererer vi med netv\u00e6rk af lokale partnere i mere end [&hellip;]<\/p>\n","protected":false},"author":1,"featured_media":0,"parent":0,"menu_order":0,"comment_status":"closed","ping_status":"closed","template":"","meta":{"_acf_changed":false,"footnotes":""},"class_list":["post-1707","page","type-page","status-publish","hentry"],"acf":[],"yoast_head":"<!-- This site is optimized with the Yoast SEO plugin v27.4 - https:\/\/yoast.com\/product\/yoast-seo-wordpress\/ -->\n<title>Service - Zerust<\/title>\n<meta name=\"robots\" content=\"index, follow, max-snippet:-1, max-image-preview:large, max-video-preview:-1\" \/>\n<link rel=\"canonical\" href=\"https:\/\/zerust.se\/da\/service\/\" \/>\n<meta property=\"og:locale\" content=\"da_DK\" \/>\n<meta property=\"og:type\" content=\"article\" \/>\n<meta property=\"og:title\" content=\"Service - Zerust\" \/>\n<meta property=\"og:description\" content=\"Tjenester ZERUST\u00ae sammenslutningen af virksomheder tilbyder et virkeligt globalt niveau af support. Verdensomsp\u00e6ndende ZERUST\u00ae\/EXCOR\u00ae teknisk support Vores internationalt anerkendte videnskabsm\u00e6nd og feltingeni\u00f8rer samarbejder t\u00e6t med kunderne for at designe omfattende korrosionsl\u00f8sninger. Efter udviklingsfasen guider vores feltrepr\u00e6sentanter kunderne, mens de anvender produkterne. Som sammenslutning af virksomheder opererer vi med netv\u00e6rk af lokale partnere i mere end [&hellip;]\" \/>\n<meta property=\"og:url\" content=\"https:\/\/zerust.se\/da\/service\/\" \/>\n<meta property=\"og:site_name\" content=\"Zerust\" \/>\n<meta property=\"article:modified_time\" content=\"2024-09-23T13:05:45+00:00\" \/>\n<meta property=\"og:image\" content=\"https:\/\/zerust.se\/wp-content\/uploads\/2023\/05\/lab-1.png\" \/>\n<meta name=\"twitter:card\" content=\"summary_large_image\" \/>\n<meta name=\"twitter:label1\" content=\"Estimeret l\u00e6setid\" \/>\n\t<meta name=\"twitter:data1\" content=\"2 minutter\" \/>\n<script type=\"application\/ld+json\" class=\"yoast-schema-graph\">{\"@context\":\"https:\\\/\\\/schema.org\",\"@graph\":[{\"@type\":\"WebPage\",\"@id\":\"https:\\\/\\\/zerust.se\\\/da\\\/service\\\/\",\"url\":\"https:\\\/\\\/zerust.se\\\/da\\\/service\\\/\",\"name\":\"Service - Zerust\",\"isPartOf\":{\"@id\":\"https:\\\/\\\/zerust.se\\\/da\\\/#website\"},\"primaryImageOfPage\":{\"@id\":\"https:\\\/\\\/zerust.se\\\/da\\\/service\\\/#primaryimage\"},\"image\":{\"@id\":\"https:\\\/\\\/zerust.se\\\/da\\\/service\\\/#primaryimage\"},\"thumbnailUrl\":\"https:\\\/\\\/zerust.se\\\/wp-content\\\/uploads\\\/2023\\\/05\\\/lab-1.png\",\"datePublished\":\"2023-05-22T11:57:57+00:00\",\"dateModified\":\"2024-09-23T13:05:45+00:00\",\"breadcrumb\":{\"@id\":\"https:\\\/\\\/zerust.se\\\/da\\\/service\\\/#breadcrumb\"},\"inLanguage\":\"da-DK\",\"potentialAction\":[{\"@type\":\"ReadAction\",\"target\":[\"https:\\\/\\\/zerust.se\\\/da\\\/service\\\/\"]}]},{\"@type\":\"ImageObject\",\"inLanguage\":\"da-DK\",\"@id\":\"https:\\\/\\\/zerust.se\\\/da\\\/service\\\/#primaryimage\",\"url\":\"https:\\\/\\\/zerust.se\\\/wp-content\\\/uploads\\\/2023\\\/05\\\/lab-1.png\",\"contentUrl\":\"https:\\\/\\\/zerust.se\\\/wp-content\\\/uploads\\\/2023\\\/05\\\/lab-1.png\"},{\"@type\":\"BreadcrumbList\",\"@id\":\"https:\\\/\\\/zerust.se\\\/da\\\/service\\\/#breadcrumb\",\"itemListElement\":[{\"@type\":\"ListItem\",\"position\":1,\"name\":\"Hem\",\"item\":\"https:\\\/\\\/zerust.se\\\/da\\\/\"},{\"@type\":\"ListItem\",\"position\":2,\"name\":\"Service\"}]},{\"@type\":\"WebSite\",\"@id\":\"https:\\\/\\\/zerust.se\\\/da\\\/#website\",\"url\":\"https:\\\/\\\/zerust.se\\\/da\\\/\",\"name\":\"Zerust\",\"description\":\"Korrosionsbeskyttelsesprodukter\",\"potentialAction\":[{\"@type\":\"SearchAction\",\"target\":{\"@type\":\"EntryPoint\",\"urlTemplate\":\"https:\\\/\\\/zerust.se\\\/da\\\/?s={search_term_string}\"},\"query-input\":{\"@type\":\"PropertyValueSpecification\",\"valueRequired\":true,\"valueName\":\"search_term_string\"}}],\"inLanguage\":\"da-DK\"}]}<\/script>\n<!-- \/ Yoast SEO plugin. -->","yoast_head_json":{"title":"Service - Zerust","robots":{"index":"index","follow":"follow","max-snippet":"max-snippet:-1","max-image-preview":"max-image-preview:large","max-video-preview":"max-video-preview:-1"},"canonical":"https:\/\/zerust.se\/da\/service\/","og_locale":"da_DK","og_type":"article","og_title":"Service - Zerust","og_description":"Tjenester ZERUST\u00ae sammenslutningen af virksomheder tilbyder et virkeligt globalt niveau af support. Verdensomsp\u00e6ndende ZERUST\u00ae\/EXCOR\u00ae teknisk support Vores internationalt anerkendte videnskabsm\u00e6nd og feltingeni\u00f8rer samarbejder t\u00e6t med kunderne for at designe omfattende korrosionsl\u00f8sninger. Efter udviklingsfasen guider vores feltrepr\u00e6sentanter kunderne, mens de anvender produkterne. Som sammenslutning af virksomheder opererer vi med netv\u00e6rk af lokale partnere i mere end [&hellip;]","og_url":"https:\/\/zerust.se\/da\/service\/","og_site_name":"Zerust","article_modified_time":"2024-09-23T13:05:45+00:00","og_image":[{"url":"https:\/\/zerust.se\/wp-content\/uploads\/2023\/05\/lab-1.png","type":"","width":"","height":""}],"twitter_card":"summary_large_image","twitter_misc":{"Estimeret l\u00e6setid":"2 minutter"},"schema":{"@context":"https:\/\/schema.org","@graph":[{"@type":"WebPage","@id":"https:\/\/zerust.se\/da\/service\/","url":"https:\/\/zerust.se\/da\/service\/","name":"Service - Zerust","isPartOf":{"@id":"https:\/\/zerust.se\/da\/#website"},"primaryImageOfPage":{"@id":"https:\/\/zerust.se\/da\/service\/#primaryimage"},"image":{"@id":"https:\/\/zerust.se\/da\/service\/#primaryimage"},"thumbnailUrl":"https:\/\/zerust.se\/wp-content\/uploads\/2023\/05\/lab-1.png","datePublished":"2023-05-22T11:57:57+00:00","dateModified":"2024-09-23T13:05:45+00:00","breadcrumb":{"@id":"https:\/\/zerust.se\/da\/service\/#breadcrumb"},"inLanguage":"da-DK","potentialAction":[{"@type":"ReadAction","target":["https:\/\/zerust.se\/da\/service\/"]}]},{"@type":"ImageObject","inLanguage":"da-DK","@id":"https:\/\/zerust.se\/da\/service\/#primaryimage","url":"https:\/\/zerust.se\/wp-content\/uploads\/2023\/05\/lab-1.png","contentUrl":"https:\/\/zerust.se\/wp-content\/uploads\/2023\/05\/lab-1.png"},{"@type":"BreadcrumbList","@id":"https:\/\/zerust.se\/da\/service\/#breadcrumb","itemListElement":[{"@type":"ListItem","position":1,"name":"Hem","item":"https:\/\/zerust.se\/da\/"},{"@type":"ListItem","position":2,"name":"Service"}]},{"@type":"WebSite","@id":"https:\/\/zerust.se\/da\/#website","url":"https:\/\/zerust.se\/da\/","name":"Zerust","description":"Korrosionsbeskyttelsesprodukter","potentialAction":[{"@type":"SearchAction","target":{"@type":"EntryPoint","urlTemplate":"https:\/\/zerust.se\/da\/?s={search_term_string}"},"query-input":{"@type":"PropertyValueSpecification","valueRequired":true,"valueName":"search_term_string"}}],"inLanguage":"da-DK"}]}},"_links":{"self":[{"href":"https:\/\/zerust.se\/da\/wp-json\/wp\/v2\/pages\/1707","targetHints":{"allow":["GET"]}}],"collection":[{"href":"https:\/\/zerust.se\/da\/wp-json\/wp\/v2\/pages"}],"about":[{"href":"https:\/\/zerust.se\/da\/wp-json\/wp\/v2\/types\/page"}],"author":[{"embeddable":true,"href":"https:\/\/zerust.se\/da\/wp-json\/wp\/v2\/users\/1"}],"replies":[{"embeddable":true,"href":"https:\/\/zerust.se\/da\/wp-json\/wp\/v2\/comments?post=1707"}],"version-history":[{"count":9,"href":"https:\/\/zerust.se\/da\/wp-json\/wp\/v2\/pages\/1707\/revisions"}],"predecessor-version":[{"id":3073,"href":"https:\/\/zerust.se\/da\/wp-json\/wp\/v2\/pages\/1707\/revisions\/3073"}],"wp:attachment":[{"href":"https:\/\/zerust.se\/da\/wp-json\/wp\/v2\/media?parent=1707"}],"curies":[{"name":"wp","href":"https:\/\/api.w.org\/{rel}","templated":true}]}}