{"id":1699,"date":"2023-05-22T11:57:08","date_gmt":"2023-05-22T11:57:08","guid":{"rendered":"https:\/\/zerust.invistic-dev.com\/om-zerust\/"},"modified":"2024-09-23T13:02:56","modified_gmt":"2024-09-23T13:02:56","slug":"om-zerust","status":"publish","type":"page","link":"https:\/\/zerust.se\/da\/om-zerust\/","title":{"rendered":"Om Zerust"},"content":{"rendered":"\t\t<div data-elementor-type=\"wp-page\" data-elementor-id=\"1699\" class=\"elementor elementor-1699 elementor-74\" data-elementor-post-type=\"page\">\n\t\t\t\t<div class=\"elementor-element elementor-element-5ef28a8 e-flex e-con-boxed e-con e-parent\" data-id=\"5ef28a8\" data-element_type=\"container\" data-e-type=\"container\" data-settings=\"{&quot;background_background&quot;:&quot;classic&quot;}\">\n\t\t\t\t\t<div class=\"e-con-inner\">\n\t\t\t\t<div class=\"elementor-element elementor-element-fb4a0f3 hide elementor-hidden-desktop elementor-hidden-tablet elementor-hidden-mobile elementor-widget elementor-widget-breadcrumbs\" data-id=\"fb4a0f3\" data-element_type=\"widget\" data-e-type=\"widget\" data-widget_type=\"breadcrumbs.default\">\n\t\t\t\t<div class=\"elementor-widget-container\">\n\t\t\t\t\t<p id=\"breadcrumbs\"><span><span><a href=\"https:\/\/zerust.se\/da\/\">Hem<\/a><\/span><\/span><\/p>\t\t\t\t<\/div>\n\t\t\t\t<\/div>\n\t\t\t\t<div class=\"elementor-element elementor-element-99a184a elementor-widget elementor-widget-woocommerce-breadcrumb\" data-id=\"99a184a\" data-element_type=\"widget\" data-e-type=\"widget\" id=\"breadcrumbs\" data-widget_type=\"woocommerce-breadcrumb.default\">\n\t\t\t\t<div class=\"elementor-widget-container\">\n\t\t\t\t\t<nav class=\"woocommerce-breadcrumb\" aria-label=\"Breadcrumb\">Hjem<\/nav>\t\t\t\t<\/div>\n\t\t\t\t<\/div>\n\t\t\t\t<div class=\"elementor-element elementor-element-fb1b84b elementor-widget elementor-widget-heading\" data-id=\"fb1b84b\" data-element_type=\"widget\" data-e-type=\"widget\" data-widget_type=\"heading.default\">\n\t\t\t\t<div class=\"elementor-widget-container\">\n\t\t\t\t\t<h1 class=\"elementor-heading-title elementor-size-default\">Zerust AB<\/h1>\t\t\t\t<\/div>\n\t\t\t\t<\/div>\n\t\t\t\t<div class=\"elementor-element elementor-element-9a46c6c elementor-widget elementor-widget-text-editor\" data-id=\"9a46c6c\" data-element_type=\"widget\" data-e-type=\"widget\" data-widget_type=\"text-editor.default\">\n\t\t\t\t<div class=\"elementor-widget-container\">\n\t\t\t\t\t\t\t\t\t<p>Zerust AB producerer og s\u00e6lger VCI materialer til de nordiske markeder: Sverige, Danmark og Norge.<\/p>\n\t\t\t\t\t\t\t\t<\/div>\n\t\t\t\t<\/div>\n\t\t\t\t\t<\/div>\n\t\t\t\t<\/div>\n\t\t<div class=\"elementor-element elementor-element-01a379e row-grey-wave-on-top e-flex e-con-boxed elementor-invisible e-con e-parent\" data-id=\"01a379e\" data-element_type=\"container\" data-e-type=\"container\" data-settings=\"{&quot;animation&quot;:&quot;fadeIn&quot;}\">\n\t\t\t\t\t<div class=\"e-con-inner\">\n\t\t<div class=\"elementor-element elementor-element-ee5d80d e-con-full e-flex e-con e-child\" data-id=\"ee5d80d\" data-element_type=\"container\" data-e-type=\"container\">\n\t\t\t\t<div class=\"elementor-element elementor-element-f1ebe83 yellow-square-bg elementor-widget elementor-widget-image\" data-id=\"f1ebe83\" data-element_type=\"widget\" data-e-type=\"widget\" data-widget_type=\"image.default\">\n\t\t\t\t<div class=\"elementor-widget-container\">\n\t\t\t\t\t\t\t\t\t\t\t\t\t\t\t<img fetchpriority=\"high\" decoding=\"async\" width=\"800\" height=\"802\" src=\"https:\/\/zerust.se\/wp-content\/uploads\/2023\/05\/service-bg.png-1022x1024.jpg\" class=\"attachment-large size-large wp-image-1290\" alt=\"\" srcset=\"https:\/\/zerust.se\/wp-content\/uploads\/2023\/05\/service-bg.png-1022x1024.jpg 1022w, https:\/\/zerust.se\/wp-content\/uploads\/2023\/05\/service-bg.png-300x301.jpg 300w, https:\/\/zerust.se\/wp-content\/uploads\/2023\/05\/service-bg.png-150x150.jpg 150w, https:\/\/zerust.se\/wp-content\/uploads\/2023\/05\/service-bg.png-768x769.jpg 768w, https:\/\/zerust.se\/wp-content\/uploads\/2023\/05\/service-bg.png-1533x1536.jpg 1533w, https:\/\/zerust.se\/wp-content\/uploads\/2023\/05\/service-bg.png-2044x2048.jpg 2044w, https:\/\/zerust.se\/wp-content\/uploads\/2023\/05\/service-bg.png-500x501.jpg 500w, https:\/\/zerust.se\/wp-content\/uploads\/2023\/05\/service-bg.png-80x80.jpg 80w\" sizes=\"(max-width: 800px) 100vw, 800px\" \/>\t\t\t\t\t\t\t\t\t\t\t\t\t\t\t<\/div>\n\t\t\t\t<\/div>\n\t\t\t\t<\/div>\n\t\t<div class=\"elementor-element elementor-element-a915656 e-con-full e-flex e-con e-child\" data-id=\"a915656\" data-element_type=\"container\" data-e-type=\"container\">\n\t\t\t\t<div class=\"elementor-element elementor-element-4973976 elementor-widget elementor-widget-heading\" data-id=\"4973976\" data-element_type=\"widget\" data-e-type=\"widget\" data-widget_type=\"heading.default\">\n\t\t\t\t<div class=\"elementor-widget-container\">\n\t\t\t\t\t<h2 class=\"elementor-heading-title elementor-size-default\">Partner i l\u00f8sning af korrosionsproblemer<\/h2>\t\t\t\t<\/div>\n\t\t\t\t<\/div>\n\t\t\t\t<div class=\"elementor-element elementor-element-170a981 no-ident-list elementor-widget elementor-widget-text-editor\" data-id=\"170a981\" data-element_type=\"widget\" data-e-type=\"widget\" data-widget_type=\"text-editor.default\">\n\t\t\t\t<div class=\"elementor-widget-container\">\n\t\t\t\t\t\t\t\t\t<p>Zerust AB har v\u00e6ret p\u00e5 det svenske, danske og norske marked siden 1991. Lige siden da har Zerust samlet en omfattende database med feltstudier med applikationserfaring i forhold til korrosionsbeskyttelse hos kunden. <\/p>\n<p>Vores virksomhed besk\u00e6ftiger sig med omfattende levering af korrosionsbeskyttelsessystemer med flygtige korrosionsinhibitorer s\u00e5som VCI ZERUST<sup>\u00ae<\/sup> film og papir.<\/p>\n<p>Hvis du \u00f8nsker at samarbejde med en partner, der har indsamlet erfaring i n\u00e6sten to \u00e5rtier og tilbyder dig produkter af topkvalitet, er du p\u00e5 rette sted!<\/p>\n<p>Zerust AB er medlem af Zerust<sup>\u00ae<\/sup>-forbundet, som best\u00e5r af mere end 70 virksomheder over hele verden, som permanent samarbejder om at st\u00f8tte deres kunder. Vi vil alle sikre, at de forsendelser, der er beskyttet med ZERUST<sup>\u00ae<\/sup>-produkter, ankommer til deres endelige destination i absolut rustfri tilstand. <\/p>\n\t\t\t\t\t\t\t\t<\/div>\n\t\t\t\t<\/div>\n\t\t\t\t<\/div>\n\t\t\t\t\t<\/div>\n\t\t\t\t<\/div>\n\t\t<div class=\"elementor-element elementor-element-0987edf e-flex e-con-boxed elementor-invisible e-con e-parent\" data-id=\"0987edf\" data-element_type=\"container\" data-e-type=\"container\" data-settings=\"{&quot;animation&quot;:&quot;fadeIn&quot;}\">\n\t\t\t\t\t<div class=\"e-con-inner\">\n\t\t<div class=\"elementor-element elementor-element-d8fc00e e-con-full e-flex e-con e-child\" data-id=\"d8fc00e\" data-element_type=\"container\" data-e-type=\"container\">\n\t\t\t\t<div class=\"elementor-element elementor-element-773ee2c elementor-widget elementor-widget-heading\" data-id=\"773ee2c\" data-element_type=\"widget\" data-e-type=\"widget\" data-widget_type=\"heading.default\">\n\t\t\t\t<div class=\"elementor-widget-container\">\n\t\t\t\t\t<h2 class=\"elementor-heading-title elementor-size-default\">M\u00e5den vi opererer p\u00e5<\/h2>\t\t\t\t<\/div>\n\t\t\t\t<\/div>\n\t\t\t\t<div class=\"elementor-element elementor-element-750a7f9 elementor-widget elementor-widget-text-editor\" data-id=\"750a7f9\" data-element_type=\"widget\" data-e-type=\"widget\" data-widget_type=\"text-editor.default\">\n\t\t\t\t<div class=\"elementor-widget-container\">\n\t\t\t\t\t\t\t\t\t<p>Zerust AB driver sin forretning og produktion efter de h\u00f8jeste internationale standarder, kvalitetssystemer og med respekt for milj\u00f8et. Siden \u00e5r 1995 er vi certificeret med <strong>ISO 9001<\/strong> og \u00e5r senere opn\u00e5ede vi <strong>ISO 14001<\/strong> certifikat. <\/p>\n<p>Kvaliteten af vores produkter er genstand for permanent overv\u00e5gning og kontrol. Hvert produktionsparti af emballagematerialer bliver testet for dets anti-korrosionseffektivitet, f\u00f8r det frigives til salg. <\/p>\n\t\t\t\t\t\t\t\t<\/div>\n\t\t\t\t<\/div>\n\t\t\t\t<\/div>\n\t\t<div class=\"elementor-element elementor-element-14efec2 e-con-full e-flex e-con e-child\" data-id=\"14efec2\" data-element_type=\"container\" data-e-type=\"container\">\n\t\t\t\t<div class=\"elementor-element elementor-element-8fed7fd yellow-square-bg elementor-widget elementor-widget-image\" data-id=\"8fed7fd\" data-element_type=\"widget\" data-e-type=\"widget\" data-widget_type=\"image.default\">\n\t\t\t\t<div class=\"elementor-widget-container\">\n\t\t\t\t\t\t\t\t\t\t\t\t\t\t\t<img decoding=\"async\" width=\"485\" height=\"536\" src=\"https:\/\/zerust.se\/wp-content\/uploads\/2023\/05\/iso-1-e1685355436520.png\" class=\"attachment-large size-large wp-image-1332\" alt=\"\" \/>\t\t\t\t\t\t\t\t\t\t\t\t\t\t\t<\/div>\n\t\t\t\t<\/div>\n\t\t\t\t<\/div>\n\t\t\t\t\t<\/div>\n\t\t\t\t<\/div>\n\t\t\t\t<\/div>\n\t\t","protected":false},"excerpt":{"rendered":"<p>Zerust AB Zerust AB producerer og s\u00e6lger VCI materialer til de nordiske markeder: Sverige, Danmark og Norge. Partner i l\u00f8sning af korrosionsproblemer Zerust AB har v\u00e6ret p\u00e5 det svenske, danske og norske marked siden 1991. Lige siden da har Zerust samlet en omfattende database med feltstudier med applikationserfaring i forhold til korrosionsbeskyttelse hos kunden. Vores [&hellip;]<\/p>\n","protected":false},"author":1,"featured_media":0,"parent":0,"menu_order":0,"comment_status":"closed","ping_status":"closed","template":"","meta":{"_acf_changed":false,"footnotes":""},"class_list":["post-1699","page","type-page","status-publish","hentry"],"acf":[],"yoast_head":"<!-- This site is optimized with the Yoast SEO plugin v27.4 - https:\/\/yoast.com\/product\/yoast-seo-wordpress\/ -->\n<title>Om Zerust - Zerust<\/title>\n<meta name=\"robots\" content=\"index, follow, max-snippet:-1, max-image-preview:large, max-video-preview:-1\" \/>\n<link rel=\"canonical\" href=\"https:\/\/zerust.se\/da\/om-zerust\/\" \/>\n<meta property=\"og:locale\" content=\"da_DK\" \/>\n<meta property=\"og:type\" content=\"article\" \/>\n<meta property=\"og:title\" content=\"Om Zerust - Zerust\" \/>\n<meta property=\"og:description\" content=\"Zerust AB Zerust AB producerer og s\u00e6lger VCI materialer til de nordiske markeder: Sverige, Danmark og Norge. Partner i l\u00f8sning af korrosionsproblemer Zerust AB har v\u00e6ret p\u00e5 det svenske, danske og norske marked siden 1991. Lige siden da har Zerust samlet en omfattende database med feltstudier med applikationserfaring i forhold til korrosionsbeskyttelse hos kunden. Vores [&hellip;]\" \/>\n<meta property=\"og:url\" content=\"https:\/\/zerust.se\/da\/om-zerust\/\" \/>\n<meta property=\"og:site_name\" content=\"Zerust\" \/>\n<meta property=\"article:modified_time\" content=\"2024-09-23T13:02:56+00:00\" \/>\n<meta property=\"og:image\" content=\"https:\/\/zerust.se\/wp-content\/uploads\/2023\/05\/service-bg.png-1022x1024.jpg\" \/>\n<meta name=\"twitter:card\" content=\"summary_large_image\" \/>\n<meta name=\"twitter:label1\" content=\"Estimeret l\u00e6setid\" \/>\n\t<meta name=\"twitter:data1\" content=\"1 minut\" \/>\n<script type=\"application\/ld+json\" class=\"yoast-schema-graph\">{\"@context\":\"https:\\\/\\\/schema.org\",\"@graph\":[{\"@type\":\"WebPage\",\"@id\":\"https:\\\/\\\/zerust.se\\\/da\\\/om-zerust\\\/\",\"url\":\"https:\\\/\\\/zerust.se\\\/da\\\/om-zerust\\\/\",\"name\":\"Om Zerust - Zerust\",\"isPartOf\":{\"@id\":\"https:\\\/\\\/zerust.se\\\/da\\\/#website\"},\"primaryImageOfPage\":{\"@id\":\"https:\\\/\\\/zerust.se\\\/da\\\/om-zerust\\\/#primaryimage\"},\"image\":{\"@id\":\"https:\\\/\\\/zerust.se\\\/da\\\/om-zerust\\\/#primaryimage\"},\"thumbnailUrl\":\"https:\\\/\\\/zerust.se\\\/wp-content\\\/uploads\\\/2023\\\/05\\\/service-bg.png-1022x1024.jpg\",\"datePublished\":\"2023-05-22T11:57:08+00:00\",\"dateModified\":\"2024-09-23T13:02:56+00:00\",\"breadcrumb\":{\"@id\":\"https:\\\/\\\/zerust.se\\\/da\\\/om-zerust\\\/#breadcrumb\"},\"inLanguage\":\"da-DK\",\"potentialAction\":[{\"@type\":\"ReadAction\",\"target\":[\"https:\\\/\\\/zerust.se\\\/da\\\/om-zerust\\\/\"]}]},{\"@type\":\"ImageObject\",\"inLanguage\":\"da-DK\",\"@id\":\"https:\\\/\\\/zerust.se\\\/da\\\/om-zerust\\\/#primaryimage\",\"url\":\"https:\\\/\\\/zerust.se\\\/wp-content\\\/uploads\\\/2023\\\/05\\\/service-bg.png-1022x1024.jpg\",\"contentUrl\":\"https:\\\/\\\/zerust.se\\\/wp-content\\\/uploads\\\/2023\\\/05\\\/service-bg.png-1022x1024.jpg\"},{\"@type\":\"BreadcrumbList\",\"@id\":\"https:\\\/\\\/zerust.se\\\/da\\\/om-zerust\\\/#breadcrumb\",\"itemListElement\":[{\"@type\":\"ListItem\",\"position\":1,\"name\":\"Hem\",\"item\":\"https:\\\/\\\/zerust.se\\\/da\\\/\"},{\"@type\":\"ListItem\",\"position\":2,\"name\":\"Om Zerust\"}]},{\"@type\":\"WebSite\",\"@id\":\"https:\\\/\\\/zerust.se\\\/da\\\/#website\",\"url\":\"https:\\\/\\\/zerust.se\\\/da\\\/\",\"name\":\"Zerust\",\"description\":\"Korrosionsbeskyttelsesprodukter\",\"potentialAction\":[{\"@type\":\"SearchAction\",\"target\":{\"@type\":\"EntryPoint\",\"urlTemplate\":\"https:\\\/\\\/zerust.se\\\/da\\\/?s={search_term_string}\"},\"query-input\":{\"@type\":\"PropertyValueSpecification\",\"valueRequired\":true,\"valueName\":\"search_term_string\"}}],\"inLanguage\":\"da-DK\"}]}<\/script>\n<!-- \/ Yoast SEO plugin. -->","yoast_head_json":{"title":"Om Zerust - Zerust","robots":{"index":"index","follow":"follow","max-snippet":"max-snippet:-1","max-image-preview":"max-image-preview:large","max-video-preview":"max-video-preview:-1"},"canonical":"https:\/\/zerust.se\/da\/om-zerust\/","og_locale":"da_DK","og_type":"article","og_title":"Om Zerust - Zerust","og_description":"Zerust AB Zerust AB producerer og s\u00e6lger VCI materialer til de nordiske markeder: Sverige, Danmark og Norge. Partner i l\u00f8sning af korrosionsproblemer Zerust AB har v\u00e6ret p\u00e5 det svenske, danske og norske marked siden 1991. Lige siden da har Zerust samlet en omfattende database med feltstudier med applikationserfaring i forhold til korrosionsbeskyttelse hos kunden. Vores [&hellip;]","og_url":"https:\/\/zerust.se\/da\/om-zerust\/","og_site_name":"Zerust","article_modified_time":"2024-09-23T13:02:56+00:00","og_image":[{"url":"https:\/\/zerust.se\/wp-content\/uploads\/2023\/05\/service-bg.png-1022x1024.jpg","type":"","width":"","height":""}],"twitter_card":"summary_large_image","twitter_misc":{"Estimeret l\u00e6setid":"1 minut"},"schema":{"@context":"https:\/\/schema.org","@graph":[{"@type":"WebPage","@id":"https:\/\/zerust.se\/da\/om-zerust\/","url":"https:\/\/zerust.se\/da\/om-zerust\/","name":"Om Zerust - Zerust","isPartOf":{"@id":"https:\/\/zerust.se\/da\/#website"},"primaryImageOfPage":{"@id":"https:\/\/zerust.se\/da\/om-zerust\/#primaryimage"},"image":{"@id":"https:\/\/zerust.se\/da\/om-zerust\/#primaryimage"},"thumbnailUrl":"https:\/\/zerust.se\/wp-content\/uploads\/2023\/05\/service-bg.png-1022x1024.jpg","datePublished":"2023-05-22T11:57:08+00:00","dateModified":"2024-09-23T13:02:56+00:00","breadcrumb":{"@id":"https:\/\/zerust.se\/da\/om-zerust\/#breadcrumb"},"inLanguage":"da-DK","potentialAction":[{"@type":"ReadAction","target":["https:\/\/zerust.se\/da\/om-zerust\/"]}]},{"@type":"ImageObject","inLanguage":"da-DK","@id":"https:\/\/zerust.se\/da\/om-zerust\/#primaryimage","url":"https:\/\/zerust.se\/wp-content\/uploads\/2023\/05\/service-bg.png-1022x1024.jpg","contentUrl":"https:\/\/zerust.se\/wp-content\/uploads\/2023\/05\/service-bg.png-1022x1024.jpg"},{"@type":"BreadcrumbList","@id":"https:\/\/zerust.se\/da\/om-zerust\/#breadcrumb","itemListElement":[{"@type":"ListItem","position":1,"name":"Hem","item":"https:\/\/zerust.se\/da\/"},{"@type":"ListItem","position":2,"name":"Om Zerust"}]},{"@type":"WebSite","@id":"https:\/\/zerust.se\/da\/#website","url":"https:\/\/zerust.se\/da\/","name":"Zerust","description":"Korrosionsbeskyttelsesprodukter","potentialAction":[{"@type":"SearchAction","target":{"@type":"EntryPoint","urlTemplate":"https:\/\/zerust.se\/da\/?s={search_term_string}"},"query-input":{"@type":"PropertyValueSpecification","valueRequired":true,"valueName":"search_term_string"}}],"inLanguage":"da-DK"}]}},"_links":{"self":[{"href":"https:\/\/zerust.se\/da\/wp-json\/wp\/v2\/pages\/1699","targetHints":{"allow":["GET"]}}],"collection":[{"href":"https:\/\/zerust.se\/da\/wp-json\/wp\/v2\/pages"}],"about":[{"href":"https:\/\/zerust.se\/da\/wp-json\/wp\/v2\/types\/page"}],"author":[{"embeddable":true,"href":"https:\/\/zerust.se\/da\/wp-json\/wp\/v2\/users\/1"}],"replies":[{"embeddable":true,"href":"https:\/\/zerust.se\/da\/wp-json\/wp\/v2\/comments?post=1699"}],"version-history":[{"count":5,"href":"https:\/\/zerust.se\/da\/wp-json\/wp\/v2\/pages\/1699\/revisions"}],"predecessor-version":[{"id":3059,"href":"https:\/\/zerust.se\/da\/wp-json\/wp\/v2\/pages\/1699\/revisions\/3059"}],"wp:attachment":[{"href":"https:\/\/zerust.se\/da\/wp-json\/wp\/v2\/media?parent=1699"}],"curies":[{"name":"wp","href":"https:\/\/api.w.org\/{rel}","templated":true}]}}